{"id":6665,"date":"2024-04-10T11:40:50","date_gmt":"2024-04-10T09:40:50","guid":{"rendered":"https:\/\/locsshop.eu\/?post_type=product&#038;p=6665"},"modified":"2025-05-19T19:56:02","modified_gmt":"2025-05-19T17:56:02","slug":"blacktone-boernesolbriller-moerkegraa-og-sort","status":"publish","type":"product","link":"https:\/\/locsshop.eu\/pl\/shop\/blacktone-boernesolbriller-moerkegraa-og-sort\/","title":{"rendered":"Dzieci\u0119ce okulary przeciws\u0142oneczne Blacktone \u2013 ciemnoszare i czarne"},"content":{"rendered":"<h2>Fajne dzieci\u0119ce okulary przeciws\u0142oneczne z czarnym i ciemnoszarym przodem oraz ciemnoszarymi zausznikami<\/h2>\n<p>Te okulary przeciws\u0142oneczne dla dzieci s\u0105 przewa\u017cnie ciemnoszare, ale maj\u0105 przyciemniane boki<br \/>\nSuper fajne okulary przeciws\u0142oneczne, kt\u00f3re zapewniaj\u0105 dziecku dobr\u0105 ochron\u0119 w letnim s\u0142o\u0144cu dzi\u0119ki filtrowi UV.<\/p>\n<p>Szeroko\u015b\u0107 wewn\u0119trzna: 11,5 cm.<br \/>\nPowierzchnia: matowa<br \/>\nMateria\u0142: tworzywo sztuczne;<br \/>\nOchrona UV400<br \/>\nCertyfikat CE<\/p>","protected":false},"excerpt":{"rendered":"<p><strong>Fajne ciemnoszare i czarne okulary przeciws\u0142oneczne dla dzieci<br \/>\n<\/strong><br \/>\nOchrona UV400<\/p>\n<p>Znak CE<\/p>","protected":false},"featured_media":11205,"comment_status":"open","ping_status":"closed","template":"","meta":{"om_disable_all_campaigns":false,"_monsterinsights_skip_tracking":false,"_monsterinsights_sitenote_active":false,"_monsterinsights_sitenote_note":"","_monsterinsights_sitenote_category":0},"product_brand":[],"product_cat":[1043,1044,1025],"product_tag":[475,846,870,744],"class_list":{"0":"post-6665","1":"product","2":"type-product","3":"status-publish","4":"has-post-thumbnail","6":"product_cat-boerne-solbriller","7":"product_cat-alle-andre-boerne-solbriller","8":"product_cat-billige-solbriller","9":"product_tag-graa","10":"product_tag-k936","11":"product_tag-p693","12":"product_tag-s489","14":"first","15":"instock","16":"shipping-taxable","17":"purchasable","18":"product-type-simple"},"yoast_head":"<!-- This site is optimized with the Yoast SEO plugin v27.2 - https:\/\/yoast.com\/product\/yoast-seo-wordpress\/ -->\n<title>Blacktone b\u00f8rnesolbriller - M\u00f8rkegr\u00e5 og sort | K\u00f8b online her | LOCS<\/title>\n<meta name=\"description\" content=\"K\u00f8b Blacktone b\u00f8rnesolbriller - M\u00f8rkegr\u00e5 og sort her | EU&#039;s st\u00f8rste udvalg af LOCS solbriller | Vi sender fra EU - Ingen ekstra import udgifter\" \/>\n<meta name=\"robots\" content=\"index, follow, max-snippet:-1, max-image-preview:large, max-video-preview:-1\" \/>\n<link rel=\"canonical\" href=\"https:\/\/locsshop.eu\/pl\/shop\/blacktone-boernesolbriller-moerkegraa-og-sort\/\" \/>\n<meta property=\"og:locale\" content=\"pl_PL\" \/>\n<meta property=\"og:type\" content=\"article\" \/>\n<meta property=\"og:title\" content=\"Blacktone b\u00f8rnesolbriller - M\u00f8rkegr\u00e5 og sort | K\u00f8b online her | LOCS\" \/>\n<meta property=\"og:description\" content=\"K\u00f8b Blacktone b\u00f8rnesolbriller - M\u00f8rkegr\u00e5 og sort her | EU&#039;s st\u00f8rste udvalg af LOCS solbriller | Vi sender fra EU - Ingen ekstra import udgifter\" \/>\n<meta property=\"og:url\" content=\"https:\/\/locsshop.eu\/pl\/shop\/blacktone-boernesolbriller-moerkegraa-og-sort\/\" \/>\n<meta property=\"og:site_name\" content=\"Locs Sunglasses - LOCS Supplier in EU\" \/>\n<meta property=\"article:modified_time\" content=\"2025-05-19T17:56:02+00:00\" \/>\n<meta property=\"og:image\" content=\"https:\/\/locsshop.eu\/wp-content\/uploads\/2023\/09\/K936BK-1.jpg\" \/>\n\t<meta property=\"og:image:width\" content=\"800\" \/>\n\t<meta property=\"og:image:height\" content=\"800\" \/>\n\t<meta property=\"og:image:type\" content=\"image\/jpeg\" \/>\n<meta name=\"twitter:card\" content=\"summary_large_image\" \/>\n<script type=\"application\/ld+json\" class=\"yoast-schema-graph\">{\"@context\":\"https:\/\/schema.org\",\"@graph\":[{\"@type\":\"WebPage\",\"@id\":\"https:\/\/locsshop.eu\/shop\/blacktone-boernesolbriller-moerkegraa-og-sort\/\",\"url\":\"https:\/\/locsshop.eu\/shop\/blacktone-boernesolbriller-moerkegraa-og-sort\/\",\"name\":\"Blacktone b\u00f8rnesolbriller - M\u00f8rkegr\u00e5 og sort | K\u00f8b online her | LOCS\",\"isPartOf\":{\"@id\":\"https:\/\/locsshop.eu\/#website\"},\"primaryImageOfPage\":{\"@id\":\"https:\/\/locsshop.eu\/shop\/blacktone-boernesolbriller-moerkegraa-og-sort\/#primaryimage\"},\"image\":{\"@id\":\"https:\/\/locsshop.eu\/shop\/blacktone-boernesolbriller-moerkegraa-og-sort\/#primaryimage\"},\"thumbnailUrl\":\"https:\/\/locsshop.eu\/wp-content\/uploads\/2023\/09\/K936BK-1.jpg\",\"datePublished\":\"2024-04-10T09:40:50+00:00\",\"dateModified\":\"2025-05-19T17:56:02+00:00\",\"description\":\"K\u00f8b Blacktone b\u00f8rnesolbriller - M\u00f8rkegr\u00e5 og sort her | EU's st\u00f8rste udvalg af LOCS solbriller | Vi sender fra EU - Ingen ekstra import udgifter\",\"breadcrumb\":{\"@id\":\"https:\/\/locsshop.eu\/shop\/blacktone-boernesolbriller-moerkegraa-og-sort\/#breadcrumb\"},\"inLanguage\":\"pl-PL\",\"potentialAction\":[{\"@type\":\"ReadAction\",\"target\":[\"https:\/\/locsshop.eu\/shop\/blacktone-boernesolbriller-moerkegraa-og-sort\/\"]}]},{\"@type\":\"ImageObject\",\"inLanguage\":\"pl-PL\",\"@id\":\"https:\/\/locsshop.eu\/shop\/blacktone-boernesolbriller-moerkegraa-og-sort\/#primaryimage\",\"url\":\"https:\/\/locsshop.eu\/wp-content\/uploads\/2023\/09\/K936BK-1.jpg\",\"contentUrl\":\"https:\/\/locsshop.eu\/wp-content\/uploads\/2023\/09\/K936BK-1.jpg\",\"width\":800,\"height\":800},{\"@type\":\"BreadcrumbList\",\"@id\":\"https:\/\/locsshop.eu\/shop\/blacktone-boernesolbriller-moerkegraa-og-sort\/#breadcrumb\",\"itemListElement\":[{\"@type\":\"ListItem\",\"position\":1,\"name\":\"Hjem\",\"item\":\"https:\/\/locsshop.eu\/\"},{\"@type\":\"ListItem\",\"position\":2,\"name\":\"Shop\",\"item\":\"https:\/\/locsshop.eu\/shop\/\"},{\"@type\":\"ListItem\",\"position\":3,\"name\":\"Blacktone b\u00f8rnesolbriller &#8211; M\u00f8rkegr\u00e5 og sort\"}]},{\"@type\":\"WebSite\",\"@id\":\"https:\/\/locsshop.eu\/#website\",\"url\":\"https:\/\/locsshop.eu\/\",\"name\":\"Locs Sunglasses - LOCS Supplier in EU\",\"description\":\"We sell cheap LOCS Sunglasses\",\"publisher\":{\"@id\":\"https:\/\/locsshop.eu\/#organization\"},\"potentialAction\":[{\"@type\":\"SearchAction\",\"target\":{\"@type\":\"EntryPoint\",\"urlTemplate\":\"https:\/\/locsshop.eu\/?s={search_term_string}\"},\"query-input\":{\"@type\":\"PropertyValueSpecification\",\"valueRequired\":true,\"valueName\":\"search_term_string\"}}],\"inLanguage\":\"pl-PL\"},{\"@type\":\"Organization\",\"@id\":\"https:\/\/locsshop.eu\/#organization\",\"name\":\"Locsshop.eu\",\"url\":\"https:\/\/locsshop.eu\/\",\"logo\":{\"@type\":\"ImageObject\",\"inLanguage\":\"pl-PL\",\"@id\":\"https:\/\/locsshop.eu\/#\/schema\/logo\/image\/\",\"url\":\"https:\/\/locsshop.eu\/wp-content\/uploads\/2022\/02\/Locsshop-logo.png\",\"contentUrl\":\"https:\/\/locsshop.eu\/wp-content\/uploads\/2022\/02\/Locsshop-logo.png\",\"width\":930,\"height\":200,\"caption\":\"Locsshop.eu\"},\"image\":{\"@id\":\"https:\/\/locsshop.eu\/#\/schema\/logo\/image\/\"}}]}<\/script>\n<!-- \/ Yoast SEO plugin. -->","yoast_head_json":{"title":"Dzieci\u0119ce okulary przeciws\u0142oneczne Blacktone - ciemnoszare i czarne | Kup online tutaj | LOKI","description":"Kup okulary przeciws\u0142oneczne dla dzieci Blacktone \u2013 ciemnoszary i czarny tutaj | Najwi\u0119kszy w UE wyb\u00f3r okular\u00f3w przeciws\u0142onecznych LOCS | Wysy\u0142amy z UE - bez dodatkowych koszt\u00f3w importu","robots":{"index":"index","follow":"follow","max-snippet":"max-snippet:-1","max-image-preview":"max-image-preview:large","max-video-preview":"max-video-preview:-1"},"canonical":"https:\/\/locsshop.eu\/pl\/shop\/blacktone-boernesolbriller-moerkegraa-og-sort\/","og_locale":"pl_PL","og_type":"article","og_title":"Blacktone b\u00f8rnesolbriller - M\u00f8rkegr\u00e5 og sort | K\u00f8b online her | LOCS","og_description":"K\u00f8b Blacktone b\u00f8rnesolbriller - M\u00f8rkegr\u00e5 og sort her | EU's st\u00f8rste udvalg af LOCS solbriller | Vi sender fra EU - Ingen ekstra import udgifter","og_url":"https:\/\/locsshop.eu\/pl\/shop\/blacktone-boernesolbriller-moerkegraa-og-sort\/","og_site_name":"Locs Sunglasses - LOCS Supplier in EU","article_modified_time":"2025-05-19T17:56:02+00:00","og_image":[{"width":800,"height":800,"url":"https:\/\/locsshop.eu\/wp-content\/uploads\/2023\/09\/K936BK-1.jpg","type":"image\/jpeg"}],"twitter_card":"summary_large_image","schema":{"@context":"https:\/\/schema.org","@graph":[{"@type":"WebPage","@id":"https:\/\/locsshop.eu\/shop\/blacktone-boernesolbriller-moerkegraa-og-sort\/","url":"https:\/\/locsshop.eu\/shop\/blacktone-boernesolbriller-moerkegraa-og-sort\/","name":"Dzieci\u0119ce okulary przeciws\u0142oneczne Blacktone - ciemnoszare i czarne | Kup online tutaj | LOKI","isPartOf":{"@id":"https:\/\/locsshop.eu\/#website"},"primaryImageOfPage":{"@id":"https:\/\/locsshop.eu\/shop\/blacktone-boernesolbriller-moerkegraa-og-sort\/#primaryimage"},"image":{"@id":"https:\/\/locsshop.eu\/shop\/blacktone-boernesolbriller-moerkegraa-og-sort\/#primaryimage"},"thumbnailUrl":"https:\/\/locsshop.eu\/wp-content\/uploads\/2023\/09\/K936BK-1.jpg","datePublished":"2024-04-10T09:40:50+00:00","dateModified":"2025-05-19T17:56:02+00:00","description":"Kup okulary przeciws\u0142oneczne dla dzieci Blacktone \u2013 ciemnoszary i czarny tutaj | Najwi\u0119kszy w UE wyb\u00f3r okular\u00f3w przeciws\u0142onecznych LOCS | Wysy\u0142amy z UE - bez dodatkowych koszt\u00f3w importu","breadcrumb":{"@id":"https:\/\/locsshop.eu\/shop\/blacktone-boernesolbriller-moerkegraa-og-sort\/#breadcrumb"},"inLanguage":"pl-PL","potentialAction":[{"@type":"ReadAction","target":["https:\/\/locsshop.eu\/shop\/blacktone-boernesolbriller-moerkegraa-og-sort\/"]}]},{"@type":"ImageObject","inLanguage":"pl-PL","@id":"https:\/\/locsshop.eu\/shop\/blacktone-boernesolbriller-moerkegraa-og-sort\/#primaryimage","url":"https:\/\/locsshop.eu\/wp-content\/uploads\/2023\/09\/K936BK-1.jpg","contentUrl":"https:\/\/locsshop.eu\/wp-content\/uploads\/2023\/09\/K936BK-1.jpg","width":800,"height":800},{"@type":"BreadcrumbList","@id":"https:\/\/locsshop.eu\/shop\/blacktone-boernesolbriller-moerkegraa-og-sort\/#breadcrumb","itemListElement":[{"@type":"ListItem","position":1,"name":"Hjem","item":"https:\/\/locsshop.eu\/"},{"@type":"ListItem","position":2,"name":"Shop","item":"https:\/\/locsshop.eu\/shop\/"},{"@type":"ListItem","position":3,"name":"Blacktone b\u00f8rnesolbriller &#8211; M\u00f8rkegr\u00e5 og sort"}]},{"@type":"WebSite","@id":"https:\/\/locsshop.eu\/#website","url":"https:\/\/locsshop.eu\/","name":"Okulary przeciws\u0142oneczne Locs - Dostawca LOCS w UE","description":"Sprzedajemy tanie okulary przeciws\u0142oneczne LOCS","publisher":{"@id":"https:\/\/locsshop.eu\/#organization"},"potentialAction":[{"@type":"SearchAction","target":{"@type":"EntryPoint","urlTemplate":"https:\/\/locsshop.eu\/?s={search_term_string}"},"query-input":{"@type":"PropertyValueSpecification","valueRequired":true,"valueName":"search_term_string"}}],"inLanguage":"pl-PL"},{"@type":"Organization","@id":"https:\/\/locsshop.eu\/#organization","name":"Locsshop.eu","url":"https:\/\/locsshop.eu\/","logo":{"@type":"ImageObject","inLanguage":"pl-PL","@id":"https:\/\/locsshop.eu\/#\/schema\/logo\/image\/","url":"https:\/\/locsshop.eu\/wp-content\/uploads\/2022\/02\/Locsshop-logo.png","contentUrl":"https:\/\/locsshop.eu\/wp-content\/uploads\/2022\/02\/Locsshop-logo.png","width":930,"height":200,"caption":"Locsshop.eu"},"image":{"@id":"https:\/\/locsshop.eu\/#\/schema\/logo\/image\/"}}]}},"_links":{"self":[{"href":"https:\/\/locsshop.eu\/pl\/wp-json\/wp\/v2\/product\/6665","targetHints":{"allow":["GET"]}}],"collection":[{"href":"https:\/\/locsshop.eu\/pl\/wp-json\/wp\/v2\/product"}],"about":[{"href":"https:\/\/locsshop.eu\/pl\/wp-json\/wp\/v2\/types\/product"}],"replies":[{"embeddable":true,"href":"https:\/\/locsshop.eu\/pl\/wp-json\/wp\/v2\/comments?post=6665"}],"wp:featuredmedia":[{"embeddable":true,"href":"https:\/\/locsshop.eu\/pl\/wp-json\/wp\/v2\/media\/11205"}],"wp:attachment":[{"href":"https:\/\/locsshop.eu\/pl\/wp-json\/wp\/v2\/media?parent=6665"}],"wp:term":[{"taxonomy":"product_brand","embeddable":true,"href":"https:\/\/locsshop.eu\/pl\/wp-json\/wp\/v2\/product_brand?post=6665"},{"taxonomy":"product_cat","embeddable":true,"href":"https:\/\/locsshop.eu\/pl\/wp-json\/wp\/v2\/product_cat?post=6665"},{"taxonomy":"product_tag","embeddable":true,"href":"https:\/\/locsshop.eu\/pl\/wp-json\/wp\/v2\/product_tag?post=6665"}],"curies":[{"name":"wp","href":"https:\/\/api.w.org\/{rel}","templated":true}]}}