{"id":7103,"date":"2019-09-16T20:34:46","date_gmt":"2019-09-16T18:34:46","guid":{"rendered":"https:\/\/locsshop.eu\/shop\/dame-solbriller-hjerter-hvid-blaa\/"},"modified":"2024-05-09T13:06:54","modified_gmt":"2024-05-09T11:06:54","slug":"dame-solbriller-med-hjerter-hvid-blaa","status":"publish","type":"product","link":"https:\/\/locsshop.eu\/pl\/shop\/dame-solbriller-med-hjerter-hvid-blaa\/","title":{"rendered":"Damskie Okulary Przeciws\u0142oneczne Z Serduszkami - Bia\u0142e I Niebieskie"},"content":{"rendered":"<h2>Pi\u0119kne okr\u0105g\u0142e damskie okulary przeciws\u0142oneczne z serduszkami.<\/h2>\n<p>Przygotuj si\u0119 na promienie s\u0142oneczne dzi\u0119ki tym pi\u0119knym okularom przeciws\u0142onecznym, kt\u00f3re b\u0119d\u0105 dobrze wygl\u0105da\u0107 na wi\u0119kszo\u015bci os\u00f3b.<br \/>\nOkulary przeciws\u0142oneczne dobrze dopasowuj\u0105 si\u0119 do oczu, poniewa\u017c soczewki zapewniaj\u0105 ochron\u0119 przed promieniowaniem UV.<\/p>\n<p>Certyfikat CE<br \/>\nOchrona UV400<br \/>\nKolor: bia\u0142y i niebieski<br \/>\nMateria\u0142: tworzywo sztuczne;<\/p>","protected":false},"excerpt":{"rendered":"<p>Pi\u0119kne okr\u0105g\u0142e damskie okulary przeciws\u0142oneczne z serduszkami.<br \/>\nKolor: bia\u0142y i niebieski<br \/>\nMateria\u0142: tworzywo sztuczne;<\/p>","protected":false},"featured_media":8424,"comment_status":"closed","ping_status":"closed","template":"","meta":{"om_disable_all_campaigns":false,"_monsterinsights_skip_tracking":false,"_monsterinsights_sitenote_active":false,"_monsterinsights_sitenote_note":"","_monsterinsights_sitenote_category":0},"product_brand":[],"product_cat":[1026,1025,1038],"product_tag":[436,931,870,933],"class_list":{"0":"post-7103","1":"product","2":"type-product","3":"status-publish","4":"has-post-thumbnail","6":"product_cat-dame-solbriller","7":"product_cat-billige-solbriller","8":"product_cat-runde-dame-solbriller","9":"product_tag-dame","10":"product_tag-hjerte","11":"product_tag-p693","12":"product_tag-p771be","14":"first","15":"instock","16":"shipping-taxable","17":"purchasable","18":"product-type-simple"},"yoast_head":"<!-- This site is optimized with the Yoast SEO plugin v27.5 - https:\/\/yoast.com\/product\/yoast-seo-wordpress\/ -->\n<title>Dame Solbriller Med Hjerter - Hvid og Bl\u00e5 | K\u00f8b online her | LOCS<\/title>\n<meta name=\"description\" content=\"K\u00f8b Dame Solbriller Med Hjerter - Hvid og Bl\u00e5 her | EU&#039;s st\u00f8rste udvalg af LOCS solbriller | Vi sender fra EU - Ingen ekstra import udgifter\" \/>\n<meta name=\"robots\" content=\"index, follow, max-snippet:-1, max-image-preview:large, max-video-preview:-1\" \/>\n<link rel=\"canonical\" href=\"https:\/\/locsshop.eu\/pl\/shop\/dame-solbriller-med-hjerter-hvid-blaa\/\" \/>\n<meta property=\"og:locale\" content=\"pl_PL\" \/>\n<meta property=\"og:type\" content=\"article\" \/>\n<meta property=\"og:title\" content=\"Dame Solbriller Med Hjerter - Hvid og Bl\u00e5 | K\u00f8b online her | LOCS\" \/>\n<meta property=\"og:description\" content=\"K\u00f8b Dame Solbriller Med Hjerter - Hvid og Bl\u00e5 her | EU&#039;s st\u00f8rste udvalg af LOCS solbriller | Vi sender fra EU - Ingen ekstra import udgifter\" \/>\n<meta property=\"og:url\" content=\"https:\/\/locsshop.eu\/pl\/shop\/dame-solbriller-med-hjerter-hvid-blaa\/\" \/>\n<meta property=\"og:site_name\" content=\"Locs Sunglasses - LOCS Supplier in EU\" \/>\n<meta property=\"article:modified_time\" content=\"2024-05-09T11:06:54+00:00\" \/>\n<meta property=\"og:image\" content=\"https:\/\/locsshop.eu\/wp-content\/uploads\/2019\/09\/P771-BE-1.jpg\" \/>\n\t<meta property=\"og:image:width\" content=\"800\" \/>\n\t<meta property=\"og:image:height\" content=\"800\" \/>\n\t<meta property=\"og:image:type\" content=\"image\/jpeg\" \/>\n<meta name=\"twitter:card\" content=\"summary_large_image\" \/>\n<script type=\"application\/ld+json\" class=\"yoast-schema-graph\">{\"@context\":\"https:\\\/\\\/schema.org\",\"@graph\":[{\"@type\":\"WebPage\",\"@id\":\"https:\\\/\\\/locsshop.eu\\\/shop\\\/dame-solbriller-med-hjerter-hvid-blaa\\\/\",\"url\":\"https:\\\/\\\/locsshop.eu\\\/shop\\\/dame-solbriller-med-hjerter-hvid-blaa\\\/\",\"name\":\"Dame Solbriller Med Hjerter - Hvid og Bl\u00e5 | K\u00f8b online her | LOCS\",\"isPartOf\":{\"@id\":\"https:\\\/\\\/locsshop.eu\\\/#website\"},\"primaryImageOfPage\":{\"@id\":\"https:\\\/\\\/locsshop.eu\\\/shop\\\/dame-solbriller-med-hjerter-hvid-blaa\\\/#primaryimage\"},\"image\":{\"@id\":\"https:\\\/\\\/locsshop.eu\\\/shop\\\/dame-solbriller-med-hjerter-hvid-blaa\\\/#primaryimage\"},\"thumbnailUrl\":\"https:\\\/\\\/locsshop.eu\\\/wp-content\\\/uploads\\\/2019\\\/09\\\/P771-BE-1.jpg\",\"datePublished\":\"2019-09-16T18:34:46+00:00\",\"dateModified\":\"2024-05-09T11:06:54+00:00\",\"description\":\"K\u00f8b Dame Solbriller Med Hjerter - Hvid og Bl\u00e5 her | EU's st\u00f8rste udvalg af LOCS solbriller | Vi sender fra EU - Ingen ekstra import udgifter\",\"breadcrumb\":{\"@id\":\"https:\\\/\\\/locsshop.eu\\\/shop\\\/dame-solbriller-med-hjerter-hvid-blaa\\\/#breadcrumb\"},\"inLanguage\":\"pl-PL\",\"potentialAction\":[{\"@type\":\"ReadAction\",\"target\":[\"https:\\\/\\\/locsshop.eu\\\/shop\\\/dame-solbriller-med-hjerter-hvid-blaa\\\/\"]}]},{\"@type\":\"ImageObject\",\"inLanguage\":\"pl-PL\",\"@id\":\"https:\\\/\\\/locsshop.eu\\\/shop\\\/dame-solbriller-med-hjerter-hvid-blaa\\\/#primaryimage\",\"url\":\"https:\\\/\\\/locsshop.eu\\\/wp-content\\\/uploads\\\/2019\\\/09\\\/P771-BE-1.jpg\",\"contentUrl\":\"https:\\\/\\\/locsshop.eu\\\/wp-content\\\/uploads\\\/2019\\\/09\\\/P771-BE-1.jpg\",\"width\":800,\"height\":800},{\"@type\":\"BreadcrumbList\",\"@id\":\"https:\\\/\\\/locsshop.eu\\\/shop\\\/dame-solbriller-med-hjerter-hvid-blaa\\\/#breadcrumb\",\"itemListElement\":[{\"@type\":\"ListItem\",\"position\":1,\"name\":\"Hjem\",\"item\":\"https:\\\/\\\/locsshop.eu\\\/\"},{\"@type\":\"ListItem\",\"position\":2,\"name\":\"Shop\",\"item\":\"https:\\\/\\\/locsshop.eu\\\/shop\\\/\"},{\"@type\":\"ListItem\",\"position\":3,\"name\":\"Dame Solbriller Med Hjerter &#8211; Hvid og Bl\u00e5\"}]},{\"@type\":\"WebSite\",\"@id\":\"https:\\\/\\\/locsshop.eu\\\/#website\",\"url\":\"https:\\\/\\\/locsshop.eu\\\/\",\"name\":\"Locs Sunglasses - LOCS Supplier in EU\",\"description\":\"We sell cheap LOCS Sunglasses\",\"publisher\":{\"@id\":\"https:\\\/\\\/locsshop.eu\\\/#organization\"},\"potentialAction\":[{\"@type\":\"SearchAction\",\"target\":{\"@type\":\"EntryPoint\",\"urlTemplate\":\"https:\\\/\\\/locsshop.eu\\\/?s={search_term_string}\"},\"query-input\":{\"@type\":\"PropertyValueSpecification\",\"valueRequired\":true,\"valueName\":\"search_term_string\"}}],\"inLanguage\":\"pl-PL\"},{\"@type\":\"Organization\",\"@id\":\"https:\\\/\\\/locsshop.eu\\\/#organization\",\"name\":\"Locsshop.eu\",\"url\":\"https:\\\/\\\/locsshop.eu\\\/\",\"logo\":{\"@type\":\"ImageObject\",\"inLanguage\":\"pl-PL\",\"@id\":\"https:\\\/\\\/locsshop.eu\\\/#\\\/schema\\\/logo\\\/image\\\/\",\"url\":\"https:\\\/\\\/locsshop.eu\\\/wp-content\\\/uploads\\\/2022\\\/02\\\/Locsshop-logo.png\",\"contentUrl\":\"https:\\\/\\\/locsshop.eu\\\/wp-content\\\/uploads\\\/2022\\\/02\\\/Locsshop-logo.png\",\"width\":930,\"height\":200,\"caption\":\"Locsshop.eu\"},\"image\":{\"@id\":\"https:\\\/\\\/locsshop.eu\\\/#\\\/schema\\\/logo\\\/image\\\/\"}}]}<\/script>\n<!-- \/ Yoast SEO plugin. -->","yoast_head_json":{"title":"Damskie Okulary Przeciws\u0142oneczne Z Sercami - Bia\u0142y i Niebieski | Kup online tutaj | MIEJSCE","description":"Kup damskie okulary przeciws\u0142oneczne z serduszkami - bia\u0142o-niebieskie tutaj | Najwi\u0119kszy wyb\u00f3r okular\u00f3w przeciws\u0142onecznych LOCS w UE | Wysy\u0142amy z UE - Bez dodatkowych koszt\u00f3w importu","robots":{"index":"index","follow":"follow","max-snippet":"max-snippet:-1","max-image-preview":"max-image-preview:large","max-video-preview":"max-video-preview:-1"},"canonical":"https:\/\/locsshop.eu\/pl\/shop\/dame-solbriller-med-hjerter-hvid-blaa\/","og_locale":"pl_PL","og_type":"article","og_title":"Dame Solbriller Med Hjerter - Hvid og Bl\u00e5 | K\u00f8b online her | LOCS","og_description":"K\u00f8b Dame Solbriller Med Hjerter - Hvid og Bl\u00e5 her | EU's st\u00f8rste udvalg af LOCS solbriller | Vi sender fra EU - Ingen ekstra import udgifter","og_url":"https:\/\/locsshop.eu\/pl\/shop\/dame-solbriller-med-hjerter-hvid-blaa\/","og_site_name":"Locs Sunglasses - LOCS Supplier in EU","article_modified_time":"2024-05-09T11:06:54+00:00","og_image":[{"width":800,"height":800,"url":"https:\/\/locsshop.eu\/wp-content\/uploads\/2019\/09\/P771-BE-1.jpg","type":"image\/jpeg"}],"twitter_card":"summary_large_image","schema":{"@context":"https:\/\/schema.org","@graph":[{"@type":"WebPage","@id":"https:\/\/locsshop.eu\/shop\/dame-solbriller-med-hjerter-hvid-blaa\/","url":"https:\/\/locsshop.eu\/shop\/dame-solbriller-med-hjerter-hvid-blaa\/","name":"Damskie Okulary Przeciws\u0142oneczne Z Sercami - Bia\u0142y i Niebieski | Kup online tutaj | MIEJSCE","isPartOf":{"@id":"https:\/\/locsshop.eu\/#website"},"primaryImageOfPage":{"@id":"https:\/\/locsshop.eu\/shop\/dame-solbriller-med-hjerter-hvid-blaa\/#primaryimage"},"image":{"@id":"https:\/\/locsshop.eu\/shop\/dame-solbriller-med-hjerter-hvid-blaa\/#primaryimage"},"thumbnailUrl":"https:\/\/locsshop.eu\/wp-content\/uploads\/2019\/09\/P771-BE-1.jpg","datePublished":"2019-09-16T18:34:46+00:00","dateModified":"2024-05-09T11:06:54+00:00","description":"Kup damskie okulary przeciws\u0142oneczne z serduszkami - bia\u0142o-niebieskie tutaj | Najwi\u0119kszy wyb\u00f3r okular\u00f3w przeciws\u0142onecznych LOCS w UE | Wysy\u0142amy z UE - Bez dodatkowych koszt\u00f3w importu","breadcrumb":{"@id":"https:\/\/locsshop.eu\/shop\/dame-solbriller-med-hjerter-hvid-blaa\/#breadcrumb"},"inLanguage":"pl-PL","potentialAction":[{"@type":"ReadAction","target":["https:\/\/locsshop.eu\/shop\/dame-solbriller-med-hjerter-hvid-blaa\/"]}]},{"@type":"ImageObject","inLanguage":"pl-PL","@id":"https:\/\/locsshop.eu\/shop\/dame-solbriller-med-hjerter-hvid-blaa\/#primaryimage","url":"https:\/\/locsshop.eu\/wp-content\/uploads\/2019\/09\/P771-BE-1.jpg","contentUrl":"https:\/\/locsshop.eu\/wp-content\/uploads\/2019\/09\/P771-BE-1.jpg","width":800,"height":800},{"@type":"BreadcrumbList","@id":"https:\/\/locsshop.eu\/shop\/dame-solbriller-med-hjerter-hvid-blaa\/#breadcrumb","itemListElement":[{"@type":"ListItem","position":1,"name":"Hjem","item":"https:\/\/locsshop.eu\/"},{"@type":"ListItem","position":2,"name":"Shop","item":"https:\/\/locsshop.eu\/shop\/"},{"@type":"ListItem","position":3,"name":"Dame Solbriller Med Hjerter &#8211; Hvid og Bl\u00e5"}]},{"@type":"WebSite","@id":"https:\/\/locsshop.eu\/#website","url":"https:\/\/locsshop.eu\/","name":"Okulary przeciws\u0142oneczne Locs - Dostawca LOCS w UE","description":"Sprzedajemy tanie okulary przeciws\u0142oneczne LOCS","publisher":{"@id":"https:\/\/locsshop.eu\/#organization"},"potentialAction":[{"@type":"SearchAction","target":{"@type":"EntryPoint","urlTemplate":"https:\/\/locsshop.eu\/?s={search_term_string}"},"query-input":{"@type":"PropertyValueSpecification","valueRequired":true,"valueName":"search_term_string"}}],"inLanguage":"pl-PL"},{"@type":"Organization","@id":"https:\/\/locsshop.eu\/#organization","name":"Locsshop.eu","url":"https:\/\/locsshop.eu\/","logo":{"@type":"ImageObject","inLanguage":"pl-PL","@id":"https:\/\/locsshop.eu\/#\/schema\/logo\/image\/","url":"https:\/\/locsshop.eu\/wp-content\/uploads\/2022\/02\/Locsshop-logo.png","contentUrl":"https:\/\/locsshop.eu\/wp-content\/uploads\/2022\/02\/Locsshop-logo.png","width":930,"height":200,"caption":"Locsshop.eu"},"image":{"@id":"https:\/\/locsshop.eu\/#\/schema\/logo\/image\/"}}]}},"_links":{"self":[{"href":"https:\/\/locsshop.eu\/pl\/wp-json\/wp\/v2\/product\/7103","targetHints":{"allow":["GET"]}}],"collection":[{"href":"https:\/\/locsshop.eu\/pl\/wp-json\/wp\/v2\/product"}],"about":[{"href":"https:\/\/locsshop.eu\/pl\/wp-json\/wp\/v2\/types\/product"}],"replies":[{"embeddable":true,"href":"https:\/\/locsshop.eu\/pl\/wp-json\/wp\/v2\/comments?post=7103"}],"wp:featuredmedia":[{"embeddable":true,"href":"https:\/\/locsshop.eu\/pl\/wp-json\/wp\/v2\/media\/8424"}],"wp:attachment":[{"href":"https:\/\/locsshop.eu\/pl\/wp-json\/wp\/v2\/media?parent=7103"}],"wp:term":[{"taxonomy":"product_brand","embeddable":true,"href":"https:\/\/locsshop.eu\/pl\/wp-json\/wp\/v2\/product_brand?post=7103"},{"taxonomy":"product_cat","embeddable":true,"href":"https:\/\/locsshop.eu\/pl\/wp-json\/wp\/v2\/product_cat?post=7103"},{"taxonomy":"product_tag","embeddable":true,"href":"https:\/\/locsshop.eu\/pl\/wp-json\/wp\/v2\/product_tag?post=7103"}],"curies":[{"name":"wp","href":"https:\/\/api.w.org\/{rel}","templated":true}]}}