{"id":8643,"date":"2022-06-22T20:46:26","date_gmt":"2022-06-22T18:46:26","guid":{"rendered":"https:\/\/locsshop.eu\/shop\/aviator-style-flower-solbriller-brune-glas\/"},"modified":"2024-05-09T13:13:34","modified_gmt":"2024-05-09T11:13:34","slug":"aviator-style-flower-solbriller-brune-glas","status":"publish","type":"product","link":"https:\/\/locsshop.eu\/pl\/shop\/aviator-style-flower-solbriller-brune-glas\/","title":{"rendered":"Okulary przeciws\u0142oneczne w stylu Aviator - br\u0105zowe soczewki"},"content":{"rendered":"<h2>Pi\u0119kne okulary przeciws\u0142oneczne w stylu aviator z pi\u0119knymi \u0142odygami kwiat\u00f3w<\/h2>\n<p>Je\u015bli podoba Ci si\u0119 model Aviator oraz z\u0142oto i kwiaty, to jest to co\u015b w sam raz dla Ciebie.<br \/>\nNa s\u0142upach znajduj\u0105 si\u0119 pi\u0119kne kwiaty, a rama wykonana jest w pi\u0119knym z\u0142otym kolorze.<\/p>\n<p>Szeroko\u015b\u0107: 14 cm.<br \/>\nWysoko\u015b\u0107: 5,3 cm.<br \/>\nD\u0142ugo\u015b\u0107 pr\u0119ta: 13,6 cm.<br \/>\nMateria\u0142: metal;<br \/>\nOchrona UV400<br \/>\nCertyfikat CE<\/p>","protected":false},"excerpt":{"rendered":"<p><strong>Okulary przeciws\u0142oneczne w stylu pilotki ze z\u0142otymi lustrzanymi soczewkami<\/strong><br \/>\nDla m\u0119\u017cczyzn i kobiet<\/p>\n<p>Metalowa rama<br \/>\nCertyfikat CE<br \/>\nOchrona UV400<\/p>","protected":false},"featured_media":8644,"comment_status":"open","ping_status":"closed","template":"","meta":{"om_disable_all_campaigns":false,"_monsterinsights_skip_tracking":false,"_monsterinsights_sitenote_active":false,"_monsterinsights_sitenote_note":"","_monsterinsights_sitenote_category":0},"product_brand":[],"product_cat":[1026,1029,1027,1030,1025],"product_tag":[914,491,777,870,763,1064],"class_list":{"0":"post-8643","1":"product","2":"type-product","3":"status-publish","4":"has-post-thumbnail","6":"product_cat-dame-solbriller","7":"product_cat-herre-solbriller","8":"product_cat-andre-dame-solbriller","9":"product_cat-aviator","10":"product_cat-billige-solbriller","11":"product_tag-blomster","12":"product_tag-brun","13":"product_tag-dkny","14":"product_tag-p693","15":"product_tag-ralph","16":"product_tag-s2527","18":"first","19":"instock","20":"shipping-taxable","21":"purchasable","22":"product-type-simple"},"yoast_head":"<!-- This site is optimized with the Yoast SEO plugin v27.2 - https:\/\/yoast.com\/product\/yoast-seo-wordpress\/ -->\n<title>Aviator style flower solbriller - brune glas | K\u00f8b online her | LOCS<\/title>\n<meta name=\"description\" content=\"K\u00f8b Aviator style flower solbriller - brune glas her | EU&#039;s st\u00f8rste udvalg af LOCS solbriller | Vi sender fra EU - Ingen ekstra import udgifter\" \/>\n<meta name=\"robots\" content=\"index, follow, max-snippet:-1, max-image-preview:large, max-video-preview:-1\" \/>\n<link rel=\"canonical\" href=\"https:\/\/locsshop.eu\/pl\/shop\/aviator-style-flower-solbriller-brune-glas\/\" \/>\n<meta property=\"og:locale\" content=\"pl_PL\" \/>\n<meta property=\"og:type\" content=\"article\" \/>\n<meta property=\"og:title\" content=\"Aviator style flower solbriller - brune glas | K\u00f8b online her | LOCS\" \/>\n<meta property=\"og:description\" content=\"K\u00f8b Aviator style flower solbriller - brune glas her | EU&#039;s st\u00f8rste udvalg af LOCS solbriller | Vi sender fra EU - Ingen ekstra import udgifter\" \/>\n<meta property=\"og:url\" content=\"https:\/\/locsshop.eu\/pl\/shop\/aviator-style-flower-solbriller-brune-glas\/\" \/>\n<meta property=\"og:site_name\" content=\"Locs Sunglasses - LOCS Supplier in EU\" \/>\n<meta property=\"article:modified_time\" content=\"2024-05-09T11:13:34+00:00\" \/>\n<meta property=\"og:image\" content=\"https:\/\/locsshop.eu\/wp-content\/uploads\/2022\/06\/2527_b.jpg\" \/>\n\t<meta property=\"og:image:width\" content=\"800\" \/>\n\t<meta property=\"og:image:height\" content=\"800\" \/>\n\t<meta property=\"og:image:type\" content=\"image\/jpeg\" \/>\n<meta name=\"twitter:card\" content=\"summary_large_image\" \/>\n<script type=\"application\/ld+json\" class=\"yoast-schema-graph\">{\"@context\":\"https:\/\/schema.org\",\"@graph\":[{\"@type\":\"WebPage\",\"@id\":\"https:\/\/locsshop.eu\/shop\/aviator-style-flower-solbriller-brune-glas\/\",\"url\":\"https:\/\/locsshop.eu\/shop\/aviator-style-flower-solbriller-brune-glas\/\",\"name\":\"Aviator style flower solbriller - brune glas | K\u00f8b online her | LOCS\",\"isPartOf\":{\"@id\":\"https:\/\/locsshop.eu\/#website\"},\"primaryImageOfPage\":{\"@id\":\"https:\/\/locsshop.eu\/shop\/aviator-style-flower-solbriller-brune-glas\/#primaryimage\"},\"image\":{\"@id\":\"https:\/\/locsshop.eu\/shop\/aviator-style-flower-solbriller-brune-glas\/#primaryimage\"},\"thumbnailUrl\":\"https:\/\/locsshop.eu\/wp-content\/uploads\/2022\/06\/2527_b.jpg\",\"datePublished\":\"2022-06-22T18:46:26+00:00\",\"dateModified\":\"2024-05-09T11:13:34+00:00\",\"description\":\"K\u00f8b Aviator style flower solbriller - brune glas her | EU's st\u00f8rste udvalg af LOCS solbriller | Vi sender fra EU - Ingen ekstra import udgifter\",\"breadcrumb\":{\"@id\":\"https:\/\/locsshop.eu\/shop\/aviator-style-flower-solbriller-brune-glas\/#breadcrumb\"},\"inLanguage\":\"pl-PL\",\"potentialAction\":[{\"@type\":\"ReadAction\",\"target\":[\"https:\/\/locsshop.eu\/shop\/aviator-style-flower-solbriller-brune-glas\/\"]}]},{\"@type\":\"ImageObject\",\"inLanguage\":\"pl-PL\",\"@id\":\"https:\/\/locsshop.eu\/shop\/aviator-style-flower-solbriller-brune-glas\/#primaryimage\",\"url\":\"https:\/\/locsshop.eu\/wp-content\/uploads\/2022\/06\/2527_b.jpg\",\"contentUrl\":\"https:\/\/locsshop.eu\/wp-content\/uploads\/2022\/06\/2527_b.jpg\",\"width\":800,\"height\":800},{\"@type\":\"BreadcrumbList\",\"@id\":\"https:\/\/locsshop.eu\/shop\/aviator-style-flower-solbriller-brune-glas\/#breadcrumb\",\"itemListElement\":[{\"@type\":\"ListItem\",\"position\":1,\"name\":\"Hjem\",\"item\":\"https:\/\/locsshop.eu\/\"},{\"@type\":\"ListItem\",\"position\":2,\"name\":\"Shop\",\"item\":\"https:\/\/locsshop.eu\/shop\/\"},{\"@type\":\"ListItem\",\"position\":3,\"name\":\"Aviator style flower solbriller &#8211; brune glas\"}]},{\"@type\":\"WebSite\",\"@id\":\"https:\/\/locsshop.eu\/#website\",\"url\":\"https:\/\/locsshop.eu\/\",\"name\":\"Locs Sunglasses - LOCS Supplier in EU\",\"description\":\"We sell cheap LOCS Sunglasses\",\"publisher\":{\"@id\":\"https:\/\/locsshop.eu\/#organization\"},\"potentialAction\":[{\"@type\":\"SearchAction\",\"target\":{\"@type\":\"EntryPoint\",\"urlTemplate\":\"https:\/\/locsshop.eu\/?s={search_term_string}\"},\"query-input\":{\"@type\":\"PropertyValueSpecification\",\"valueRequired\":true,\"valueName\":\"search_term_string\"}}],\"inLanguage\":\"pl-PL\"},{\"@type\":\"Organization\",\"@id\":\"https:\/\/locsshop.eu\/#organization\",\"name\":\"Locsshop.eu\",\"url\":\"https:\/\/locsshop.eu\/\",\"logo\":{\"@type\":\"ImageObject\",\"inLanguage\":\"pl-PL\",\"@id\":\"https:\/\/locsshop.eu\/#\/schema\/logo\/image\/\",\"url\":\"https:\/\/locsshop.eu\/wp-content\/uploads\/2022\/02\/Locsshop-logo.png\",\"contentUrl\":\"https:\/\/locsshop.eu\/wp-content\/uploads\/2022\/02\/Locsshop-logo.png\",\"width\":930,\"height\":200,\"caption\":\"Locsshop.eu\"},\"image\":{\"@id\":\"https:\/\/locsshop.eu\/#\/schema\/logo\/image\/\"}}]}<\/script>\n<!-- \/ Yoast SEO plugin. -->","yoast_head_json":{"title":"Okulary przeciws\u0142oneczne w stylu lotnika - br\u0105zowe soczewki | Kup online tutaj | MIEJSCE","description":"Kup okulary przeciws\u0142oneczne w stylu Aviator w kwiaty - br\u0105zowe soczewki tutaj | Najwi\u0119kszy wyb\u00f3r okular\u00f3w przeciws\u0142onecznych LOCS w UE | Wysy\u0142amy z UE - Bez dodatkowych koszt\u00f3w importu","robots":{"index":"index","follow":"follow","max-snippet":"max-snippet:-1","max-image-preview":"max-image-preview:large","max-video-preview":"max-video-preview:-1"},"canonical":"https:\/\/locsshop.eu\/pl\/shop\/aviator-style-flower-solbriller-brune-glas\/","og_locale":"pl_PL","og_type":"article","og_title":"Aviator style flower solbriller - brune glas | K\u00f8b online her | LOCS","og_description":"K\u00f8b Aviator style flower solbriller - brune glas her | EU's st\u00f8rste udvalg af LOCS solbriller | Vi sender fra EU - Ingen ekstra import udgifter","og_url":"https:\/\/locsshop.eu\/pl\/shop\/aviator-style-flower-solbriller-brune-glas\/","og_site_name":"Locs Sunglasses - LOCS Supplier in EU","article_modified_time":"2024-05-09T11:13:34+00:00","og_image":[{"width":800,"height":800,"url":"https:\/\/locsshop.eu\/wp-content\/uploads\/2022\/06\/2527_b.jpg","type":"image\/jpeg"}],"twitter_card":"summary_large_image","schema":{"@context":"https:\/\/schema.org","@graph":[{"@type":"WebPage","@id":"https:\/\/locsshop.eu\/shop\/aviator-style-flower-solbriller-brune-glas\/","url":"https:\/\/locsshop.eu\/shop\/aviator-style-flower-solbriller-brune-glas\/","name":"Okulary przeciws\u0142oneczne w stylu lotnika - br\u0105zowe soczewki | Kup online tutaj | MIEJSCE","isPartOf":{"@id":"https:\/\/locsshop.eu\/#website"},"primaryImageOfPage":{"@id":"https:\/\/locsshop.eu\/shop\/aviator-style-flower-solbriller-brune-glas\/#primaryimage"},"image":{"@id":"https:\/\/locsshop.eu\/shop\/aviator-style-flower-solbriller-brune-glas\/#primaryimage"},"thumbnailUrl":"https:\/\/locsshop.eu\/wp-content\/uploads\/2022\/06\/2527_b.jpg","datePublished":"2022-06-22T18:46:26+00:00","dateModified":"2024-05-09T11:13:34+00:00","description":"Kup okulary przeciws\u0142oneczne w stylu Aviator w kwiaty - br\u0105zowe soczewki tutaj | Najwi\u0119kszy wyb\u00f3r okular\u00f3w przeciws\u0142onecznych LOCS w UE | Wysy\u0142amy z UE - Bez dodatkowych koszt\u00f3w importu","breadcrumb":{"@id":"https:\/\/locsshop.eu\/shop\/aviator-style-flower-solbriller-brune-glas\/#breadcrumb"},"inLanguage":"pl-PL","potentialAction":[{"@type":"ReadAction","target":["https:\/\/locsshop.eu\/shop\/aviator-style-flower-solbriller-brune-glas\/"]}]},{"@type":"ImageObject","inLanguage":"pl-PL","@id":"https:\/\/locsshop.eu\/shop\/aviator-style-flower-solbriller-brune-glas\/#primaryimage","url":"https:\/\/locsshop.eu\/wp-content\/uploads\/2022\/06\/2527_b.jpg","contentUrl":"https:\/\/locsshop.eu\/wp-content\/uploads\/2022\/06\/2527_b.jpg","width":800,"height":800},{"@type":"BreadcrumbList","@id":"https:\/\/locsshop.eu\/shop\/aviator-style-flower-solbriller-brune-glas\/#breadcrumb","itemListElement":[{"@type":"ListItem","position":1,"name":"Hjem","item":"https:\/\/locsshop.eu\/"},{"@type":"ListItem","position":2,"name":"Shop","item":"https:\/\/locsshop.eu\/shop\/"},{"@type":"ListItem","position":3,"name":"Aviator style flower solbriller &#8211; brune glas"}]},{"@type":"WebSite","@id":"https:\/\/locsshop.eu\/#website","url":"https:\/\/locsshop.eu\/","name":"Okulary przeciws\u0142oneczne Locs - Dostawca LOCS w UE","description":"Sprzedajemy tanie okulary przeciws\u0142oneczne LOCS","publisher":{"@id":"https:\/\/locsshop.eu\/#organization"},"potentialAction":[{"@type":"SearchAction","target":{"@type":"EntryPoint","urlTemplate":"https:\/\/locsshop.eu\/?s={search_term_string}"},"query-input":{"@type":"PropertyValueSpecification","valueRequired":true,"valueName":"search_term_string"}}],"inLanguage":"pl-PL"},{"@type":"Organization","@id":"https:\/\/locsshop.eu\/#organization","name":"Locsshop.eu","url":"https:\/\/locsshop.eu\/","logo":{"@type":"ImageObject","inLanguage":"pl-PL","@id":"https:\/\/locsshop.eu\/#\/schema\/logo\/image\/","url":"https:\/\/locsshop.eu\/wp-content\/uploads\/2022\/02\/Locsshop-logo.png","contentUrl":"https:\/\/locsshop.eu\/wp-content\/uploads\/2022\/02\/Locsshop-logo.png","width":930,"height":200,"caption":"Locsshop.eu"},"image":{"@id":"https:\/\/locsshop.eu\/#\/schema\/logo\/image\/"}}]}},"_links":{"self":[{"href":"https:\/\/locsshop.eu\/pl\/wp-json\/wp\/v2\/product\/8643","targetHints":{"allow":["GET"]}}],"collection":[{"href":"https:\/\/locsshop.eu\/pl\/wp-json\/wp\/v2\/product"}],"about":[{"href":"https:\/\/locsshop.eu\/pl\/wp-json\/wp\/v2\/types\/product"}],"replies":[{"embeddable":true,"href":"https:\/\/locsshop.eu\/pl\/wp-json\/wp\/v2\/comments?post=8643"}],"wp:featuredmedia":[{"embeddable":true,"href":"https:\/\/locsshop.eu\/pl\/wp-json\/wp\/v2\/media\/8644"}],"wp:attachment":[{"href":"https:\/\/locsshop.eu\/pl\/wp-json\/wp\/v2\/media?parent=8643"}],"wp:term":[{"taxonomy":"product_brand","embeddable":true,"href":"https:\/\/locsshop.eu\/pl\/wp-json\/wp\/v2\/product_brand?post=8643"},{"taxonomy":"product_cat","embeddable":true,"href":"https:\/\/locsshop.eu\/pl\/wp-json\/wp\/v2\/product_cat?post=8643"},{"taxonomy":"product_tag","embeddable":true,"href":"https:\/\/locsshop.eu\/pl\/wp-json\/wp\/v2\/product_tag?post=8643"}],"curies":[{"name":"wp","href":"https:\/\/api.w.org\/{rel}","templated":true}]}}