{"id":9094,"date":"2022-10-15T22:35:34","date_gmt":"2022-10-15T20:35:34","guid":{"rendered":"https:\/\/locsshop.eu\/shop\/hvid-pudseklud-til-solbriller-og-briller\/"},"modified":"2024-05-09T10:44:52","modified_gmt":"2024-05-09T08:44:52","slug":"hvid-pudseklud-til-solbriller-og-briller","status":"publish","type":"product","link":"https:\/\/locsshop.eu\/pl\/shop\/hvid-pudseklud-til-solbriller-og-briller\/","title":{"rendered":"Bia\u0142a \u015bciereczka do czyszczenia okular\u00f3w przeciws\u0142onecznych i okular\u00f3w"},"content":{"rendered":"<h1>Dobra bia\u0142a \u015bciereczka do czyszczenia okular\u00f3w i okular\u00f3w przeciws\u0142onecznych<\/h1>\n<p>Do czyszczenia okular\u00f3w i okular\u00f3w przeciws\u0142onecznych zdecydowanie zalecamy czyszczenie ich \u015bciereczk\u0105 do czyszczenia, tak\u0105 jak ta.<\/p>\n<p>Jest produkowany w\u0142a\u015bnie w tym celu.<\/p>\n<p>Je\u015bli wyczy\u015bcisz okulary przeciws\u0142oneczne lub okulary w ubraniach, papierem lub innymi rzeczami, najprawdopodobniej dostaniesz zadrapania na soczewkach.<br \/>\nDlatego warto mie\u0107 pod r\u0119k\u0105 \u015bciereczk\u0119 do czyszczenia, gdy okulary staj\u0105 si\u0119 m\u0119tne.<\/p>\n<p>Wymiary: 15\u00d715 cm.<\/p>","protected":false},"excerpt":{"rendered":"<p>Bia\u0142a \u015bciereczka do czyszczenia z mikrofibry<\/p>\n<p>Do czyszczenia okular\u00f3w i okular\u00f3w przeciws\u0142onecznych bez zarysowa\u0144<\/p>","protected":false},"featured_media":9095,"comment_status":"closed","ping_status":"closed","template":"","meta":{"om_disable_all_campaigns":false,"_monsterinsights_skip_tracking":false,"_monsterinsights_sitenote_active":false,"_monsterinsights_sitenote_note":"","_monsterinsights_sitenote_category":0},"product_brand":[],"product_cat":[1041],"product_tag":[542,739,530],"class_list":{"0":"post-9094","1":"product","2":"type-product","3":"status-publish","4":"has-post-thumbnail","6":"product_cat-etuier-tilbehoer","7":"product_tag-hvid","8":"product_tag-pudseklud","9":"product_tag-tilbehoer","11":"first","12":"instock","13":"shipping-taxable","14":"purchasable","15":"product-type-simple"},"yoast_head":"<!-- This site is optimized with the Yoast SEO plugin v27.5 - https:\/\/yoast.com\/product\/yoast-seo-wordpress\/ -->\n<title>Hvid Pudseklud til Solbriller og Briller | K\u00f8b online her | LOCS<\/title>\n<meta name=\"description\" content=\"K\u00f8b Hvid Pudseklud til Solbriller og Briller her | EU&#039;s st\u00f8rste udvalg af LOCS solbriller | Vi sender fra EU - Ingen ekstra import udgifter\" \/>\n<meta name=\"robots\" content=\"index, follow, max-snippet:-1, max-image-preview:large, max-video-preview:-1\" \/>\n<link rel=\"canonical\" href=\"https:\/\/locsshop.eu\/pl\/shop\/hvid-pudseklud-til-solbriller-og-briller\/\" \/>\n<meta property=\"og:locale\" content=\"pl_PL\" \/>\n<meta property=\"og:type\" content=\"article\" \/>\n<meta property=\"og:title\" content=\"Hvid Pudseklud til Solbriller og Briller | K\u00f8b online her | LOCS\" \/>\n<meta property=\"og:description\" content=\"K\u00f8b Hvid Pudseklud til Solbriller og Briller her | EU&#039;s st\u00f8rste udvalg af LOCS solbriller | Vi sender fra EU - Ingen ekstra import udgifter\" \/>\n<meta property=\"og:url\" content=\"https:\/\/locsshop.eu\/pl\/shop\/hvid-pudseklud-til-solbriller-og-briller\/\" \/>\n<meta property=\"og:site_name\" content=\"Locs Sunglasses - LOCS Supplier in EU\" \/>\n<meta property=\"article:modified_time\" content=\"2024-05-09T08:44:52+00:00\" \/>\n<meta property=\"og:image\" content=\"https:\/\/locsshop.eu\/wp-content\/uploads\/2022\/10\/3027.jpg\" \/>\n\t<meta property=\"og:image:width\" content=\"800\" \/>\n\t<meta property=\"og:image:height\" content=\"800\" \/>\n\t<meta property=\"og:image:type\" content=\"image\/jpeg\" \/>\n<meta name=\"twitter:card\" content=\"summary_large_image\" \/>\n<script type=\"application\/ld+json\" class=\"yoast-schema-graph\">{\"@context\":\"https:\\\/\\\/schema.org\",\"@graph\":[{\"@type\":\"WebPage\",\"@id\":\"https:\\\/\\\/locsshop.eu\\\/shop\\\/hvid-pudseklud-til-solbriller-og-briller\\\/\",\"url\":\"https:\\\/\\\/locsshop.eu\\\/shop\\\/hvid-pudseklud-til-solbriller-og-briller\\\/\",\"name\":\"Hvid Pudseklud til Solbriller og Briller | K\u00f8b online her | LOCS\",\"isPartOf\":{\"@id\":\"https:\\\/\\\/locsshop.eu\\\/#website\"},\"primaryImageOfPage\":{\"@id\":\"https:\\\/\\\/locsshop.eu\\\/shop\\\/hvid-pudseklud-til-solbriller-og-briller\\\/#primaryimage\"},\"image\":{\"@id\":\"https:\\\/\\\/locsshop.eu\\\/shop\\\/hvid-pudseklud-til-solbriller-og-briller\\\/#primaryimage\"},\"thumbnailUrl\":\"https:\\\/\\\/locsshop.eu\\\/wp-content\\\/uploads\\\/2022\\\/10\\\/3027.jpg\",\"datePublished\":\"2022-10-15T20:35:34+00:00\",\"dateModified\":\"2024-05-09T08:44:52+00:00\",\"description\":\"K\u00f8b Hvid Pudseklud til Solbriller og Briller her | EU's st\u00f8rste udvalg af LOCS solbriller | Vi sender fra EU - Ingen ekstra import udgifter\",\"breadcrumb\":{\"@id\":\"https:\\\/\\\/locsshop.eu\\\/shop\\\/hvid-pudseklud-til-solbriller-og-briller\\\/#breadcrumb\"},\"inLanguage\":\"pl-PL\",\"potentialAction\":[{\"@type\":\"ReadAction\",\"target\":[\"https:\\\/\\\/locsshop.eu\\\/shop\\\/hvid-pudseklud-til-solbriller-og-briller\\\/\"]}]},{\"@type\":\"ImageObject\",\"inLanguage\":\"pl-PL\",\"@id\":\"https:\\\/\\\/locsshop.eu\\\/shop\\\/hvid-pudseklud-til-solbriller-og-briller\\\/#primaryimage\",\"url\":\"https:\\\/\\\/locsshop.eu\\\/wp-content\\\/uploads\\\/2022\\\/10\\\/3027.jpg\",\"contentUrl\":\"https:\\\/\\\/locsshop.eu\\\/wp-content\\\/uploads\\\/2022\\\/10\\\/3027.jpg\",\"width\":800,\"height\":800},{\"@type\":\"BreadcrumbList\",\"@id\":\"https:\\\/\\\/locsshop.eu\\\/shop\\\/hvid-pudseklud-til-solbriller-og-briller\\\/#breadcrumb\",\"itemListElement\":[{\"@type\":\"ListItem\",\"position\":1,\"name\":\"Hjem\",\"item\":\"https:\\\/\\\/locsshop.eu\\\/\"},{\"@type\":\"ListItem\",\"position\":2,\"name\":\"Shop\",\"item\":\"https:\\\/\\\/locsshop.eu\\\/shop\\\/\"},{\"@type\":\"ListItem\",\"position\":3,\"name\":\"Hvid Pudseklud til Solbriller og Briller\"}]},{\"@type\":\"WebSite\",\"@id\":\"https:\\\/\\\/locsshop.eu\\\/#website\",\"url\":\"https:\\\/\\\/locsshop.eu\\\/\",\"name\":\"Locs Sunglasses - LOCS Supplier in EU\",\"description\":\"We sell cheap LOCS Sunglasses\",\"publisher\":{\"@id\":\"https:\\\/\\\/locsshop.eu\\\/#organization\"},\"potentialAction\":[{\"@type\":\"SearchAction\",\"target\":{\"@type\":\"EntryPoint\",\"urlTemplate\":\"https:\\\/\\\/locsshop.eu\\\/?s={search_term_string}\"},\"query-input\":{\"@type\":\"PropertyValueSpecification\",\"valueRequired\":true,\"valueName\":\"search_term_string\"}}],\"inLanguage\":\"pl-PL\"},{\"@type\":\"Organization\",\"@id\":\"https:\\\/\\\/locsshop.eu\\\/#organization\",\"name\":\"Locsshop.eu\",\"url\":\"https:\\\/\\\/locsshop.eu\\\/\",\"logo\":{\"@type\":\"ImageObject\",\"inLanguage\":\"pl-PL\",\"@id\":\"https:\\\/\\\/locsshop.eu\\\/#\\\/schema\\\/logo\\\/image\\\/\",\"url\":\"https:\\\/\\\/locsshop.eu\\\/wp-content\\\/uploads\\\/2022\\\/02\\\/Locsshop-logo.png\",\"contentUrl\":\"https:\\\/\\\/locsshop.eu\\\/wp-content\\\/uploads\\\/2022\\\/02\\\/Locsshop-logo.png\",\"width\":930,\"height\":200,\"caption\":\"Locsshop.eu\"},\"image\":{\"@id\":\"https:\\\/\\\/locsshop.eu\\\/#\\\/schema\\\/logo\\\/image\\\/\"}}]}<\/script>\n<!-- \/ Yoast SEO plugin. -->","yoast_head_json":{"title":"Bia\u0142a \u015bciereczka do czyszczenia okular\u00f3w przeciws\u0142onecznych i okular\u00f3w | Kup online tutaj | LOCS","description":"Kup tutaj bia\u0142\u0105 szmatk\u0119 do czyszczenia okular\u00f3w przeciws\u0142onecznych i okular\u00f3w | Najwi\u0119kszy wyb\u00f3r okular\u00f3w przeciws\u0142onecznych LOCS w UE | Wysy\u0142amy z UE - Brak dodatkowych koszt\u00f3w importu","robots":{"index":"index","follow":"follow","max-snippet":"max-snippet:-1","max-image-preview":"max-image-preview:large","max-video-preview":"max-video-preview:-1"},"canonical":"https:\/\/locsshop.eu\/pl\/shop\/hvid-pudseklud-til-solbriller-og-briller\/","og_locale":"pl_PL","og_type":"article","og_title":"Hvid Pudseklud til Solbriller og Briller | K\u00f8b online her | LOCS","og_description":"K\u00f8b Hvid Pudseklud til Solbriller og Briller her | EU's st\u00f8rste udvalg af LOCS solbriller | Vi sender fra EU - Ingen ekstra import udgifter","og_url":"https:\/\/locsshop.eu\/pl\/shop\/hvid-pudseklud-til-solbriller-og-briller\/","og_site_name":"Locs Sunglasses - LOCS Supplier in EU","article_modified_time":"2024-05-09T08:44:52+00:00","og_image":[{"width":800,"height":800,"url":"https:\/\/locsshop.eu\/wp-content\/uploads\/2022\/10\/3027.jpg","type":"image\/jpeg"}],"twitter_card":"summary_large_image","schema":{"@context":"https:\/\/schema.org","@graph":[{"@type":"WebPage","@id":"https:\/\/locsshop.eu\/shop\/hvid-pudseklud-til-solbriller-og-briller\/","url":"https:\/\/locsshop.eu\/shop\/hvid-pudseklud-til-solbriller-og-briller\/","name":"Bia\u0142a \u015bciereczka do czyszczenia okular\u00f3w przeciws\u0142onecznych i okular\u00f3w | Kup online tutaj | LOCS","isPartOf":{"@id":"https:\/\/locsshop.eu\/#website"},"primaryImageOfPage":{"@id":"https:\/\/locsshop.eu\/shop\/hvid-pudseklud-til-solbriller-og-briller\/#primaryimage"},"image":{"@id":"https:\/\/locsshop.eu\/shop\/hvid-pudseklud-til-solbriller-og-briller\/#primaryimage"},"thumbnailUrl":"https:\/\/locsshop.eu\/wp-content\/uploads\/2022\/10\/3027.jpg","datePublished":"2022-10-15T20:35:34+00:00","dateModified":"2024-05-09T08:44:52+00:00","description":"Kup tutaj bia\u0142\u0105 szmatk\u0119 do czyszczenia okular\u00f3w przeciws\u0142onecznych i okular\u00f3w | Najwi\u0119kszy wyb\u00f3r okular\u00f3w przeciws\u0142onecznych LOCS w UE | Wysy\u0142amy z UE - Brak dodatkowych koszt\u00f3w importu","breadcrumb":{"@id":"https:\/\/locsshop.eu\/shop\/hvid-pudseklud-til-solbriller-og-briller\/#breadcrumb"},"inLanguage":"pl-PL","potentialAction":[{"@type":"ReadAction","target":["https:\/\/locsshop.eu\/shop\/hvid-pudseklud-til-solbriller-og-briller\/"]}]},{"@type":"ImageObject","inLanguage":"pl-PL","@id":"https:\/\/locsshop.eu\/shop\/hvid-pudseklud-til-solbriller-og-briller\/#primaryimage","url":"https:\/\/locsshop.eu\/wp-content\/uploads\/2022\/10\/3027.jpg","contentUrl":"https:\/\/locsshop.eu\/wp-content\/uploads\/2022\/10\/3027.jpg","width":800,"height":800},{"@type":"BreadcrumbList","@id":"https:\/\/locsshop.eu\/shop\/hvid-pudseklud-til-solbriller-og-briller\/#breadcrumb","itemListElement":[{"@type":"ListItem","position":1,"name":"Hjem","item":"https:\/\/locsshop.eu\/"},{"@type":"ListItem","position":2,"name":"Shop","item":"https:\/\/locsshop.eu\/shop\/"},{"@type":"ListItem","position":3,"name":"Hvid Pudseklud til Solbriller og Briller"}]},{"@type":"WebSite","@id":"https:\/\/locsshop.eu\/#website","url":"https:\/\/locsshop.eu\/","name":"Okulary przeciws\u0142oneczne Locs - Dostawca LOCS w UE","description":"Sprzedajemy tanie okulary przeciws\u0142oneczne LOCS","publisher":{"@id":"https:\/\/locsshop.eu\/#organization"},"potentialAction":[{"@type":"SearchAction","target":{"@type":"EntryPoint","urlTemplate":"https:\/\/locsshop.eu\/?s={search_term_string}"},"query-input":{"@type":"PropertyValueSpecification","valueRequired":true,"valueName":"search_term_string"}}],"inLanguage":"pl-PL"},{"@type":"Organization","@id":"https:\/\/locsshop.eu\/#organization","name":"Locsshop.eu","url":"https:\/\/locsshop.eu\/","logo":{"@type":"ImageObject","inLanguage":"pl-PL","@id":"https:\/\/locsshop.eu\/#\/schema\/logo\/image\/","url":"https:\/\/locsshop.eu\/wp-content\/uploads\/2022\/02\/Locsshop-logo.png","contentUrl":"https:\/\/locsshop.eu\/wp-content\/uploads\/2022\/02\/Locsshop-logo.png","width":930,"height":200,"caption":"Locsshop.eu"},"image":{"@id":"https:\/\/locsshop.eu\/#\/schema\/logo\/image\/"}}]}},"_links":{"self":[{"href":"https:\/\/locsshop.eu\/pl\/wp-json\/wp\/v2\/product\/9094","targetHints":{"allow":["GET"]}}],"collection":[{"href":"https:\/\/locsshop.eu\/pl\/wp-json\/wp\/v2\/product"}],"about":[{"href":"https:\/\/locsshop.eu\/pl\/wp-json\/wp\/v2\/types\/product"}],"replies":[{"embeddable":true,"href":"https:\/\/locsshop.eu\/pl\/wp-json\/wp\/v2\/comments?post=9094"}],"wp:featuredmedia":[{"embeddable":true,"href":"https:\/\/locsshop.eu\/pl\/wp-json\/wp\/v2\/media\/9095"}],"wp:attachment":[{"href":"https:\/\/locsshop.eu\/pl\/wp-json\/wp\/v2\/media?parent=9094"}],"wp:term":[{"taxonomy":"product_brand","embeddable":true,"href":"https:\/\/locsshop.eu\/pl\/wp-json\/wp\/v2\/product_brand?post=9094"},{"taxonomy":"product_cat","embeddable":true,"href":"https:\/\/locsshop.eu\/pl\/wp-json\/wp\/v2\/product_cat?post=9094"},{"taxonomy":"product_tag","embeddable":true,"href":"https:\/\/locsshop.eu\/pl\/wp-json\/wp\/v2\/product_tag?post=9094"}],"curies":[{"name":"wp","href":"https:\/\/api.w.org\/{rel}","templated":true}]}}