{"id":9349,"date":"2023-01-24T14:44:30","date_gmt":"2023-01-24T13:44:30","guid":{"rendered":"https:\/\/locsshop.eu\/shop\/locs-solbriller-calavera-blaa-spejlglas\/"},"modified":"2025-07-02T13:43:05","modified_gmt":"2025-07-02T11:43:05","slug":"locs-solbriller-calavera-blaa-spejlglas","status":"publish","type":"product","link":"https:\/\/locsshop.eu\/pl\/shop\/locs-solbriller-calavera-blaa-spejlglas\/","title":{"rendered":"Okulary przeciws\u0142oneczne Locs \u2013 Calavera | Niebieskie szk\u0142o lustrzane"},"content":{"rendered":"<h2><b>Matowe czarne okulary przeciws\u0142oneczne Locs ze srebrnymi logo i nadrukiem g\u0142owy szkieletu na zausznikach.<\/b><\/h2>\n<h4>Surowe, matowe, czarne okulary przeciws\u0142oneczne z bia\u0142ymi g\u0142owami szkielet\u00f3w na skroniach. \u0141adne logo Locs i metalowe detale na kierownicach. Naprawd\u0119 \u0142adne okulary przeciws\u0142oneczne, kt\u00f3re mo\u017cesz nosi\u0107 przez ca\u0142y czas.<br \/>\nOprawka jest wykonana w stylu Wayfarer, ale jest nieco w\u0119\u017csza ni\u017c zwyk\u0142e okulary przeciws\u0142oneczne Wayfarer, co nadaje im nieco bardziej surowy wygl\u0105d.<br \/>\nGumowe uchwyty znajduj\u0105 si\u0119 po wewn\u0119trznej stronie ko\u0144c\u00f3w kijk\u00f3w, kt\u00f3re pomagaj\u0105 utrzyma\u0107 okulary przeciws\u0142oneczne na swoim miejscu.<\/h4>\n<h4>Locs Sunglasses to popularna ameryka\u0144ska marka okular\u00f3w przeciws\u0142onecznych znana z hardkorowej postawy. Jako jedna z najbardziej poszukiwanych marek okular\u00f3w przeciws\u0142onecznych w Stanach Zjednoczonych i na \u015bwiecie, Locs przez lata zachowa\u0142 swoje charakterystyczne projekty i ostry styl.<br \/>\nOkulary przeciws\u0142oneczne Locs maj\u0105 fajne logo, \u0142adne detale i styl, kt\u00f3ry jest troch\u0119 twardszy ni\u017c inne. Idealny dla tych z Was, kt\u00f3rzy maj\u0105 troch\u0119 nastawienia.<\/h4>\n<p>&nbsp;<\/p>\n<h4><strong><em>Detale:<br \/>\n<\/em><\/strong><\/h4>\n<h4>Szeroko\u015b\u0107 wewn\u0119trzna: 13,3 cm<br \/>\nWysoko\u015b\u0107: 4,3 cm<br \/>\nD\u0142ugo\u015b\u0107 pr\u0119ta: 12,4 cm<br \/>\nPowierzchnia: matowa<\/h4>\n<h4>Materia\u0142: tworzywo sztuczne i metal;<br \/>\nOchrona UV400<br \/>\nCertyfikat CE<\/h4>\n<h4><img loading=\"lazy\" decoding=\"async\" class=\"alignnone wp-image-10637 size-thumbnail\" src=\"https:\/\/bazarsalg.dk\/wp-content\/uploads\/Locs-Logo-280x280.jpg\" alt=\"\" width=\"280\" height=\"280\" \/><\/h4>\n<h4><em>Historia LOCS<\/em><\/h4>\n<p><em>W latach 70. i 80. okulary przeciws\u0142oneczne Locs by\u0142y bardzo popularne w\u015br\u00f3d m\u0142odych ludzi i definiowa\u0142y wygl\u0105d LA. Pod wp\u0142ywem kultury latynoameryka\u0144skiej Los Angeles i wywodz\u0105ce si\u0119 od hiszpa\u0144skiego s\u0142owa \u201eloco\u201d (szalony), by\u0142y pierwotnie noszone przez cholos, a p\u00f3\u017aniej sta\u0142y si\u0119 popularne w\u015br\u00f3d wszystkich gangster\u00f3w w okolicy LA. Cz\u0142onkowie gangu odnosili si\u0119 do niekt\u00f3rych swoich bardziej dzikich i aktywnych, a nawet zaburzonych psychicznie cz\u0142onk\u00f3w jako \u201eloco\u201d. P\u00f3\u017aniej okre\u015blenie i zwi\u0105zane z nim zachowanie sta\u0142o si\u0119 bardzo popularne zw\u0142aszcza w\u015br\u00f3d Crips\u00f3w, aw mniejszym stopniu w\u015br\u00f3d Bloods\u00f3w. To by\u0142o tak powszechne w \u017cargonie Crips, \u017ce zosta\u0142o skr\u00f3cone do Loc i u\u017cyte jako sufiks w imionach niekt\u00f3rych cz\u0142onk\u00f3w gangu.<\/em><\/p>\n<p><em>w latach 90. wielu najwi\u0119kszych raper\u00f3w nosi\u0142o r\u00f3wnie\u017c okulary przeciws\u0142oneczne Locs, na przyk\u0142ad Eazy E, Snoop Dogg i wielu innych znanych raper\u00f3w. Tak wi\u0119c okulary przeciws\u0142oneczne sta\u0142y si\u0119 dobrze znane i noszone w wielu r\u00f3\u017cnych ameryka\u0144skich filmach gangsterskich.<\/em><\/p>\n<p><em>Dzi\u015b okulary przeciws\u0142oneczne Locs s\u0105 popularne nie tylko w Kalifornii, ale teraz tak\u017ce w Stanach Zjednoczonych i na ca\u0142ym \u015bwiecie. Marka jest teraz bardziej atrakcyjna dla wszystkich grup konsument\u00f3w. Jednym z powod\u00f3w tej popularno\u015bci jest gloryfikowanie profilu LA Gangster poprzez muzyk\u0119, filmy i oczywi\u015bcie media. Poniewa\u017c gangsterscy raperzy nieustannie pojawiali si\u0119 w mediach z powodu negatywnej prasy, widziano ich w tych hardcorowych okularach, a styl szybko rozprzestrzeni\u0142 si\u0119 po ulicach Los Angeles! Wraz z rosn\u0105c\u0105 popularno\u015bci\u0105 szybko pomog\u0142a im przej\u015b\u0107 do g\u0142\u00f3wnego nurtu i jest teraz popularna w\u015br\u00f3d znanych artyst\u00f3w i aktor\u00f3w.<\/em><\/p>","protected":false},"excerpt":{"rendered":"<p><strong>LOKALIZACJE \u2013 8LOC91146-SKL<\/strong><br \/>\nCzarna matowa ramka - Niebieskie szk\u0142o lustrzane<br \/>\nPlastikowa ramka<br \/>\nUV400<br \/>\nCertyfikat CE<\/p>\n<p><img loading=\"lazy\" decoding=\"async\" class=\"alignnone wp-image-10637\" src=\"https:\/\/bazarsalg.dk\/wp-content\/uploads\/Locs-Logo.jpg\" alt=\"\" width=\"200\" height=\"200\" \/><\/p>","protected":false},"featured_media":9350,"comment_status":"open","ping_status":"closed","template":"","meta":{"om_disable_all_campaigns":false,"_monsterinsights_skip_tracking":false,"_monsterinsights_sitenote_active":false,"_monsterinsights_sitenote_note":"","_monsterinsights_sitenote_category":0},"product_brand":[],"product_cat":[1101,1049],"product_tag":[1186,1100,870],"class_list":{"0":"post-9349","1":"product","2":"type-product","3":"status-publish","4":"has-post-thumbnail","6":"product_cat-locs-solbriller","7":"product_cat-premium-solbriller","8":"product_tag-8loc91146-skl","9":"product_tag-locs","10":"product_tag-p693","12":"first","13":"instock","14":"shipping-taxable","15":"purchasable","16":"product-type-simple"},"yoast_head":"<!-- This site is optimized with the Yoast SEO plugin v27.5 - https:\/\/yoast.com\/product\/yoast-seo-wordpress\/ -->\n<title>Locs Solbriller \u2013 Calavera | Bl\u00e5 Spejlglas | K\u00f8b online her | LOCS<\/title>\n<meta name=\"description\" content=\"K\u00f8b Locs Solbriller \u2013 Calavera | Bl\u00e5 Spejlglas her | EU&#039;s st\u00f8rste udvalg af LOCS solbriller | Vi sender fra EU - Ingen ekstra import udgifter\" \/>\n<meta name=\"robots\" content=\"index, follow, max-snippet:-1, max-image-preview:large, max-video-preview:-1\" \/>\n<link rel=\"canonical\" href=\"https:\/\/locsshop.eu\/pl\/shop\/locs-solbriller-calavera-blaa-spejlglas\/\" \/>\n<meta property=\"og:locale\" content=\"pl_PL\" \/>\n<meta property=\"og:type\" content=\"article\" \/>\n<meta property=\"og:title\" content=\"Locs Solbriller \u2013 Calavera | Bl\u00e5 Spejlglas | K\u00f8b online her | LOCS\" \/>\n<meta property=\"og:description\" content=\"K\u00f8b Locs Solbriller \u2013 Calavera | Bl\u00e5 Spejlglas her | EU&#039;s st\u00f8rste udvalg af LOCS solbriller | Vi sender fra EU - Ingen ekstra import udgifter\" \/>\n<meta property=\"og:url\" content=\"https:\/\/locsshop.eu\/pl\/shop\/locs-solbriller-calavera-blaa-spejlglas\/\" \/>\n<meta property=\"og:site_name\" content=\"Locs Sunglasses - LOCS Supplier in EU\" \/>\n<meta property=\"article:modified_time\" content=\"2025-07-02T11:43:05+00:00\" \/>\n<meta property=\"og:image\" content=\"https:\/\/locsshop.eu\/wp-content\/uploads\/2023\/01\/8LOC91146-SKL-4.jpg\" \/>\n\t<meta property=\"og:image:width\" content=\"800\" \/>\n\t<meta property=\"og:image:height\" content=\"800\" \/>\n\t<meta property=\"og:image:type\" content=\"image\/jpeg\" \/>\n<meta name=\"twitter:card\" content=\"summary_large_image\" \/>\n<meta name=\"twitter:label1\" content=\"Est. reading time\" \/>\n\t<meta name=\"twitter:data1\" content=\"2 minutes\" \/>\n<script type=\"application\/ld+json\" class=\"yoast-schema-graph\">{\"@context\":\"https:\\\/\\\/schema.org\",\"@graph\":[{\"@type\":\"WebPage\",\"@id\":\"https:\\\/\\\/locsshop.eu\\\/shop\\\/locs-solbriller-calavera-blaa-spejlglas\\\/\",\"url\":\"https:\\\/\\\/locsshop.eu\\\/shop\\\/locs-solbriller-calavera-blaa-spejlglas\\\/\",\"name\":\"Locs Solbriller \u2013 Calavera | Bl\u00e5 Spejlglas | K\u00f8b online her | LOCS\",\"isPartOf\":{\"@id\":\"https:\\\/\\\/locsshop.eu\\\/#website\"},\"primaryImageOfPage\":{\"@id\":\"https:\\\/\\\/locsshop.eu\\\/shop\\\/locs-solbriller-calavera-blaa-spejlglas\\\/#primaryimage\"},\"image\":{\"@id\":\"https:\\\/\\\/locsshop.eu\\\/shop\\\/locs-solbriller-calavera-blaa-spejlglas\\\/#primaryimage\"},\"thumbnailUrl\":\"https:\\\/\\\/locsshop.eu\\\/wp-content\\\/uploads\\\/2023\\\/01\\\/8LOC91146-SKL-4.jpg\",\"datePublished\":\"2023-01-24T13:44:30+00:00\",\"dateModified\":\"2025-07-02T11:43:05+00:00\",\"description\":\"K\u00f8b Locs Solbriller \u2013 Calavera | Bl\u00e5 Spejlglas her | EU's st\u00f8rste udvalg af LOCS solbriller | Vi sender fra EU - Ingen ekstra import udgifter\",\"breadcrumb\":{\"@id\":\"https:\\\/\\\/locsshop.eu\\\/shop\\\/locs-solbriller-calavera-blaa-spejlglas\\\/#breadcrumb\"},\"inLanguage\":\"pl-PL\",\"potentialAction\":[{\"@type\":\"ReadAction\",\"target\":[\"https:\\\/\\\/locsshop.eu\\\/shop\\\/locs-solbriller-calavera-blaa-spejlglas\\\/\"]}]},{\"@type\":\"ImageObject\",\"inLanguage\":\"pl-PL\",\"@id\":\"https:\\\/\\\/locsshop.eu\\\/shop\\\/locs-solbriller-calavera-blaa-spejlglas\\\/#primaryimage\",\"url\":\"https:\\\/\\\/locsshop.eu\\\/wp-content\\\/uploads\\\/2023\\\/01\\\/8LOC91146-SKL-4.jpg\",\"contentUrl\":\"https:\\\/\\\/locsshop.eu\\\/wp-content\\\/uploads\\\/2023\\\/01\\\/8LOC91146-SKL-4.jpg\",\"width\":800,\"height\":800},{\"@type\":\"BreadcrumbList\",\"@id\":\"https:\\\/\\\/locsshop.eu\\\/shop\\\/locs-solbriller-calavera-blaa-spejlglas\\\/#breadcrumb\",\"itemListElement\":[{\"@type\":\"ListItem\",\"position\":1,\"name\":\"Hjem\",\"item\":\"https:\\\/\\\/locsshop.eu\\\/\"},{\"@type\":\"ListItem\",\"position\":2,\"name\":\"Shop\",\"item\":\"https:\\\/\\\/locsshop.eu\\\/shop\\\/\"},{\"@type\":\"ListItem\",\"position\":3,\"name\":\"Locs Solbriller \u2013 Calavera | Bl\u00e5 Spejlglas\"}]},{\"@type\":\"WebSite\",\"@id\":\"https:\\\/\\\/locsshop.eu\\\/#website\",\"url\":\"https:\\\/\\\/locsshop.eu\\\/\",\"name\":\"Locs Sunglasses - LOCS Supplier in EU\",\"description\":\"We sell cheap LOCS Sunglasses\",\"publisher\":{\"@id\":\"https:\\\/\\\/locsshop.eu\\\/#organization\"},\"potentialAction\":[{\"@type\":\"SearchAction\",\"target\":{\"@type\":\"EntryPoint\",\"urlTemplate\":\"https:\\\/\\\/locsshop.eu\\\/?s={search_term_string}\"},\"query-input\":{\"@type\":\"PropertyValueSpecification\",\"valueRequired\":true,\"valueName\":\"search_term_string\"}}],\"inLanguage\":\"pl-PL\"},{\"@type\":\"Organization\",\"@id\":\"https:\\\/\\\/locsshop.eu\\\/#organization\",\"name\":\"Locsshop.eu\",\"url\":\"https:\\\/\\\/locsshop.eu\\\/\",\"logo\":{\"@type\":\"ImageObject\",\"inLanguage\":\"pl-PL\",\"@id\":\"https:\\\/\\\/locsshop.eu\\\/#\\\/schema\\\/logo\\\/image\\\/\",\"url\":\"https:\\\/\\\/locsshop.eu\\\/wp-content\\\/uploads\\\/2022\\\/02\\\/Locsshop-logo.png\",\"contentUrl\":\"https:\\\/\\\/locsshop.eu\\\/wp-content\\\/uploads\\\/2022\\\/02\\\/Locsshop-logo.png\",\"width\":930,\"height\":200,\"caption\":\"Locsshop.eu\"},\"image\":{\"@id\":\"https:\\\/\\\/locsshop.eu\\\/#\\\/schema\\\/logo\\\/image\\\/\"}}]}<\/script>\n<!-- \/ Yoast SEO plugin. -->","yoast_head_json":{"title":"Okulary przeciws\u0142oneczne Locs \u2013 Calavera | Niebieskie szk\u0142o lustrzane | Kup online tutaj | MIEJSCE","description":"Kup okulary przeciws\u0142oneczne Locs \u2013 Calavera | Niebieskie szk\u0142o lustrzane tutaj | Najwi\u0119kszy wyb\u00f3r okular\u00f3w przeciws\u0142onecznych LOCS w UE | Wysy\u0142amy z UE - Bez dodatkowych koszt\u00f3w importu","robots":{"index":"index","follow":"follow","max-snippet":"max-snippet:-1","max-image-preview":"max-image-preview:large","max-video-preview":"max-video-preview:-1"},"canonical":"https:\/\/locsshop.eu\/pl\/shop\/locs-solbriller-calavera-blaa-spejlglas\/","og_locale":"pl_PL","og_type":"article","og_title":"Locs Solbriller \u2013 Calavera | Bl\u00e5 Spejlglas | K\u00f8b online her | LOCS","og_description":"K\u00f8b Locs Solbriller \u2013 Calavera | Bl\u00e5 Spejlglas her | EU's st\u00f8rste udvalg af LOCS solbriller | Vi sender fra EU - Ingen ekstra import udgifter","og_url":"https:\/\/locsshop.eu\/pl\/shop\/locs-solbriller-calavera-blaa-spejlglas\/","og_site_name":"Locs Sunglasses - LOCS Supplier in EU","article_modified_time":"2025-07-02T11:43:05+00:00","og_image":[{"width":800,"height":800,"url":"https:\/\/locsshop.eu\/wp-content\/uploads\/2023\/01\/8LOC91146-SKL-4.jpg","type":"image\/jpeg"}],"twitter_card":"summary_large_image","twitter_misc":{"Est. reading time":"2 minutes"},"schema":{"@context":"https:\/\/schema.org","@graph":[{"@type":"WebPage","@id":"https:\/\/locsshop.eu\/shop\/locs-solbriller-calavera-blaa-spejlglas\/","url":"https:\/\/locsshop.eu\/shop\/locs-solbriller-calavera-blaa-spejlglas\/","name":"Okulary przeciws\u0142oneczne Locs \u2013 Calavera | Niebieskie szk\u0142o lustrzane | Kup online tutaj | MIEJSCE","isPartOf":{"@id":"https:\/\/locsshop.eu\/#website"},"primaryImageOfPage":{"@id":"https:\/\/locsshop.eu\/shop\/locs-solbriller-calavera-blaa-spejlglas\/#primaryimage"},"image":{"@id":"https:\/\/locsshop.eu\/shop\/locs-solbriller-calavera-blaa-spejlglas\/#primaryimage"},"thumbnailUrl":"https:\/\/locsshop.eu\/wp-content\/uploads\/2023\/01\/8LOC91146-SKL-4.jpg","datePublished":"2023-01-24T13:44:30+00:00","dateModified":"2025-07-02T11:43:05+00:00","description":"Kup okulary przeciws\u0142oneczne Locs \u2013 Calavera | Niebieskie szk\u0142o lustrzane tutaj | Najwi\u0119kszy wyb\u00f3r okular\u00f3w przeciws\u0142onecznych LOCS w UE | Wysy\u0142amy z UE - Bez dodatkowych koszt\u00f3w importu","breadcrumb":{"@id":"https:\/\/locsshop.eu\/shop\/locs-solbriller-calavera-blaa-spejlglas\/#breadcrumb"},"inLanguage":"pl-PL","potentialAction":[{"@type":"ReadAction","target":["https:\/\/locsshop.eu\/shop\/locs-solbriller-calavera-blaa-spejlglas\/"]}]},{"@type":"ImageObject","inLanguage":"pl-PL","@id":"https:\/\/locsshop.eu\/shop\/locs-solbriller-calavera-blaa-spejlglas\/#primaryimage","url":"https:\/\/locsshop.eu\/wp-content\/uploads\/2023\/01\/8LOC91146-SKL-4.jpg","contentUrl":"https:\/\/locsshop.eu\/wp-content\/uploads\/2023\/01\/8LOC91146-SKL-4.jpg","width":800,"height":800},{"@type":"BreadcrumbList","@id":"https:\/\/locsshop.eu\/shop\/locs-solbriller-calavera-blaa-spejlglas\/#breadcrumb","itemListElement":[{"@type":"ListItem","position":1,"name":"Hjem","item":"https:\/\/locsshop.eu\/"},{"@type":"ListItem","position":2,"name":"Shop","item":"https:\/\/locsshop.eu\/shop\/"},{"@type":"ListItem","position":3,"name":"Locs Solbriller \u2013 Calavera | Bl\u00e5 Spejlglas"}]},{"@type":"WebSite","@id":"https:\/\/locsshop.eu\/#website","url":"https:\/\/locsshop.eu\/","name":"Okulary przeciws\u0142oneczne Locs - Dostawca LOCS w UE","description":"Sprzedajemy tanie okulary przeciws\u0142oneczne LOCS","publisher":{"@id":"https:\/\/locsshop.eu\/#organization"},"potentialAction":[{"@type":"SearchAction","target":{"@type":"EntryPoint","urlTemplate":"https:\/\/locsshop.eu\/?s={search_term_string}"},"query-input":{"@type":"PropertyValueSpecification","valueRequired":true,"valueName":"search_term_string"}}],"inLanguage":"pl-PL"},{"@type":"Organization","@id":"https:\/\/locsshop.eu\/#organization","name":"Locsshop.eu","url":"https:\/\/locsshop.eu\/","logo":{"@type":"ImageObject","inLanguage":"pl-PL","@id":"https:\/\/locsshop.eu\/#\/schema\/logo\/image\/","url":"https:\/\/locsshop.eu\/wp-content\/uploads\/2022\/02\/Locsshop-logo.png","contentUrl":"https:\/\/locsshop.eu\/wp-content\/uploads\/2022\/02\/Locsshop-logo.png","width":930,"height":200,"caption":"Locsshop.eu"},"image":{"@id":"https:\/\/locsshop.eu\/#\/schema\/logo\/image\/"}}]}},"_links":{"self":[{"href":"https:\/\/locsshop.eu\/pl\/wp-json\/wp\/v2\/product\/9349","targetHints":{"allow":["GET"]}}],"collection":[{"href":"https:\/\/locsshop.eu\/pl\/wp-json\/wp\/v2\/product"}],"about":[{"href":"https:\/\/locsshop.eu\/pl\/wp-json\/wp\/v2\/types\/product"}],"replies":[{"embeddable":true,"href":"https:\/\/locsshop.eu\/pl\/wp-json\/wp\/v2\/comments?post=9349"}],"wp:featuredmedia":[{"embeddable":true,"href":"https:\/\/locsshop.eu\/pl\/wp-json\/wp\/v2\/media\/9350"}],"wp:attachment":[{"href":"https:\/\/locsshop.eu\/pl\/wp-json\/wp\/v2\/media?parent=9349"}],"wp:term":[{"taxonomy":"product_brand","embeddable":true,"href":"https:\/\/locsshop.eu\/pl\/wp-json\/wp\/v2\/product_brand?post=9349"},{"taxonomy":"product_cat","embeddable":true,"href":"https:\/\/locsshop.eu\/pl\/wp-json\/wp\/v2\/product_cat?post=9349"},{"taxonomy":"product_tag","embeddable":true,"href":"https:\/\/locsshop.eu\/pl\/wp-json\/wp\/v2\/product_tag?post=9349"}],"curies":[{"name":"wp","href":"https:\/\/api.w.org\/{rel}","templated":true}]}}