{"id":9497,"date":"2023-02-06T11:49:41","date_gmt":"2023-02-06T10:49:41","guid":{"rendered":"https:\/\/locsshop.eu\/shop\/choppers-solbriller-boston-blank-sort-soelv\/"},"modified":"2023-08-31T16:00:05","modified_gmt":"2023-08-31T14:00:05","slug":"choppers-solbriller-boston-blank-sort-soelv","status":"publish","type":"product","link":"https:\/\/locsshop.eu\/pl\/shop\/choppers-solbriller-boston-blank-sort-soelv\/","title":{"rendered":"Okulary przeciws\u0142oneczne Choppers \u2013 Boston | B\u0142yszcz\u0105cy czarny \u2013 srebrny"},"content":{"rendered":"<h2><strong>Czarne b\u0142yszcz\u0105ce okulary przeciws\u0142oneczne Choppers ze srebrnymi detalami - Ciemne soczewki<\/strong><\/h2>\n<h4>Super surowe okulary przeciws\u0142oneczne, kt\u00f3re promieniuj\u0105 du\u017cym nastawieniem. S\u0105 b\u0142yszcz\u0105ce czarne z ciemnymi soczewkami i maj\u0105 specjalne \u0142adne emblematy motocyklowych chopper\u00f3w na kierownicach.<br \/>\nFajne logo i paski, w kt\u00f3rych tylna cz\u0119\u015b\u0107 paska jest w \u0142adnym srebrnym kolorze, sprawiaj\u0105, \u017ce te okulary przeciws\u0142oneczne s\u0105 super cool i s\u0105 po prostu obowi\u0105zkowym elementem letnich wypraw motocyklowych.<br \/>\nOkulary przeciws\u0142oneczne, kt\u00f3re zdecydowanie powinny znale\u017a\u0107 si\u0119 w Twojej kolekcji okular\u00f3w przeciws\u0142onecznych.<\/h4>\n<h4>Choppers Sunglasses to popularna ameryka\u0144ska marka okular\u00f3w przeciws\u0142onecznych, kt\u00f3ra jest skierowana przede wszystkim do motocyklist\u00f3w i innych os\u00f3b, kt\u00f3re lubi\u0105 kultur\u0119 motocyklow\u0105.<br \/>\nOkulary przeciws\u0142oneczne Chopper maj\u0105 fajne logo i emblematy, \u0142adne detale i styl, kt\u00f3ry po prostu pasuje do Twojego Harleya 100%. Idealny dla tych, kt\u00f3rzy maj\u0105 troch\u0119 nastawienia i chc\u0105 wygl\u0105da\u0107 super cool.<\/h4>\n<p>&nbsp;<\/p>\n<h4><strong><em>Detale:<br \/>\n<\/em><\/strong><br \/>\nSzeroko\u015b\u0107 wewn\u0119trzna: 13,6 cm<br \/>\nWysoko\u015b\u0107: 4,5 cm<br \/>\nD\u0142ugo\u015b\u0107 pr\u0119ta: 13,5 cm<br \/>\nPowierzchnia: b\u0142yszcz\u0105ca<\/h4>\n<h4>Materia\u0142: tworzywo sztuczne i metal;<br \/>\nOchrona UV400<br \/>\nCertyfikat CE<\/h4>\n<h4><img loading=\"lazy\" decoding=\"async\" class=\"alignnone wp-image-11154 size-full\" src=\"https:\/\/bazarsalg.dk\/wp-content\/uploads\/Stor-choppers-logo-280x280-1.jpg\" alt=\"\" width=\"280\" height=\"280\" \/><\/h4>\n<h4><em>O okularach przeciws\u0142onecznych Choppera<\/em><\/h4>\n<p><strong><em>Okulary przeciws\u0142oneczne w stylu motocyklowym<\/em><\/strong><br \/>\n<em>Okulary przeciws\u0142oneczne Choppers sta\u0142y si\u0119 bardzo popularne w\u015br\u00f3d motocyklist\u00f3w i entuzjast\u00f3w motocykli na ca\u0142ym \u015bwiecie, a zw\u0142aszcza w USA. \u0141atwo zrozumie\u0107, dlaczego dzi\u0119ki ich unikalnym, surowym wzorom i oryginalnym stylom, a tak\u017ce wygodnemu krojowi pasuj\u0105cemu do Twojego Harleya. Okulary przeciws\u0142oneczne Choppers s\u0105 dost\u0119pne w wielu popularnych wzorach, kt\u00f3re z pewno\u015bci\u0105 przyci\u0105gn\u0105 uwag\u0119 ka\u017cdego. Te okulary przeciws\u0142oneczne Chopper z pewno\u015bci\u0105 b\u0119d\u0105 hitem dzi\u0119ki agresywnej stylizacji w\u015br\u00f3d Twoich przyjaci\u00f3\u0142 i znajomych, kt\u00f3rzy r\u00f3wnie\u017c lubi\u0105 ten styl.<br \/>\nBardzo dobrze b\u0119d\u0105 pasowa\u0107 do Twojego motocykla, ameryka\u0144skiego samochodu czy sk\u00f3rzanej kamizelki. Kup par\u0119, zanim si\u0119 wyprzedaj\u0105.<\/em><\/p>","protected":false},"excerpt":{"rendered":"<p><strong>Rozdrabniacz \u2013 8CP6681<\/strong><br \/>\nCzarna b\u0142yszcz\u0105ca ramka ze srebrnymi logo - Ciemne szk\u0142o<br \/>\nPo\u0142owa paska jest srebrna na zewn\u0105trz<br \/>\nPlastikowa ramka<br \/>\nUV400<br \/>\nCertyfikat CE<\/p>\n<p><img loading=\"lazy\" decoding=\"async\" class=\"alignnone wp-image-11155 size-full\" src=\"https:\/\/bazarsalg.dk\/wp-content\/uploads\/Lille-choppers-logo-200x200-1.jpg\" alt=\"\" width=\"200\" height=\"200\" \/><\/p>","protected":false},"featured_media":9498,"comment_status":"open","ping_status":"closed","template":"","meta":{"om_disable_all_campaigns":false,"_monsterinsights_skip_tracking":false,"_monsterinsights_sitenote_active":false,"_monsterinsights_sitenote_note":"","_monsterinsights_sitenote_category":0},"product_brand":[],"product_cat":[1209,1049],"product_tag":[1214,1208,870],"class_list":{"0":"post-9497","1":"product","2":"type-product","3":"status-publish","4":"has-post-thumbnail","6":"product_cat-choppers-solbriller","7":"product_cat-premium-solbriller","8":"product_tag-8cp6681","9":"product_tag-choppers","10":"product_tag-p693","12":"first","13":"outofstock","14":"sale","15":"shipping-taxable","16":"purchasable","17":"product-type-simple"},"yoast_head":"<!-- This site is optimized with the Yoast SEO plugin v27.5 - https:\/\/yoast.com\/product\/yoast-seo-wordpress\/ -->\n<title>Choppers Solbriller - Boston | Blank Sort - S\u00f8lv | K\u00f8b online her | LOCS<\/title>\n<meta name=\"description\" content=\"K\u00f8b Choppers Solbriller - Boston | Blank Sort - S\u00f8lv her | EU&#039;s st\u00f8rste udvalg af LOCS solbriller | Vi sender fra EU - Ingen ekstra import udgifter\" \/>\n<meta name=\"robots\" content=\"index, follow, max-snippet:-1, max-image-preview:large, max-video-preview:-1\" \/>\n<link rel=\"canonical\" href=\"https:\/\/locsshop.eu\/pl\/shop\/choppers-solbriller-boston-blank-sort-soelv\/\" \/>\n<meta property=\"og:locale\" content=\"pl_PL\" \/>\n<meta property=\"og:type\" content=\"article\" \/>\n<meta property=\"og:title\" content=\"Choppers Solbriller - Boston | Blank Sort - S\u00f8lv | K\u00f8b online her | LOCS\" \/>\n<meta property=\"og:description\" content=\"K\u00f8b Choppers Solbriller - Boston | Blank Sort - S\u00f8lv her | EU&#039;s st\u00f8rste udvalg af LOCS solbriller | Vi sender fra EU - Ingen ekstra import udgifter\" \/>\n<meta property=\"og:url\" content=\"https:\/\/locsshop.eu\/pl\/shop\/choppers-solbriller-boston-blank-sort-soelv\/\" \/>\n<meta property=\"og:site_name\" content=\"Locs Sunglasses - LOCS Supplier in EU\" \/>\n<meta property=\"article:modified_time\" content=\"2023-08-31T14:00:05+00:00\" \/>\n<meta property=\"og:image\" content=\"https:\/\/locsshop.eu\/wp-content\/uploads\/2023\/02\/8CP668110.jpg\" \/>\n\t<meta property=\"og:image:width\" content=\"800\" \/>\n\t<meta property=\"og:image:height\" content=\"800\" \/>\n\t<meta property=\"og:image:type\" content=\"image\/jpeg\" \/>\n<meta name=\"twitter:card\" content=\"summary_large_image\" \/>\n<meta name=\"twitter:label1\" content=\"Est. reading time\" \/>\n\t<meta name=\"twitter:data1\" content=\"1 minute\" \/>\n<script type=\"application\/ld+json\" class=\"yoast-schema-graph\">{\"@context\":\"https:\\\/\\\/schema.org\",\"@graph\":[{\"@type\":\"WebPage\",\"@id\":\"https:\\\/\\\/locsshop.eu\\\/shop\\\/choppers-solbriller-boston-blank-sort-soelv\\\/\",\"url\":\"https:\\\/\\\/locsshop.eu\\\/shop\\\/choppers-solbriller-boston-blank-sort-soelv\\\/\",\"name\":\"Choppers Solbriller - Boston | Blank Sort - S\u00f8lv | K\u00f8b online her | LOCS\",\"isPartOf\":{\"@id\":\"https:\\\/\\\/locsshop.eu\\\/#website\"},\"primaryImageOfPage\":{\"@id\":\"https:\\\/\\\/locsshop.eu\\\/shop\\\/choppers-solbriller-boston-blank-sort-soelv\\\/#primaryimage\"},\"image\":{\"@id\":\"https:\\\/\\\/locsshop.eu\\\/shop\\\/choppers-solbriller-boston-blank-sort-soelv\\\/#primaryimage\"},\"thumbnailUrl\":\"https:\\\/\\\/locsshop.eu\\\/wp-content\\\/uploads\\\/2023\\\/02\\\/8CP668110.jpg\",\"datePublished\":\"2023-02-06T10:49:41+00:00\",\"dateModified\":\"2023-08-31T14:00:05+00:00\",\"description\":\"K\u00f8b Choppers Solbriller - Boston | Blank Sort - S\u00f8lv her | EU's st\u00f8rste udvalg af LOCS solbriller | Vi sender fra EU - Ingen ekstra import udgifter\",\"breadcrumb\":{\"@id\":\"https:\\\/\\\/locsshop.eu\\\/shop\\\/choppers-solbriller-boston-blank-sort-soelv\\\/#breadcrumb\"},\"inLanguage\":\"pl-PL\",\"potentialAction\":[{\"@type\":\"ReadAction\",\"target\":[\"https:\\\/\\\/locsshop.eu\\\/shop\\\/choppers-solbriller-boston-blank-sort-soelv\\\/\"]}]},{\"@type\":\"ImageObject\",\"inLanguage\":\"pl-PL\",\"@id\":\"https:\\\/\\\/locsshop.eu\\\/shop\\\/choppers-solbriller-boston-blank-sort-soelv\\\/#primaryimage\",\"url\":\"https:\\\/\\\/locsshop.eu\\\/wp-content\\\/uploads\\\/2023\\\/02\\\/8CP668110.jpg\",\"contentUrl\":\"https:\\\/\\\/locsshop.eu\\\/wp-content\\\/uploads\\\/2023\\\/02\\\/8CP668110.jpg\",\"width\":800,\"height\":800},{\"@type\":\"BreadcrumbList\",\"@id\":\"https:\\\/\\\/locsshop.eu\\\/shop\\\/choppers-solbriller-boston-blank-sort-soelv\\\/#breadcrumb\",\"itemListElement\":[{\"@type\":\"ListItem\",\"position\":1,\"name\":\"Hjem\",\"item\":\"https:\\\/\\\/locsshop.eu\\\/\"},{\"@type\":\"ListItem\",\"position\":2,\"name\":\"Shop\",\"item\":\"https:\\\/\\\/locsshop.eu\\\/shop\\\/\"},{\"@type\":\"ListItem\",\"position\":3,\"name\":\"Choppers Solbriller &#8211; Boston | Blank Sort &#8211; S\u00f8lv\"}]},{\"@type\":\"WebSite\",\"@id\":\"https:\\\/\\\/locsshop.eu\\\/#website\",\"url\":\"https:\\\/\\\/locsshop.eu\\\/\",\"name\":\"Locs Sunglasses - LOCS Supplier in EU\",\"description\":\"We sell cheap LOCS Sunglasses\",\"publisher\":{\"@id\":\"https:\\\/\\\/locsshop.eu\\\/#organization\"},\"potentialAction\":[{\"@type\":\"SearchAction\",\"target\":{\"@type\":\"EntryPoint\",\"urlTemplate\":\"https:\\\/\\\/locsshop.eu\\\/?s={search_term_string}\"},\"query-input\":{\"@type\":\"PropertyValueSpecification\",\"valueRequired\":true,\"valueName\":\"search_term_string\"}}],\"inLanguage\":\"pl-PL\"},{\"@type\":\"Organization\",\"@id\":\"https:\\\/\\\/locsshop.eu\\\/#organization\",\"name\":\"Locsshop.eu\",\"url\":\"https:\\\/\\\/locsshop.eu\\\/\",\"logo\":{\"@type\":\"ImageObject\",\"inLanguage\":\"pl-PL\",\"@id\":\"https:\\\/\\\/locsshop.eu\\\/#\\\/schema\\\/logo\\\/image\\\/\",\"url\":\"https:\\\/\\\/locsshop.eu\\\/wp-content\\\/uploads\\\/2022\\\/02\\\/Locsshop-logo.png\",\"contentUrl\":\"https:\\\/\\\/locsshop.eu\\\/wp-content\\\/uploads\\\/2022\\\/02\\\/Locsshop-logo.png\",\"width\":930,\"height\":200,\"caption\":\"Locsshop.eu\"},\"image\":{\"@id\":\"https:\\\/\\\/locsshop.eu\\\/#\\\/schema\\\/logo\\\/image\\\/\"}}]}<\/script>\n<!-- \/ Yoast SEO plugin. -->","yoast_head_json":{"title":"Okulary przeciws\u0142oneczne Choppers - Boston | B\u0142yszcz\u0105cy czarny - srebrny | Kup online tutaj | MIEJSCE","description":"Kup okulary przeciws\u0142oneczne Choppers - Boston | B\u0142yszcz\u0105cy czarny - srebrny tutaj | Najwi\u0119kszy wyb\u00f3r okular\u00f3w przeciws\u0142onecznych LOCS w UE | Wysy\u0142amy z UE - Bez dodatkowych koszt\u00f3w importu","robots":{"index":"index","follow":"follow","max-snippet":"max-snippet:-1","max-image-preview":"max-image-preview:large","max-video-preview":"max-video-preview:-1"},"canonical":"https:\/\/locsshop.eu\/pl\/shop\/choppers-solbriller-boston-blank-sort-soelv\/","og_locale":"pl_PL","og_type":"article","og_title":"Choppers Solbriller - Boston | Blank Sort - S\u00f8lv | K\u00f8b online her | LOCS","og_description":"K\u00f8b Choppers Solbriller - Boston | Blank Sort - S\u00f8lv her | EU's st\u00f8rste udvalg af LOCS solbriller | Vi sender fra EU - Ingen ekstra import udgifter","og_url":"https:\/\/locsshop.eu\/pl\/shop\/choppers-solbriller-boston-blank-sort-soelv\/","og_site_name":"Locs Sunglasses - LOCS Supplier in EU","article_modified_time":"2023-08-31T14:00:05+00:00","og_image":[{"width":800,"height":800,"url":"https:\/\/locsshop.eu\/wp-content\/uploads\/2023\/02\/8CP668110.jpg","type":"image\/jpeg"}],"twitter_card":"summary_large_image","twitter_misc":{"Est. reading time":"1 minute"},"schema":{"@context":"https:\/\/schema.org","@graph":[{"@type":"WebPage","@id":"https:\/\/locsshop.eu\/shop\/choppers-solbriller-boston-blank-sort-soelv\/","url":"https:\/\/locsshop.eu\/shop\/choppers-solbriller-boston-blank-sort-soelv\/","name":"Okulary przeciws\u0142oneczne Choppers - Boston | B\u0142yszcz\u0105cy czarny - srebrny | Kup online tutaj | MIEJSCE","isPartOf":{"@id":"https:\/\/locsshop.eu\/#website"},"primaryImageOfPage":{"@id":"https:\/\/locsshop.eu\/shop\/choppers-solbriller-boston-blank-sort-soelv\/#primaryimage"},"image":{"@id":"https:\/\/locsshop.eu\/shop\/choppers-solbriller-boston-blank-sort-soelv\/#primaryimage"},"thumbnailUrl":"https:\/\/locsshop.eu\/wp-content\/uploads\/2023\/02\/8CP668110.jpg","datePublished":"2023-02-06T10:49:41+00:00","dateModified":"2023-08-31T14:00:05+00:00","description":"Kup okulary przeciws\u0142oneczne Choppers - Boston | B\u0142yszcz\u0105cy czarny - srebrny tutaj | Najwi\u0119kszy wyb\u00f3r okular\u00f3w przeciws\u0142onecznych LOCS w UE | Wysy\u0142amy z UE - Bez dodatkowych koszt\u00f3w importu","breadcrumb":{"@id":"https:\/\/locsshop.eu\/shop\/choppers-solbriller-boston-blank-sort-soelv\/#breadcrumb"},"inLanguage":"pl-PL","potentialAction":[{"@type":"ReadAction","target":["https:\/\/locsshop.eu\/shop\/choppers-solbriller-boston-blank-sort-soelv\/"]}]},{"@type":"ImageObject","inLanguage":"pl-PL","@id":"https:\/\/locsshop.eu\/shop\/choppers-solbriller-boston-blank-sort-soelv\/#primaryimage","url":"https:\/\/locsshop.eu\/wp-content\/uploads\/2023\/02\/8CP668110.jpg","contentUrl":"https:\/\/locsshop.eu\/wp-content\/uploads\/2023\/02\/8CP668110.jpg","width":800,"height":800},{"@type":"BreadcrumbList","@id":"https:\/\/locsshop.eu\/shop\/choppers-solbriller-boston-blank-sort-soelv\/#breadcrumb","itemListElement":[{"@type":"ListItem","position":1,"name":"Hjem","item":"https:\/\/locsshop.eu\/"},{"@type":"ListItem","position":2,"name":"Shop","item":"https:\/\/locsshop.eu\/shop\/"},{"@type":"ListItem","position":3,"name":"Choppers Solbriller &#8211; Boston | Blank Sort &#8211; S\u00f8lv"}]},{"@type":"WebSite","@id":"https:\/\/locsshop.eu\/#website","url":"https:\/\/locsshop.eu\/","name":"Okulary przeciws\u0142oneczne Locs - Dostawca LOCS w UE","description":"Sprzedajemy tanie okulary przeciws\u0142oneczne LOCS","publisher":{"@id":"https:\/\/locsshop.eu\/#organization"},"potentialAction":[{"@type":"SearchAction","target":{"@type":"EntryPoint","urlTemplate":"https:\/\/locsshop.eu\/?s={search_term_string}"},"query-input":{"@type":"PropertyValueSpecification","valueRequired":true,"valueName":"search_term_string"}}],"inLanguage":"pl-PL"},{"@type":"Organization","@id":"https:\/\/locsshop.eu\/#organization","name":"Locsshop.eu","url":"https:\/\/locsshop.eu\/","logo":{"@type":"ImageObject","inLanguage":"pl-PL","@id":"https:\/\/locsshop.eu\/#\/schema\/logo\/image\/","url":"https:\/\/locsshop.eu\/wp-content\/uploads\/2022\/02\/Locsshop-logo.png","contentUrl":"https:\/\/locsshop.eu\/wp-content\/uploads\/2022\/02\/Locsshop-logo.png","width":930,"height":200,"caption":"Locsshop.eu"},"image":{"@id":"https:\/\/locsshop.eu\/#\/schema\/logo\/image\/"}}]}},"_links":{"self":[{"href":"https:\/\/locsshop.eu\/pl\/wp-json\/wp\/v2\/product\/9497","targetHints":{"allow":["GET"]}}],"collection":[{"href":"https:\/\/locsshop.eu\/pl\/wp-json\/wp\/v2\/product"}],"about":[{"href":"https:\/\/locsshop.eu\/pl\/wp-json\/wp\/v2\/types\/product"}],"replies":[{"embeddable":true,"href":"https:\/\/locsshop.eu\/pl\/wp-json\/wp\/v2\/comments?post=9497"}],"wp:featuredmedia":[{"embeddable":true,"href":"https:\/\/locsshop.eu\/pl\/wp-json\/wp\/v2\/media\/9498"}],"wp:attachment":[{"href":"https:\/\/locsshop.eu\/pl\/wp-json\/wp\/v2\/media?parent=9497"}],"wp:term":[{"taxonomy":"product_brand","embeddable":true,"href":"https:\/\/locsshop.eu\/pl\/wp-json\/wp\/v2\/product_brand?post=9497"},{"taxonomy":"product_cat","embeddable":true,"href":"https:\/\/locsshop.eu\/pl\/wp-json\/wp\/v2\/product_cat?post=9497"},{"taxonomy":"product_tag","embeddable":true,"href":"https:\/\/locsshop.eu\/pl\/wp-json\/wp\/v2\/product_tag?post=9497"}],"curies":[{"name":"wp","href":"https:\/\/api.w.org\/{rel}","templated":true}]}}