{"id":9584,"date":"2023-03-02T19:46:20","date_gmt":"2023-03-02T18:46:20","guid":{"rendered":"https:\/\/locsshop.eu\/shop\/wood-cateye-handout-apparel-bambus-solbriller-moerke-glas\/"},"modified":"2025-07-05T01:55:36","modified_gmt":"2025-07-04T23:55:36","slug":"wood-cateye-handout-apparel-bambus-solbriller-moerke-glas","status":"publish","type":"product","link":"https:\/\/locsshop.eu\/pl\/shop\/wood-cateye-handout-apparel-bambus-solbriller-moerke-glas\/","title":{"rendered":"Wood Cateye Handout Odzie\u017c Bambusowe okulary przeciws\u0142oneczne | Ciemne okulary"},"content":{"rendered":"<h2><strong>Fajne bambusowe okulary przeciws\u0142oneczne Cateye z ciemnymi soczewkami \u2014 w tym. Bambusowe etui<\/strong><\/h2>\n<h4>Te okr\u0105g\u0142e bambusowe okulary przeciws\u0142oneczne cateye maj\u0105 eleganck\u0105 br\u0105zow\u0105 drewnian\u0105 oprawk\u0119 i ciemne soczewki. Idealne na ka\u017cd\u0105 okazj\u0119, te stylowe okulary przeciws\u0142oneczne zosta\u0142y zaprojektowane z my\u015bl\u0105 o komforcie i trwa\u0142o\u015bci.<br \/>\nIch niewielka waga sprawia, \u017ce s\u0105 \u0142atwe do przenoszenia, a ich ponadczasowy kszta\u0142t dodaje fajnego i stylowego ulepszenia do Twojego wygl\u0105du. Dzi\u0119ki ochronie UV 100 % te okulary przeciws\u0142oneczne chroni\u0105 Ci\u0119 przed szkodliwym promieniowaniem s\u0142onecznym.<br \/>\nOkulary przeciws\u0142oneczne maj\u0105 elastyczne pr\u0119ty dla optymalnego komfortu i idealnego dopasowania.<br \/>\nWygrawerowane logo Handout Apparel na s\u0142upkach sprawia, \u017ce okulary wygl\u0105daj\u0105 ekskluzywnie, a logo w kszta\u0142cie serca sygnalizuje, \u017ce kochasz nasz\u0105 natur\u0119 i \u015bwiadomie dbasz o ni\u0105 jak najlepiej, nawet je\u015bli nosisz \u0142adne okulary przeciws\u0142oneczne.<\/h4>\n<h4>Do nowych okular\u00f3w przeciws\u0142onecznych Handout Apparel Bamboo do\u0142\u0105czone jest \u0142adne bambusowe etui, dzi\u0119ki czemu mo\u017cesz je zabra\u0107 ze sob\u0105 wsz\u0119dzie i nie uszkodz\u0105 si\u0119.<\/p>\n<p><span data-text-color=\"secondary\"><strong>Nale\u017cy pami\u0119ta\u0107, \u017ce okulary przeciws\u0142oneczne s\u0105 unikatowe i wyci\u0119te z innego drewna, dlatego nie pasuj\u0105 do zdj\u0119cia 100%, poniewa\u017c tekstura drewna jest inna.<\/strong><\/span><br \/>\n<strong><br \/>\nZalecamy zakup dodatkowego etui, aby Twoje nowe fajne okulary przeciws\u0142oneczne nie porysowa\u0142y si\u0119, gdy s\u0105 w bambusowym etui.<\/strong><br \/>\n<strong>Znajd\u017a nasze walizki w kategorii akcesori\u00f3w i kup dodatkowe tak\u017ce \u015bciereczka do czyszczenia dla optymalnego czyszczenia okular\u00f3w.<\/strong><\/h4>\n<h4><\/h4>\n<p>&nbsp;<\/p>\n<h4><strong><em>Detale:<br \/>\n<\/em><\/strong><br \/>\nSzeroko\u015b\u0107 wewn\u0119trzna: 12,6 cm<br \/>\nWysoko\u015b\u0107: 5,2 cm<br \/>\nD\u0142ugo\u015b\u0107 pr\u0119ta: 14,4 cm<\/h4>\n<p>Materia\u0142: bambus i metal<br \/>\nOchrona UV400<\/p>\n<h4><img loading=\"lazy\" decoding=\"async\" class=\"alignnone wp-image-11258 size-full\" src=\"https:\/\/bazarsalg.dk\/wp-content\/uploads\/handout-apparel-logo-lille.jpg\" alt=\"\" width=\"320\" height=\"218\" \/><\/h4>\n<h4><em>O bambusowych okularach przeciws\u0142onecznych Handout Apparel<\/em><\/h4>\n<p><strong><em>Okulary przeciws\u0142oneczne z trwa\u0142ych materia\u0142\u00f3w<\/em><\/strong><br \/>\nBambusowe okulary przeciws\u0142oneczne to zr\u00f3wnowa\u017cona, uczciwa i niedroga alternatywa dla plastikowych okular\u00f3w przeciws\u0142onecznych.<br \/>\nBambusowe okulary przeciws\u0142oneczne staj\u0105 si\u0119 coraz bardziej popularne. S\u0105 stylowe i lekkie, dzi\u0119ki czemu s\u0105 wygodne w noszeniu przez d\u0142u\u017cszy czas. S\u0105 naturalnie przyjazne dla \u015brodowiska, poniewa\u017c bambus jest zasobem odnawialnym. Zapewniaj\u0105 r\u00f3wnie\u017c dobr\u0105 ochron\u0119 przed s\u0142o\u0144cem i s\u0105 zaskakuj\u0105co trwa\u0142e. Bambusowe okulary przeciws\u0142oneczne s\u0105 naprawd\u0119 wyj\u0105tkowe i dost\u0119pne w wielu r\u00f3\u017cnych kszta\u0142tach, rozmiarach i kolorach. S\u0105 idealne do ka\u017cdej aktywno\u015bci na \u015bwie\u017cym powietrzu, od dnia na pla\u017cy po popo\u0142udniowy spacer. Solidne i modne oprawki sprawiaj\u0105, \u017ce s\u0105 idealnym dodatkiem do ka\u017cdego stroju. Je\u015bli szukasz pary ekologicznych, stylowych okular\u00f3w przeciws\u0142onecznych, bambus jest w\u0142a\u015bciwym rozwi\u0105zaniem dla Ciebie.<\/p>","protected":false},"excerpt":{"rendered":"<p><strong>ODZIE\u017b DO WYSY\u0141KI \u2013 HA-7<\/strong><br \/>\nBr\u0105zowa bambusowa i metalowa rama z wygrawerowanymi logo - Ciemne szk\u0142o<br \/>\nFlex Bars \u2013 dla optymalnego dopasowania<br \/>\nW zestawie bambusowe etui<br \/>\nOchrona UV400<\/p>\n<p><img loading=\"lazy\" decoding=\"async\" class=\"alignnone wp-image-11257 size-full\" src=\"https:\/\/bazarsalg.dk\/wp-content\/uploads\/Earth-Friendly.png\" alt=\"\" width=\"113\" height=\"148\" \/><\/p>","protected":false},"featured_media":9585,"comment_status":"open","ping_status":"closed","template":"","meta":{"om_disable_all_campaigns":false,"_monsterinsights_skip_tracking":false,"_monsterinsights_sitenote_active":false,"_monsterinsights_sitenote_note":"","_monsterinsights_sitenote_category":0},"product_brand":[],"product_cat":[1026,1029,1025,1040,1227,1049],"product_tag":[1224,503,1233,1226],"class_list":{"0":"post-9584","1":"product","2":"type-product","3":"status-publish","4":"has-post-thumbnail","6":"product_cat-dame-solbriller","7":"product_cat-herre-solbriller","8":"product_cat-billige-solbriller","9":"product_cat-clubmaster","10":"product_cat-handout-apparel","11":"product_cat-premium-solbriller","12":"product_tag-apparel","13":"product_tag-bambus","14":"product_tag-ha-7","15":"product_tag-handout","17":"first","18":"instock","19":"shipping-taxable","20":"purchasable","21":"product-type-simple"},"yoast_head":"<!-- This site is optimized with the Yoast SEO plugin v27.5 - https:\/\/yoast.com\/product\/yoast-seo-wordpress\/ -->\n<title>Wood Cateye Handout Apparel Bambus Solbriller | M\u00f8rke glas | K\u00f8b online her | LOCS<\/title>\n<meta name=\"description\" content=\"K\u00f8b Wood Cateye Handout Apparel Bambus Solbriller | M\u00f8rke glas her | EU&#039;s st\u00f8rste udvalg af LOCS solbriller | Vi sender fra EU - Ingen ekstra import udgifter\" \/>\n<meta name=\"robots\" content=\"index, follow, max-snippet:-1, max-image-preview:large, max-video-preview:-1\" \/>\n<link rel=\"canonical\" href=\"https:\/\/locsshop.eu\/pl\/shop\/wood-cateye-handout-apparel-bambus-solbriller-moerke-glas\/\" \/>\n<meta property=\"og:locale\" content=\"pl_PL\" \/>\n<meta property=\"og:type\" content=\"article\" \/>\n<meta property=\"og:title\" content=\"Wood Cateye Handout Apparel Bambus Solbriller | M\u00f8rke glas | K\u00f8b online her | LOCS\" \/>\n<meta property=\"og:description\" content=\"K\u00f8b Wood Cateye Handout Apparel Bambus Solbriller | M\u00f8rke glas her | EU&#039;s st\u00f8rste udvalg af LOCS solbriller | Vi sender fra EU - Ingen ekstra import udgifter\" \/>\n<meta property=\"og:url\" content=\"https:\/\/locsshop.eu\/pl\/shop\/wood-cateye-handout-apparel-bambus-solbriller-moerke-glas\/\" \/>\n<meta property=\"og:site_name\" content=\"Locs Sunglasses - LOCS Supplier in EU\" \/>\n<meta property=\"article:modified_time\" content=\"2025-07-04T23:55:36+00:00\" \/>\n<meta property=\"og:image\" content=\"https:\/\/locsshop.eu\/wp-content\/uploads\/2023\/03\/HA-7-Handout-Apparal-Black6.png\" \/>\n\t<meta property=\"og:image:width\" content=\"800\" \/>\n\t<meta property=\"og:image:height\" content=\"800\" \/>\n\t<meta property=\"og:image:type\" content=\"image\/png\" \/>\n<meta name=\"twitter:card\" content=\"summary_large_image\" \/>\n<meta name=\"twitter:label1\" content=\"Est. reading time\" \/>\n\t<meta name=\"twitter:data1\" content=\"2 minutes\" \/>\n<script type=\"application\/ld+json\" class=\"yoast-schema-graph\">{\"@context\":\"https:\\\/\\\/schema.org\",\"@graph\":[{\"@type\":\"WebPage\",\"@id\":\"https:\\\/\\\/locsshop.eu\\\/shop\\\/wood-cateye-handout-apparel-bambus-solbriller-moerke-glas\\\/\",\"url\":\"https:\\\/\\\/locsshop.eu\\\/shop\\\/wood-cateye-handout-apparel-bambus-solbriller-moerke-glas\\\/\",\"name\":\"Wood Cateye Handout Apparel Bambus Solbriller | M\u00f8rke glas | K\u00f8b online her | LOCS\",\"isPartOf\":{\"@id\":\"https:\\\/\\\/locsshop.eu\\\/#website\"},\"primaryImageOfPage\":{\"@id\":\"https:\\\/\\\/locsshop.eu\\\/shop\\\/wood-cateye-handout-apparel-bambus-solbriller-moerke-glas\\\/#primaryimage\"},\"image\":{\"@id\":\"https:\\\/\\\/locsshop.eu\\\/shop\\\/wood-cateye-handout-apparel-bambus-solbriller-moerke-glas\\\/#primaryimage\"},\"thumbnailUrl\":\"https:\\\/\\\/locsshop.eu\\\/wp-content\\\/uploads\\\/2023\\\/03\\\/HA-7-Handout-Apparal-Black6.png\",\"datePublished\":\"2023-03-02T18:46:20+00:00\",\"dateModified\":\"2025-07-04T23:55:36+00:00\",\"description\":\"K\u00f8b Wood Cateye Handout Apparel Bambus Solbriller | M\u00f8rke glas her | EU's st\u00f8rste udvalg af LOCS solbriller | Vi sender fra EU - Ingen ekstra import udgifter\",\"breadcrumb\":{\"@id\":\"https:\\\/\\\/locsshop.eu\\\/shop\\\/wood-cateye-handout-apparel-bambus-solbriller-moerke-glas\\\/#breadcrumb\"},\"inLanguage\":\"pl-PL\",\"potentialAction\":[{\"@type\":\"ReadAction\",\"target\":[\"https:\\\/\\\/locsshop.eu\\\/shop\\\/wood-cateye-handout-apparel-bambus-solbriller-moerke-glas\\\/\"]}]},{\"@type\":\"ImageObject\",\"inLanguage\":\"pl-PL\",\"@id\":\"https:\\\/\\\/locsshop.eu\\\/shop\\\/wood-cateye-handout-apparel-bambus-solbriller-moerke-glas\\\/#primaryimage\",\"url\":\"https:\\\/\\\/locsshop.eu\\\/wp-content\\\/uploads\\\/2023\\\/03\\\/HA-7-Handout-Apparal-Black6.png\",\"contentUrl\":\"https:\\\/\\\/locsshop.eu\\\/wp-content\\\/uploads\\\/2023\\\/03\\\/HA-7-Handout-Apparal-Black6.png\",\"width\":800,\"height\":800},{\"@type\":\"BreadcrumbList\",\"@id\":\"https:\\\/\\\/locsshop.eu\\\/shop\\\/wood-cateye-handout-apparel-bambus-solbriller-moerke-glas\\\/#breadcrumb\",\"itemListElement\":[{\"@type\":\"ListItem\",\"position\":1,\"name\":\"Hjem\",\"item\":\"https:\\\/\\\/locsshop.eu\\\/\"},{\"@type\":\"ListItem\",\"position\":2,\"name\":\"Shop\",\"item\":\"https:\\\/\\\/locsshop.eu\\\/shop\\\/\"},{\"@type\":\"ListItem\",\"position\":3,\"name\":\"Wood Cateye Handout Apparel Bambus Solbriller | M\u00f8rke glas\"}]},{\"@type\":\"WebSite\",\"@id\":\"https:\\\/\\\/locsshop.eu\\\/#website\",\"url\":\"https:\\\/\\\/locsshop.eu\\\/\",\"name\":\"Locs Sunglasses - LOCS Supplier in EU\",\"description\":\"We sell cheap LOCS Sunglasses\",\"publisher\":{\"@id\":\"https:\\\/\\\/locsshop.eu\\\/#organization\"},\"potentialAction\":[{\"@type\":\"SearchAction\",\"target\":{\"@type\":\"EntryPoint\",\"urlTemplate\":\"https:\\\/\\\/locsshop.eu\\\/?s={search_term_string}\"},\"query-input\":{\"@type\":\"PropertyValueSpecification\",\"valueRequired\":true,\"valueName\":\"search_term_string\"}}],\"inLanguage\":\"pl-PL\"},{\"@type\":\"Organization\",\"@id\":\"https:\\\/\\\/locsshop.eu\\\/#organization\",\"name\":\"Locsshop.eu\",\"url\":\"https:\\\/\\\/locsshop.eu\\\/\",\"logo\":{\"@type\":\"ImageObject\",\"inLanguage\":\"pl-PL\",\"@id\":\"https:\\\/\\\/locsshop.eu\\\/#\\\/schema\\\/logo\\\/image\\\/\",\"url\":\"https:\\\/\\\/locsshop.eu\\\/wp-content\\\/uploads\\\/2022\\\/02\\\/Locsshop-logo.png\",\"contentUrl\":\"https:\\\/\\\/locsshop.eu\\\/wp-content\\\/uploads\\\/2022\\\/02\\\/Locsshop-logo.png\",\"width\":930,\"height\":200,\"caption\":\"Locsshop.eu\"},\"image\":{\"@id\":\"https:\\\/\\\/locsshop.eu\\\/#\\\/schema\\\/logo\\\/image\\\/\"}}]}<\/script>\n<!-- \/ Yoast SEO plugin. -->","yoast_head_json":{"title":"Bambusowe okulary przeciws\u0142oneczne z drewna Cateye | Ciemne okulary | Kup online tutaj | MIEJSCE","description":"Kup bambusowe okulary przeciws\u0142oneczne z drewna Cateye | Ciemne okulary tutaj | Najwi\u0119kszy wyb\u00f3r okular\u00f3w przeciws\u0142onecznych LOCS w UE | Wysy\u0142amy z UE - Bez dodatkowych koszt\u00f3w importu","robots":{"index":"index","follow":"follow","max-snippet":"max-snippet:-1","max-image-preview":"max-image-preview:large","max-video-preview":"max-video-preview:-1"},"canonical":"https:\/\/locsshop.eu\/pl\/shop\/wood-cateye-handout-apparel-bambus-solbriller-moerke-glas\/","og_locale":"pl_PL","og_type":"article","og_title":"Wood Cateye Handout Apparel Bambus Solbriller | M\u00f8rke glas | K\u00f8b online her | LOCS","og_description":"K\u00f8b Wood Cateye Handout Apparel Bambus Solbriller | M\u00f8rke glas her | EU's st\u00f8rste udvalg af LOCS solbriller | Vi sender fra EU - Ingen ekstra import udgifter","og_url":"https:\/\/locsshop.eu\/pl\/shop\/wood-cateye-handout-apparel-bambus-solbriller-moerke-glas\/","og_site_name":"Locs Sunglasses - LOCS Supplier in EU","article_modified_time":"2025-07-04T23:55:36+00:00","og_image":[{"width":800,"height":800,"url":"https:\/\/locsshop.eu\/wp-content\/uploads\/2023\/03\/HA-7-Handout-Apparal-Black6.png","type":"image\/png"}],"twitter_card":"summary_large_image","twitter_misc":{"Est. reading time":"2 minutes"},"schema":{"@context":"https:\/\/schema.org","@graph":[{"@type":"WebPage","@id":"https:\/\/locsshop.eu\/shop\/wood-cateye-handout-apparel-bambus-solbriller-moerke-glas\/","url":"https:\/\/locsshop.eu\/shop\/wood-cateye-handout-apparel-bambus-solbriller-moerke-glas\/","name":"Bambusowe okulary przeciws\u0142oneczne z drewna Cateye | Ciemne okulary | Kup online tutaj | MIEJSCE","isPartOf":{"@id":"https:\/\/locsshop.eu\/#website"},"primaryImageOfPage":{"@id":"https:\/\/locsshop.eu\/shop\/wood-cateye-handout-apparel-bambus-solbriller-moerke-glas\/#primaryimage"},"image":{"@id":"https:\/\/locsshop.eu\/shop\/wood-cateye-handout-apparel-bambus-solbriller-moerke-glas\/#primaryimage"},"thumbnailUrl":"https:\/\/locsshop.eu\/wp-content\/uploads\/2023\/03\/HA-7-Handout-Apparal-Black6.png","datePublished":"2023-03-02T18:46:20+00:00","dateModified":"2025-07-04T23:55:36+00:00","description":"Kup bambusowe okulary przeciws\u0142oneczne z drewna Cateye | Ciemne okulary tutaj | Najwi\u0119kszy wyb\u00f3r okular\u00f3w przeciws\u0142onecznych LOCS w UE | Wysy\u0142amy z UE - Bez dodatkowych koszt\u00f3w importu","breadcrumb":{"@id":"https:\/\/locsshop.eu\/shop\/wood-cateye-handout-apparel-bambus-solbriller-moerke-glas\/#breadcrumb"},"inLanguage":"pl-PL","potentialAction":[{"@type":"ReadAction","target":["https:\/\/locsshop.eu\/shop\/wood-cateye-handout-apparel-bambus-solbriller-moerke-glas\/"]}]},{"@type":"ImageObject","inLanguage":"pl-PL","@id":"https:\/\/locsshop.eu\/shop\/wood-cateye-handout-apparel-bambus-solbriller-moerke-glas\/#primaryimage","url":"https:\/\/locsshop.eu\/wp-content\/uploads\/2023\/03\/HA-7-Handout-Apparal-Black6.png","contentUrl":"https:\/\/locsshop.eu\/wp-content\/uploads\/2023\/03\/HA-7-Handout-Apparal-Black6.png","width":800,"height":800},{"@type":"BreadcrumbList","@id":"https:\/\/locsshop.eu\/shop\/wood-cateye-handout-apparel-bambus-solbriller-moerke-glas\/#breadcrumb","itemListElement":[{"@type":"ListItem","position":1,"name":"Hjem","item":"https:\/\/locsshop.eu\/"},{"@type":"ListItem","position":2,"name":"Shop","item":"https:\/\/locsshop.eu\/shop\/"},{"@type":"ListItem","position":3,"name":"Wood Cateye Handout Apparel Bambus Solbriller | M\u00f8rke glas"}]},{"@type":"WebSite","@id":"https:\/\/locsshop.eu\/#website","url":"https:\/\/locsshop.eu\/","name":"Okulary przeciws\u0142oneczne Locs - Dostawca LOCS w UE","description":"Sprzedajemy tanie okulary przeciws\u0142oneczne LOCS","publisher":{"@id":"https:\/\/locsshop.eu\/#organization"},"potentialAction":[{"@type":"SearchAction","target":{"@type":"EntryPoint","urlTemplate":"https:\/\/locsshop.eu\/?s={search_term_string}"},"query-input":{"@type":"PropertyValueSpecification","valueRequired":true,"valueName":"search_term_string"}}],"inLanguage":"pl-PL"},{"@type":"Organization","@id":"https:\/\/locsshop.eu\/#organization","name":"Locsshop.eu","url":"https:\/\/locsshop.eu\/","logo":{"@type":"ImageObject","inLanguage":"pl-PL","@id":"https:\/\/locsshop.eu\/#\/schema\/logo\/image\/","url":"https:\/\/locsshop.eu\/wp-content\/uploads\/2022\/02\/Locsshop-logo.png","contentUrl":"https:\/\/locsshop.eu\/wp-content\/uploads\/2022\/02\/Locsshop-logo.png","width":930,"height":200,"caption":"Locsshop.eu"},"image":{"@id":"https:\/\/locsshop.eu\/#\/schema\/logo\/image\/"}}]}},"_links":{"self":[{"href":"https:\/\/locsshop.eu\/pl\/wp-json\/wp\/v2\/product\/9584","targetHints":{"allow":["GET"]}}],"collection":[{"href":"https:\/\/locsshop.eu\/pl\/wp-json\/wp\/v2\/product"}],"about":[{"href":"https:\/\/locsshop.eu\/pl\/wp-json\/wp\/v2\/types\/product"}],"replies":[{"embeddable":true,"href":"https:\/\/locsshop.eu\/pl\/wp-json\/wp\/v2\/comments?post=9584"}],"wp:featuredmedia":[{"embeddable":true,"href":"https:\/\/locsshop.eu\/pl\/wp-json\/wp\/v2\/media\/9585"}],"wp:attachment":[{"href":"https:\/\/locsshop.eu\/pl\/wp-json\/wp\/v2\/media?parent=9584"}],"wp:term":[{"taxonomy":"product_brand","embeddable":true,"href":"https:\/\/locsshop.eu\/pl\/wp-json\/wp\/v2\/product_brand?post=9584"},{"taxonomy":"product_cat","embeddable":true,"href":"https:\/\/locsshop.eu\/pl\/wp-json\/wp\/v2\/product_cat?post=9584"},{"taxonomy":"product_tag","embeddable":true,"href":"https:\/\/locsshop.eu\/pl\/wp-json\/wp\/v2\/product_tag?post=9584"}],"curies":[{"name":"wp","href":"https:\/\/api.w.org\/{rel}","templated":true}]}}