{"id":9632,"date":"2023-03-09T15:12:58","date_gmt":"2023-03-09T14:12:58","guid":{"rendered":"https:\/\/locsshop.eu\/shop\/giselle-solbriller-lyon-sort-stel-moerke-plate-glas\/"},"modified":"2023-08-31T15:55:02","modified_gmt":"2023-08-31T13:55:02","slug":"giselle-solbriller-lyon-sort-stel-moerke-plate-glas","status":"publish","type":"product","link":"https:\/\/locsshop.eu\/pl\/shop\/giselle-solbriller-lyon-sort-stel-moerke-plate-glas\/","title":{"rendered":"Giselle Okulary przeciws\u0142oneczne \u2013 Lyon | Czarna ramka - Ciemne szk\u0142o p\u0142askie"},"content":{"rendered":"<h2><strong>B\u0142yszcz\u0105ce czarne okulary Giselle ze wspania\u0142ymi detalami | Ciemne okulary<\/strong><\/h2>\n<h4>Pi\u0119kne czarne damskie okulary przeciws\u0142oneczne z przyjemnymi ciemnymi soczewkami. Maj\u0105 \u0142adny detal, \u017ce to 1 szk\u0142o zakrywa ca\u0142y prz\u00f3d, a nie 2 jak wi\u0119kszo\u015b\u0107 okular\u00f3w przeciws\u0142onecznych.<br \/>\nDaje to naprawd\u0119 \u0142adny i fajny wygl\u0105d.<br \/>\nOkulary przeciws\u0142oneczne s\u0105 ozdobione \u0142adnym wzorem i z\u0142ot\u0105 metalow\u0105 lini\u0105 na ka\u017cdym s\u0142upku, co nadaje tym okularom ekskluzywny wygl\u0105d<\/h4>\n<h4>Giselle Sunglasses to ekskluzywna marka designerskich okular\u00f3w przeciws\u0142onecznych z USA. Okulary przeciws\u0142oneczne Giselle sta\u0142y si\u0119 bardzo popularne w bran\u017cy okular\u00f3w przeciws\u0142onecznych ze wzgl\u0119du na ich wysok\u0105 jako\u015b\u0107, pi\u0119kne wzornictwo i popularne warianty.<br \/>\nTe pi\u0119kne okulary przeciws\u0142oneczne s\u0105 idealne dla \u015bwiadomej mody kobiety, kt\u00f3ra chce wygl\u0105da\u0107 ekskluzywnie, nie przep\u0142acaj\u0105c za drogie markowe produkty.<\/h4>\n<p>&nbsp;<\/p>\n<h4><strong><em>Detale:<br \/>\n<\/em><\/strong><br \/>\nSzeroko\u015b\u0107 wewn\u0119trzna: 13,5 cm<br \/>\nWysoko\u015b\u0107: 5,9 cm<br \/>\nD\u0142ugo\u015b\u0107 pr\u0119ta: 14,7 cm<br \/>\nPowierzchnia: b\u0142yszcz\u0105ca<\/h4>\n<h4>Materia\u0142: tworzywo sztuczne i metal;<br \/>\nOchrona UV400<br \/>\nCertyfikat CE<\/h4>\n<h4><img loading=\"lazy\" decoding=\"async\" class=\"alignnone wp-image-11361 size-full\" src=\"https:\/\/bazarsalg.dk\/wp-content\/uploads\/Giselle-Logo-stor.jpg\" alt=\"\" width=\"295\" height=\"130\" \/><\/h4>\n<h4><em>O okularach przeciws\u0142onecznych Giselle<\/em><\/h4>\n<p><strong>Modne okulary przeciws\u0142oneczne \u2013 g\u0142\u00f3wnie dla kobiet<\/strong><br \/>\n<em>Okulary Giselle sta\u0142y si\u0119 przez lata bardzo popularne ze wzgl\u0119du na sw\u00f3j unikalny styl i kolory. Marka mody damskiej odwo\u0142uje si\u0119 do kobiet w ka\u017cdym wieku. Wykonane s\u0105 z wysokiej jako\u015bci materia\u0142\u00f3w w \u015bwietnej cenie, od klasycznych aviatorer po nowoczesne popularne style. Niezale\u017cnie od tego, czy kobieta szuka stylu Cat-Eye, Aviator czy klasycznego stylu, w okularach przeciws\u0142onecznych Giselle znajdzie dok\u0142adnie to, czego szuka.<br \/>\nWi\u0119c je\u015bli chcesz okulary przeciws\u0142oneczne, kt\u00f3re krzycz\u0105 stylem i ekskluzywno\u015bci\u0105, nie przep\u0142acaj\u0105c za du\u017co, kup par\u0119 okular\u00f3w przeciws\u0142onecznych Giselle, zanim si\u0119 wyprzedaj\u0105.<\/em><\/p>","protected":false},"excerpt":{"rendered":"<p><strong>GISELLE \u2013 8GSL22404<\/strong><br \/>\nB\u0142yszcz\u0105ca czarna ramka<br \/>\nCiemne szk\u0142o<br \/>\n\u0141adny wz\u00f3r i z\u0142ote detale na s\u0142upkach<br \/>\nPlastikowa ramka<br \/>\nUV400<br \/>\nCertyfikat CE<\/p>\n<p><img loading=\"lazy\" decoding=\"async\" class=\"alignnone wp-image-11362 size-full\" src=\"https:\/\/bazarsalg.dk\/wp-content\/uploads\/Giselle-Logo-lille.jpg\" alt=\"\" width=\"207\" height=\"91\" \/><\/p>","protected":false},"featured_media":9633,"comment_status":"open","ping_status":"closed","template":"","meta":{"om_disable_all_campaigns":false,"_monsterinsights_skip_tracking":false,"_monsterinsights_sitenote_active":false,"_monsterinsights_sitenote_note":"","_monsterinsights_sitenote_category":0},"product_brand":[],"product_cat":[1239,1049],"product_tag":[1240,436,1238,870],"class_list":{"0":"post-9632","1":"product","2":"type-product","3":"status-publish","4":"has-post-thumbnail","6":"product_cat-giselle-solbriller","7":"product_cat-premium-solbriller","8":"product_tag-8gsl22404","9":"product_tag-dame","10":"product_tag-giselle","11":"product_tag-p693","13":"first","14":"outofstock","15":"shipping-taxable","16":"purchasable","17":"product-type-simple"},"yoast_head":"<!-- This site is optimized with the Yoast SEO plugin v27.5 - https:\/\/yoast.com\/product\/yoast-seo-wordpress\/ -->\n<title>Giselle Solbriller - Lyon | Sort stel - M\u00f8rke plate glas | K\u00f8b online her | LOCS<\/title>\n<meta name=\"description\" content=\"K\u00f8b Giselle Solbriller - Lyon | Sort stel - M\u00f8rke plate glas her | EU&#039;s st\u00f8rste udvalg af LOCS solbriller | Vi sender fra EU - Ingen ekstra import udgifter\" \/>\n<meta name=\"robots\" content=\"index, follow, max-snippet:-1, max-image-preview:large, max-video-preview:-1\" \/>\n<link rel=\"canonical\" href=\"https:\/\/locsshop.eu\/pl\/shop\/giselle-solbriller-lyon-sort-stel-moerke-plate-glas\/\" \/>\n<meta property=\"og:locale\" content=\"pl_PL\" \/>\n<meta property=\"og:type\" content=\"article\" \/>\n<meta property=\"og:title\" content=\"Giselle Solbriller - Lyon | Sort stel - M\u00f8rke plate glas | K\u00f8b online her | LOCS\" \/>\n<meta property=\"og:description\" content=\"K\u00f8b Giselle Solbriller - Lyon | Sort stel - M\u00f8rke plate glas her | EU&#039;s st\u00f8rste udvalg af LOCS solbriller | Vi sender fra EU - Ingen ekstra import udgifter\" \/>\n<meta property=\"og:url\" content=\"https:\/\/locsshop.eu\/pl\/shop\/giselle-solbriller-lyon-sort-stel-moerke-plate-glas\/\" \/>\n<meta property=\"og:site_name\" content=\"Locs Sunglasses - LOCS Supplier in EU\" \/>\n<meta property=\"article:modified_time\" content=\"2023-08-31T13:55:02+00:00\" \/>\n<meta property=\"og:image\" content=\"https:\/\/locsshop.eu\/wp-content\/uploads\/2023\/03\/8GSL22404-1-Giselle.jpg\" \/>\n\t<meta property=\"og:image:width\" content=\"800\" \/>\n\t<meta property=\"og:image:height\" content=\"800\" \/>\n\t<meta property=\"og:image:type\" content=\"image\/jpeg\" \/>\n<meta name=\"twitter:card\" content=\"summary_large_image\" \/>\n<meta name=\"twitter:label1\" content=\"Est. reading time\" \/>\n\t<meta name=\"twitter:data1\" content=\"1 minute\" \/>\n<script type=\"application\/ld+json\" class=\"yoast-schema-graph\">{\"@context\":\"https:\\\/\\\/schema.org\",\"@graph\":[{\"@type\":\"WebPage\",\"@id\":\"https:\\\/\\\/locsshop.eu\\\/shop\\\/giselle-solbriller-lyon-sort-stel-moerke-plate-glas\\\/\",\"url\":\"https:\\\/\\\/locsshop.eu\\\/shop\\\/giselle-solbriller-lyon-sort-stel-moerke-plate-glas\\\/\",\"name\":\"Giselle Solbriller - Lyon | Sort stel - M\u00f8rke plate glas | K\u00f8b online her | LOCS\",\"isPartOf\":{\"@id\":\"https:\\\/\\\/locsshop.eu\\\/#website\"},\"primaryImageOfPage\":{\"@id\":\"https:\\\/\\\/locsshop.eu\\\/shop\\\/giselle-solbriller-lyon-sort-stel-moerke-plate-glas\\\/#primaryimage\"},\"image\":{\"@id\":\"https:\\\/\\\/locsshop.eu\\\/shop\\\/giselle-solbriller-lyon-sort-stel-moerke-plate-glas\\\/#primaryimage\"},\"thumbnailUrl\":\"https:\\\/\\\/locsshop.eu\\\/wp-content\\\/uploads\\\/2023\\\/03\\\/8GSL22404-1-Giselle.jpg\",\"datePublished\":\"2023-03-09T14:12:58+00:00\",\"dateModified\":\"2023-08-31T13:55:02+00:00\",\"description\":\"K\u00f8b Giselle Solbriller - Lyon | Sort stel - M\u00f8rke plate glas her | EU's st\u00f8rste udvalg af LOCS solbriller | Vi sender fra EU - Ingen ekstra import udgifter\",\"breadcrumb\":{\"@id\":\"https:\\\/\\\/locsshop.eu\\\/shop\\\/giselle-solbriller-lyon-sort-stel-moerke-plate-glas\\\/#breadcrumb\"},\"inLanguage\":\"pl-PL\",\"potentialAction\":[{\"@type\":\"ReadAction\",\"target\":[\"https:\\\/\\\/locsshop.eu\\\/shop\\\/giselle-solbriller-lyon-sort-stel-moerke-plate-glas\\\/\"]}]},{\"@type\":\"ImageObject\",\"inLanguage\":\"pl-PL\",\"@id\":\"https:\\\/\\\/locsshop.eu\\\/shop\\\/giselle-solbriller-lyon-sort-stel-moerke-plate-glas\\\/#primaryimage\",\"url\":\"https:\\\/\\\/locsshop.eu\\\/wp-content\\\/uploads\\\/2023\\\/03\\\/8GSL22404-1-Giselle.jpg\",\"contentUrl\":\"https:\\\/\\\/locsshop.eu\\\/wp-content\\\/uploads\\\/2023\\\/03\\\/8GSL22404-1-Giselle.jpg\",\"width\":800,\"height\":800},{\"@type\":\"BreadcrumbList\",\"@id\":\"https:\\\/\\\/locsshop.eu\\\/shop\\\/giselle-solbriller-lyon-sort-stel-moerke-plate-glas\\\/#breadcrumb\",\"itemListElement\":[{\"@type\":\"ListItem\",\"position\":1,\"name\":\"Hjem\",\"item\":\"https:\\\/\\\/locsshop.eu\\\/\"},{\"@type\":\"ListItem\",\"position\":2,\"name\":\"Shop\",\"item\":\"https:\\\/\\\/locsshop.eu\\\/shop\\\/\"},{\"@type\":\"ListItem\",\"position\":3,\"name\":\"Giselle Solbriller &#8211; Lyon | Sort stel &#8211; M\u00f8rke plate glas\"}]},{\"@type\":\"WebSite\",\"@id\":\"https:\\\/\\\/locsshop.eu\\\/#website\",\"url\":\"https:\\\/\\\/locsshop.eu\\\/\",\"name\":\"Locs Sunglasses - LOCS Supplier in EU\",\"description\":\"We sell cheap LOCS Sunglasses\",\"publisher\":{\"@id\":\"https:\\\/\\\/locsshop.eu\\\/#organization\"},\"potentialAction\":[{\"@type\":\"SearchAction\",\"target\":{\"@type\":\"EntryPoint\",\"urlTemplate\":\"https:\\\/\\\/locsshop.eu\\\/?s={search_term_string}\"},\"query-input\":{\"@type\":\"PropertyValueSpecification\",\"valueRequired\":true,\"valueName\":\"search_term_string\"}}],\"inLanguage\":\"pl-PL\"},{\"@type\":\"Organization\",\"@id\":\"https:\\\/\\\/locsshop.eu\\\/#organization\",\"name\":\"Locsshop.eu\",\"url\":\"https:\\\/\\\/locsshop.eu\\\/\",\"logo\":{\"@type\":\"ImageObject\",\"inLanguage\":\"pl-PL\",\"@id\":\"https:\\\/\\\/locsshop.eu\\\/#\\\/schema\\\/logo\\\/image\\\/\",\"url\":\"https:\\\/\\\/locsshop.eu\\\/wp-content\\\/uploads\\\/2022\\\/02\\\/Locsshop-logo.png\",\"contentUrl\":\"https:\\\/\\\/locsshop.eu\\\/wp-content\\\/uploads\\\/2022\\\/02\\\/Locsshop-logo.png\",\"width\":930,\"height\":200,\"caption\":\"Locsshop.eu\"},\"image\":{\"@id\":\"https:\\\/\\\/locsshop.eu\\\/#\\\/schema\\\/logo\\\/image\\\/\"}}]}<\/script>\n<!-- \/ Yoast SEO plugin. -->","yoast_head_json":{"title":"Okulary przeciws\u0142oneczne Giselle - Lyon | Czarna ramka - Ciemne szk\u0142o p\u0142askie | Kup online tutaj | MIEJSCE","description":"Kup okulary przeciws\u0142oneczne Giselle - Lyon | Czarna ramka - Ciemne szk\u0142o tutaj | Najwi\u0119kszy wyb\u00f3r okular\u00f3w przeciws\u0142onecznych LOCS w UE | Wysy\u0142amy z UE - Bez dodatkowych koszt\u00f3w importu","robots":{"index":"index","follow":"follow","max-snippet":"max-snippet:-1","max-image-preview":"max-image-preview:large","max-video-preview":"max-video-preview:-1"},"canonical":"https:\/\/locsshop.eu\/pl\/shop\/giselle-solbriller-lyon-sort-stel-moerke-plate-glas\/","og_locale":"pl_PL","og_type":"article","og_title":"Giselle Solbriller - Lyon | Sort stel - M\u00f8rke plate glas | K\u00f8b online her | LOCS","og_description":"K\u00f8b Giselle Solbriller - Lyon | Sort stel - M\u00f8rke plate glas her | EU's st\u00f8rste udvalg af LOCS solbriller | Vi sender fra EU - Ingen ekstra import udgifter","og_url":"https:\/\/locsshop.eu\/pl\/shop\/giselle-solbriller-lyon-sort-stel-moerke-plate-glas\/","og_site_name":"Locs Sunglasses - LOCS Supplier in EU","article_modified_time":"2023-08-31T13:55:02+00:00","og_image":[{"width":800,"height":800,"url":"https:\/\/locsshop.eu\/wp-content\/uploads\/2023\/03\/8GSL22404-1-Giselle.jpg","type":"image\/jpeg"}],"twitter_card":"summary_large_image","twitter_misc":{"Est. reading time":"1 minute"},"schema":{"@context":"https:\/\/schema.org","@graph":[{"@type":"WebPage","@id":"https:\/\/locsshop.eu\/shop\/giselle-solbriller-lyon-sort-stel-moerke-plate-glas\/","url":"https:\/\/locsshop.eu\/shop\/giselle-solbriller-lyon-sort-stel-moerke-plate-glas\/","name":"Okulary przeciws\u0142oneczne Giselle - Lyon | Czarna ramka - Ciemne szk\u0142o p\u0142askie | Kup online tutaj | MIEJSCE","isPartOf":{"@id":"https:\/\/locsshop.eu\/#website"},"primaryImageOfPage":{"@id":"https:\/\/locsshop.eu\/shop\/giselle-solbriller-lyon-sort-stel-moerke-plate-glas\/#primaryimage"},"image":{"@id":"https:\/\/locsshop.eu\/shop\/giselle-solbriller-lyon-sort-stel-moerke-plate-glas\/#primaryimage"},"thumbnailUrl":"https:\/\/locsshop.eu\/wp-content\/uploads\/2023\/03\/8GSL22404-1-Giselle.jpg","datePublished":"2023-03-09T14:12:58+00:00","dateModified":"2023-08-31T13:55:02+00:00","description":"Kup okulary przeciws\u0142oneczne Giselle - Lyon | Czarna ramka - Ciemne szk\u0142o tutaj | Najwi\u0119kszy wyb\u00f3r okular\u00f3w przeciws\u0142onecznych LOCS w UE | Wysy\u0142amy z UE - Bez dodatkowych koszt\u00f3w importu","breadcrumb":{"@id":"https:\/\/locsshop.eu\/shop\/giselle-solbriller-lyon-sort-stel-moerke-plate-glas\/#breadcrumb"},"inLanguage":"pl-PL","potentialAction":[{"@type":"ReadAction","target":["https:\/\/locsshop.eu\/shop\/giselle-solbriller-lyon-sort-stel-moerke-plate-glas\/"]}]},{"@type":"ImageObject","inLanguage":"pl-PL","@id":"https:\/\/locsshop.eu\/shop\/giselle-solbriller-lyon-sort-stel-moerke-plate-glas\/#primaryimage","url":"https:\/\/locsshop.eu\/wp-content\/uploads\/2023\/03\/8GSL22404-1-Giselle.jpg","contentUrl":"https:\/\/locsshop.eu\/wp-content\/uploads\/2023\/03\/8GSL22404-1-Giselle.jpg","width":800,"height":800},{"@type":"BreadcrumbList","@id":"https:\/\/locsshop.eu\/shop\/giselle-solbriller-lyon-sort-stel-moerke-plate-glas\/#breadcrumb","itemListElement":[{"@type":"ListItem","position":1,"name":"Hjem","item":"https:\/\/locsshop.eu\/"},{"@type":"ListItem","position":2,"name":"Shop","item":"https:\/\/locsshop.eu\/shop\/"},{"@type":"ListItem","position":3,"name":"Giselle Solbriller &#8211; Lyon | Sort stel &#8211; M\u00f8rke plate glas"}]},{"@type":"WebSite","@id":"https:\/\/locsshop.eu\/#website","url":"https:\/\/locsshop.eu\/","name":"Okulary przeciws\u0142oneczne Locs - Dostawca LOCS w UE","description":"Sprzedajemy tanie okulary przeciws\u0142oneczne LOCS","publisher":{"@id":"https:\/\/locsshop.eu\/#organization"},"potentialAction":[{"@type":"SearchAction","target":{"@type":"EntryPoint","urlTemplate":"https:\/\/locsshop.eu\/?s={search_term_string}"},"query-input":{"@type":"PropertyValueSpecification","valueRequired":true,"valueName":"search_term_string"}}],"inLanguage":"pl-PL"},{"@type":"Organization","@id":"https:\/\/locsshop.eu\/#organization","name":"Locsshop.eu","url":"https:\/\/locsshop.eu\/","logo":{"@type":"ImageObject","inLanguage":"pl-PL","@id":"https:\/\/locsshop.eu\/#\/schema\/logo\/image\/","url":"https:\/\/locsshop.eu\/wp-content\/uploads\/2022\/02\/Locsshop-logo.png","contentUrl":"https:\/\/locsshop.eu\/wp-content\/uploads\/2022\/02\/Locsshop-logo.png","width":930,"height":200,"caption":"Locsshop.eu"},"image":{"@id":"https:\/\/locsshop.eu\/#\/schema\/logo\/image\/"}}]}},"_links":{"self":[{"href":"https:\/\/locsshop.eu\/pl\/wp-json\/wp\/v2\/product\/9632","targetHints":{"allow":["GET"]}}],"collection":[{"href":"https:\/\/locsshop.eu\/pl\/wp-json\/wp\/v2\/product"}],"about":[{"href":"https:\/\/locsshop.eu\/pl\/wp-json\/wp\/v2\/types\/product"}],"replies":[{"embeddable":true,"href":"https:\/\/locsshop.eu\/pl\/wp-json\/wp\/v2\/comments?post=9632"}],"wp:featuredmedia":[{"embeddable":true,"href":"https:\/\/locsshop.eu\/pl\/wp-json\/wp\/v2\/media\/9633"}],"wp:attachment":[{"href":"https:\/\/locsshop.eu\/pl\/wp-json\/wp\/v2\/media?parent=9632"}],"wp:term":[{"taxonomy":"product_brand","embeddable":true,"href":"https:\/\/locsshop.eu\/pl\/wp-json\/wp\/v2\/product_brand?post=9632"},{"taxonomy":"product_cat","embeddable":true,"href":"https:\/\/locsshop.eu\/pl\/wp-json\/wp\/v2\/product_cat?post=9632"},{"taxonomy":"product_tag","embeddable":true,"href":"https:\/\/locsshop.eu\/pl\/wp-json\/wp\/v2\/product_tag?post=9632"}],"curies":[{"name":"wp","href":"https:\/\/api.w.org\/{rel}","templated":true}]}}