{"id":9648,"date":"2023-03-14T10:27:09","date_gmt":"2023-03-14T09:27:09","guid":{"rendered":"https:\/\/locsshop.eu\/shop\/millionaire-natkoerebriller-antonio\/"},"modified":"2025-08-16T22:53:02","modified_gmt":"2025-08-16T20:53:02","slug":"millionaire-natkoerebriller-antonio","status":"publish","type":"product","link":"https:\/\/locsshop.eu\/pl\/shop\/millionaire-natkoerebriller-antonio\/","title":{"rendered":"Gogle do jazdy nocnej milionera \u2013 Antonio"},"content":{"rendered":"<h2>Okulary do jazdy Cool Millionaire Night, kt\u00f3re optymalizuj\u0105 widzenie podczas jazdy noc\u0105<\/h2>\n<p>Te czarne okulary do jazdy nocnej milionera maj\u0105 \u017c\u00f3\u0142te soczewki, kt\u00f3re redukuj\u0105 odblaski \u015bwiate\u0142 ulicznych i reflektor\u00f3w samochodowych.<br \/>\nDo\u015bwiadczysz lepszego widzenia podczas jazdy wieczorem i s\u0105 naprawd\u0119 dobre dla os\u00f3b, kt\u00f3re czuj\u0105 si\u0119 niekomfortowo podczas jazdy po zmroku z powodu o\u015blepiania i ograniczonej widoczno\u015bci.<br \/>\nGogle do jazdy w nocy s\u0105 r\u00f3wnie\u017c dobre na przyk\u0142ad w \u015bnie\u017cn\u0105 pogod\u0119, poniewa\u017c usuwaj\u0105 odblaski z bia\u0142ego \u015bniegu.<br \/>\nOkulary mog\u0105 by\u0107 r\u00f3wnie\u017c u\u017cywane w ci\u0105gu dnia, aby uzyska\u0107 troch\u0119 wi\u0119cej \u015bwiat\u0142a. Oczywi\u015bcie mo\u017cna je r\u00f3wnie\u017c wykorzysta\u0107 na imprezy i przebieranki.<\/p>\n<p>D\u0142ugo\u015b\u0107 pr\u0119ta: 13,7 cm.<br \/>\nSzeroko\u015b\u0107 wewn\u0119trzna: 13 cm.<br \/>\nWysoko\u015b\u0107: 5,5 cm.<\/p>\n<p>Rama materia\u0142owa: tworzywo sztuczne<br \/>\nOchrona UV400<\/p>\n<p><strong>Efekt okular\u00f3w do jazdy w nocy<\/strong><\/p>\n<p><img loading=\"lazy\" decoding=\"async\" class=\"alignnone wp-image-4812\" src=\"https:\/\/billigsolbrille.dk\/wp-content\/uploads\/2020\/11\/natkoerebriller.jpg\" alt=\"\" width=\"500\" height=\"500\" \/><\/p>","protected":false},"excerpt":{"rendered":"<ul>\n<li>Zmniejsza odblaski<\/li>\n<li>Optymalizuje widoczno\u015b\u0107 podczas jazdy noc\u0105<\/li>\n<li>Ochrona przed promieniowaniem UV<\/li>\n<\/ul>","protected":false},"featured_media":9649,"comment_status":"open","ping_status":"closed","template":"","meta":{"om_disable_all_campaigns":false,"_monsterinsights_skip_tracking":false,"_monsterinsights_sitenote_active":false,"_monsterinsights_sitenote_note":"","_monsterinsights_sitenote_category":0},"product_brand":[],"product_cat":[1026,1029,1025,1031,1036,1034],"product_tag":[743,1243,446],"class_list":{"0":"post-9648","1":"product","2":"type-product","3":"status-publish","4":"has-post-thumbnail","6":"product_cat-dame-solbriller","7":"product_cat-herre-solbriller","8":"product_cat-billige-solbriller","9":"product_cat-festbriller","10":"product_cat-millionaire","11":"product_cat-natkoerebriller","12":"product_tag-frosty","13":"product_tag-jb-427-526","14":"product_tag-natkoerebriller","16":"first","17":"outofstock","18":"shipping-taxable","19":"purchasable","20":"product-type-simple"},"yoast_head":"<!-- This site is optimized with the Yoast SEO plugin v27.5 - https:\/\/yoast.com\/product\/yoast-seo-wordpress\/ -->\n<title>Millionaire Natk\u00f8rebriller - Antonio | K\u00f8b online her | LOCS<\/title>\n<meta name=\"description\" content=\"K\u00f8b Millionaire Natk\u00f8rebriller - Antonio her | EU&#039;s st\u00f8rste udvalg af LOCS solbriller | Vi sender fra EU - Ingen ekstra import udgifter\" \/>\n<meta name=\"robots\" content=\"index, follow, max-snippet:-1, max-image-preview:large, max-video-preview:-1\" \/>\n<link rel=\"canonical\" href=\"https:\/\/locsshop.eu\/pl\/shop\/millionaire-natkoerebriller-antonio\/\" \/>\n<meta property=\"og:locale\" content=\"pl_PL\" \/>\n<meta property=\"og:type\" content=\"article\" \/>\n<meta property=\"og:title\" content=\"Millionaire Natk\u00f8rebriller - Antonio | K\u00f8b online her | LOCS\" \/>\n<meta property=\"og:description\" content=\"K\u00f8b Millionaire Natk\u00f8rebriller - Antonio her | EU&#039;s st\u00f8rste udvalg af LOCS solbriller | Vi sender fra EU - Ingen ekstra import udgifter\" \/>\n<meta property=\"og:url\" content=\"https:\/\/locsshop.eu\/pl\/shop\/millionaire-natkoerebriller-antonio\/\" \/>\n<meta property=\"og:site_name\" content=\"Locs Sunglasses - LOCS Supplier in EU\" \/>\n<meta property=\"article:modified_time\" content=\"2025-08-16T20:53:02+00:00\" \/>\n<meta property=\"og:image\" content=\"https:\/\/locsshop.eu\/wp-content\/uploads\/2023\/03\/427-526-koerebriller1.jpg\" \/>\n\t<meta property=\"og:image:width\" content=\"800\" \/>\n\t<meta property=\"og:image:height\" content=\"800\" \/>\n\t<meta property=\"og:image:type\" content=\"image\/jpeg\" \/>\n<meta name=\"twitter:card\" content=\"summary_large_image\" \/>\n<meta name=\"twitter:label1\" content=\"Est. reading time\" \/>\n\t<meta name=\"twitter:data1\" content=\"1 minute\" \/>\n<script type=\"application\/ld+json\" class=\"yoast-schema-graph\">{\"@context\":\"https:\\\/\\\/schema.org\",\"@graph\":[{\"@type\":\"WebPage\",\"@id\":\"https:\\\/\\\/locsshop.eu\\\/shop\\\/millionaire-natkoerebriller-antonio\\\/\",\"url\":\"https:\\\/\\\/locsshop.eu\\\/shop\\\/millionaire-natkoerebriller-antonio\\\/\",\"name\":\"Millionaire Natk\u00f8rebriller - Antonio | K\u00f8b online her | LOCS\",\"isPartOf\":{\"@id\":\"https:\\\/\\\/locsshop.eu\\\/#website\"},\"primaryImageOfPage\":{\"@id\":\"https:\\\/\\\/locsshop.eu\\\/shop\\\/millionaire-natkoerebriller-antonio\\\/#primaryimage\"},\"image\":{\"@id\":\"https:\\\/\\\/locsshop.eu\\\/shop\\\/millionaire-natkoerebriller-antonio\\\/#primaryimage\"},\"thumbnailUrl\":\"https:\\\/\\\/locsshop.eu\\\/wp-content\\\/uploads\\\/2023\\\/03\\\/427-526-koerebriller1.jpg\",\"datePublished\":\"2023-03-14T09:27:09+00:00\",\"dateModified\":\"2025-08-16T20:53:02+00:00\",\"description\":\"K\u00f8b Millionaire Natk\u00f8rebriller - Antonio her | EU's st\u00f8rste udvalg af LOCS solbriller | Vi sender fra EU - Ingen ekstra import udgifter\",\"breadcrumb\":{\"@id\":\"https:\\\/\\\/locsshop.eu\\\/shop\\\/millionaire-natkoerebriller-antonio\\\/#breadcrumb\"},\"inLanguage\":\"pl-PL\",\"potentialAction\":[{\"@type\":\"ReadAction\",\"target\":[\"https:\\\/\\\/locsshop.eu\\\/shop\\\/millionaire-natkoerebriller-antonio\\\/\"]}]},{\"@type\":\"ImageObject\",\"inLanguage\":\"pl-PL\",\"@id\":\"https:\\\/\\\/locsshop.eu\\\/shop\\\/millionaire-natkoerebriller-antonio\\\/#primaryimage\",\"url\":\"https:\\\/\\\/locsshop.eu\\\/wp-content\\\/uploads\\\/2023\\\/03\\\/427-526-koerebriller1.jpg\",\"contentUrl\":\"https:\\\/\\\/locsshop.eu\\\/wp-content\\\/uploads\\\/2023\\\/03\\\/427-526-koerebriller1.jpg\",\"width\":800,\"height\":800},{\"@type\":\"BreadcrumbList\",\"@id\":\"https:\\\/\\\/locsshop.eu\\\/shop\\\/millionaire-natkoerebriller-antonio\\\/#breadcrumb\",\"itemListElement\":[{\"@type\":\"ListItem\",\"position\":1,\"name\":\"Hjem\",\"item\":\"https:\\\/\\\/locsshop.eu\\\/\"},{\"@type\":\"ListItem\",\"position\":2,\"name\":\"Shop\",\"item\":\"https:\\\/\\\/locsshop.eu\\\/shop\\\/\"},{\"@type\":\"ListItem\",\"position\":3,\"name\":\"Millionaire Natk\u00f8rebriller &#8211; Antonio\"}]},{\"@type\":\"WebSite\",\"@id\":\"https:\\\/\\\/locsshop.eu\\\/#website\",\"url\":\"https:\\\/\\\/locsshop.eu\\\/\",\"name\":\"Locs Sunglasses - LOCS Supplier in EU\",\"description\":\"We sell cheap LOCS Sunglasses\",\"publisher\":{\"@id\":\"https:\\\/\\\/locsshop.eu\\\/#organization\"},\"potentialAction\":[{\"@type\":\"SearchAction\",\"target\":{\"@type\":\"EntryPoint\",\"urlTemplate\":\"https:\\\/\\\/locsshop.eu\\\/?s={search_term_string}\"},\"query-input\":{\"@type\":\"PropertyValueSpecification\",\"valueRequired\":true,\"valueName\":\"search_term_string\"}}],\"inLanguage\":\"pl-PL\"},{\"@type\":\"Organization\",\"@id\":\"https:\\\/\\\/locsshop.eu\\\/#organization\",\"name\":\"Locsshop.eu\",\"url\":\"https:\\\/\\\/locsshop.eu\\\/\",\"logo\":{\"@type\":\"ImageObject\",\"inLanguage\":\"pl-PL\",\"@id\":\"https:\\\/\\\/locsshop.eu\\\/#\\\/schema\\\/logo\\\/image\\\/\",\"url\":\"https:\\\/\\\/locsshop.eu\\\/wp-content\\\/uploads\\\/2022\\\/02\\\/Locsshop-logo.png\",\"contentUrl\":\"https:\\\/\\\/locsshop.eu\\\/wp-content\\\/uploads\\\/2022\\\/02\\\/Locsshop-logo.png\",\"width\":930,\"height\":200,\"caption\":\"Locsshop.eu\"},\"image\":{\"@id\":\"https:\\\/\\\/locsshop.eu\\\/#\\\/schema\\\/logo\\\/image\\\/\"}}]}<\/script>\n<!-- \/ Yoast SEO plugin. -->","yoast_head_json":{"title":"Gogle do jazdy noc\u0105 Millionaire - Antonio | Kup online tutaj | MIEJSCE","description":"Kup gogle Millionaire Night Driving Goggle - Antonio tutaj | Najwi\u0119kszy wyb\u00f3r okular\u00f3w przeciws\u0142onecznych LOCS w UE | Wysy\u0142amy z UE - Bez dodatkowych koszt\u00f3w importu","robots":{"index":"index","follow":"follow","max-snippet":"max-snippet:-1","max-image-preview":"max-image-preview:large","max-video-preview":"max-video-preview:-1"},"canonical":"https:\/\/locsshop.eu\/pl\/shop\/millionaire-natkoerebriller-antonio\/","og_locale":"pl_PL","og_type":"article","og_title":"Millionaire Natk\u00f8rebriller - Antonio | K\u00f8b online her | LOCS","og_description":"K\u00f8b Millionaire Natk\u00f8rebriller - Antonio her | EU's st\u00f8rste udvalg af LOCS solbriller | Vi sender fra EU - Ingen ekstra import udgifter","og_url":"https:\/\/locsshop.eu\/pl\/shop\/millionaire-natkoerebriller-antonio\/","og_site_name":"Locs Sunglasses - LOCS Supplier in EU","article_modified_time":"2025-08-16T20:53:02+00:00","og_image":[{"width":800,"height":800,"url":"https:\/\/locsshop.eu\/wp-content\/uploads\/2023\/03\/427-526-koerebriller1.jpg","type":"image\/jpeg"}],"twitter_card":"summary_large_image","twitter_misc":{"Est. reading time":"1 minute"},"schema":{"@context":"https:\/\/schema.org","@graph":[{"@type":"WebPage","@id":"https:\/\/locsshop.eu\/shop\/millionaire-natkoerebriller-antonio\/","url":"https:\/\/locsshop.eu\/shop\/millionaire-natkoerebriller-antonio\/","name":"Gogle do jazdy noc\u0105 Millionaire - Antonio | Kup online tutaj | MIEJSCE","isPartOf":{"@id":"https:\/\/locsshop.eu\/#website"},"primaryImageOfPage":{"@id":"https:\/\/locsshop.eu\/shop\/millionaire-natkoerebriller-antonio\/#primaryimage"},"image":{"@id":"https:\/\/locsshop.eu\/shop\/millionaire-natkoerebriller-antonio\/#primaryimage"},"thumbnailUrl":"https:\/\/locsshop.eu\/wp-content\/uploads\/2023\/03\/427-526-koerebriller1.jpg","datePublished":"2023-03-14T09:27:09+00:00","dateModified":"2025-08-16T20:53:02+00:00","description":"Kup gogle Millionaire Night Driving Goggle - Antonio tutaj | Najwi\u0119kszy wyb\u00f3r okular\u00f3w przeciws\u0142onecznych LOCS w UE | Wysy\u0142amy z UE - Bez dodatkowych koszt\u00f3w importu","breadcrumb":{"@id":"https:\/\/locsshop.eu\/shop\/millionaire-natkoerebriller-antonio\/#breadcrumb"},"inLanguage":"pl-PL","potentialAction":[{"@type":"ReadAction","target":["https:\/\/locsshop.eu\/shop\/millionaire-natkoerebriller-antonio\/"]}]},{"@type":"ImageObject","inLanguage":"pl-PL","@id":"https:\/\/locsshop.eu\/shop\/millionaire-natkoerebriller-antonio\/#primaryimage","url":"https:\/\/locsshop.eu\/wp-content\/uploads\/2023\/03\/427-526-koerebriller1.jpg","contentUrl":"https:\/\/locsshop.eu\/wp-content\/uploads\/2023\/03\/427-526-koerebriller1.jpg","width":800,"height":800},{"@type":"BreadcrumbList","@id":"https:\/\/locsshop.eu\/shop\/millionaire-natkoerebriller-antonio\/#breadcrumb","itemListElement":[{"@type":"ListItem","position":1,"name":"Hjem","item":"https:\/\/locsshop.eu\/"},{"@type":"ListItem","position":2,"name":"Shop","item":"https:\/\/locsshop.eu\/shop\/"},{"@type":"ListItem","position":3,"name":"Millionaire Natk\u00f8rebriller &#8211; Antonio"}]},{"@type":"WebSite","@id":"https:\/\/locsshop.eu\/#website","url":"https:\/\/locsshop.eu\/","name":"Okulary przeciws\u0142oneczne Locs - Dostawca LOCS w UE","description":"Sprzedajemy tanie okulary przeciws\u0142oneczne LOCS","publisher":{"@id":"https:\/\/locsshop.eu\/#organization"},"potentialAction":[{"@type":"SearchAction","target":{"@type":"EntryPoint","urlTemplate":"https:\/\/locsshop.eu\/?s={search_term_string}"},"query-input":{"@type":"PropertyValueSpecification","valueRequired":true,"valueName":"search_term_string"}}],"inLanguage":"pl-PL"},{"@type":"Organization","@id":"https:\/\/locsshop.eu\/#organization","name":"Locsshop.eu","url":"https:\/\/locsshop.eu\/","logo":{"@type":"ImageObject","inLanguage":"pl-PL","@id":"https:\/\/locsshop.eu\/#\/schema\/logo\/image\/","url":"https:\/\/locsshop.eu\/wp-content\/uploads\/2022\/02\/Locsshop-logo.png","contentUrl":"https:\/\/locsshop.eu\/wp-content\/uploads\/2022\/02\/Locsshop-logo.png","width":930,"height":200,"caption":"Locsshop.eu"},"image":{"@id":"https:\/\/locsshop.eu\/#\/schema\/logo\/image\/"}}]}},"_links":{"self":[{"href":"https:\/\/locsshop.eu\/pl\/wp-json\/wp\/v2\/product\/9648","targetHints":{"allow":["GET"]}}],"collection":[{"href":"https:\/\/locsshop.eu\/pl\/wp-json\/wp\/v2\/product"}],"about":[{"href":"https:\/\/locsshop.eu\/pl\/wp-json\/wp\/v2\/types\/product"}],"replies":[{"embeddable":true,"href":"https:\/\/locsshop.eu\/pl\/wp-json\/wp\/v2\/comments?post=9648"}],"wp:featuredmedia":[{"embeddable":true,"href":"https:\/\/locsshop.eu\/pl\/wp-json\/wp\/v2\/media\/9649"}],"wp:attachment":[{"href":"https:\/\/locsshop.eu\/pl\/wp-json\/wp\/v2\/media?parent=9648"}],"wp:term":[{"taxonomy":"product_brand","embeddable":true,"href":"https:\/\/locsshop.eu\/pl\/wp-json\/wp\/v2\/product_brand?post=9648"},{"taxonomy":"product_cat","embeddable":true,"href":"https:\/\/locsshop.eu\/pl\/wp-json\/wp\/v2\/product_cat?post=9648"},{"taxonomy":"product_tag","embeddable":true,"href":"https:\/\/locsshop.eu\/pl\/wp-json\/wp\/v2\/product_tag?post=9648"}],"curies":[{"name":"wp","href":"https:\/\/api.w.org\/{rel}","templated":true}]}}