{"id":9883,"date":"2023-04-29T23:31:06","date_gmt":"2023-04-29T21:31:06","guid":{"rendered":"https:\/\/locsshop.eu\/shop\/transparente-wayfarer-solbriller-med-farvede-staenger-pink-stribe\/"},"modified":"2025-05-18T09:14:32","modified_gmt":"2025-05-18T07:14:32","slug":"transparente-wayfarer-solbriller-med-farvede-staenger-pink-stribe","status":"publish","type":"product","link":"https:\/\/locsshop.eu\/pl\/shop\/transparente-wayfarer-solbriller-med-farvede-staenger-pink-stribe\/","title":{"rendered":"Przezroczyste okulary przeciws\u0142oneczne Wayfarer z kolorowymi zausznikami - r\u00f3\u017cowy pasek"},"content":{"rendered":"<h2>Przezroczyste okulary przeciws\u0142oneczne Wayfarer z kolorowymi zausznikami - r\u00f3\u017cowy pasek<\/h2>\n<p>Przezroczysta b\u0142yszcz\u0105ca oprawka, r\u00f3\u017cowe zauszniki i r\u00f3\u017cowy pasek u g\u00f3ry z przodu okular\u00f3w.<\/p>\n<p>Klasyczny model okular\u00f3w przeciws\u0142onecznych, kt\u00f3ry od momentu wprowadzenia na rynek jest ulubie\u0144cem wielu os\u00f3b.<br \/>\nBezpieczny wyb\u00f3r, kt\u00f3ry odpowiada ka\u017cdemu.<\/p>\n<p>Materia\u0142: tworzywo sztuczne;<br \/>\nOchrona UV400<br \/>\nCertyfikat CE<\/p>","protected":false},"excerpt":{"rendered":"<p><strong>Przezroczysta b\u0142yszcz\u0105ca oprawka, r\u00f3\u017cowe zauszniki i r\u00f3\u017cowy pasek u g\u00f3ry z przodu okular\u00f3w.<\/strong><\/p>\n<p>Pusta ramka<br \/>\nCertyfikat CE<br \/>\nOchrona UV400<\/p>","protected":false},"featured_media":9884,"comment_status":"open","ping_status":"closed","template":"","meta":{"om_disable_all_campaigns":false,"_monsterinsights_skip_tracking":false,"_monsterinsights_sitenote_active":false,"_monsterinsights_sitenote_note":"","_monsterinsights_sitenote_category":0},"product_brand":[],"product_cat":[1026,1029,1025,1037],"product_tag":[870,708,1007,769,876,525],"class_list":{"0":"post-9883","1":"product","2":"type-product","3":"status-publish","4":"has-post-thumbnail","6":"product_cat-dame-solbriller","7":"product_cat-herre-solbriller","8":"product_cat-billige-solbriller","9":"product_cat-wayfarer","10":"product_tag-p693","11":"product_tag-p869","12":"product_tag-p875","13":"product_tag-ph4131","14":"product_tag-stribe","15":"product_tag-transparent","17":"first","18":"instock","19":"shipping-taxable","20":"purchasable","21":"product-type-simple"},"yoast_head":"<!-- This site is optimized with the Yoast SEO plugin v27.2 - https:\/\/yoast.com\/product\/yoast-seo-wordpress\/ -->\n<title>Transparente Wayfarer Solbriller med farvede st\u00e6nger - Pink Stribe | K\u00f8b online her | LOCS<\/title>\n<meta name=\"description\" content=\"K\u00f8b Transparente Wayfarer Solbriller med farvede st\u00e6nger - Pink Stribe her | EU&#039;s st\u00f8rste udvalg af LOCS solbriller | Vi sender fra EU - Ingen ekstra import udgifter\" \/>\n<meta name=\"robots\" content=\"index, follow, max-snippet:-1, max-image-preview:large, max-video-preview:-1\" \/>\n<link rel=\"canonical\" href=\"https:\/\/locsshop.eu\/pl\/shop\/transparente-wayfarer-solbriller-med-farvede-staenger-pink-stribe\/\" \/>\n<meta property=\"og:locale\" content=\"pl_PL\" \/>\n<meta property=\"og:type\" content=\"article\" \/>\n<meta property=\"og:title\" content=\"Transparente Wayfarer Solbriller med farvede st\u00e6nger - Pink Stribe | K\u00f8b online her | LOCS\" \/>\n<meta property=\"og:description\" content=\"K\u00f8b Transparente Wayfarer Solbriller med farvede st\u00e6nger - Pink Stribe her | EU&#039;s st\u00f8rste udvalg af LOCS solbriller | Vi sender fra EU - Ingen ekstra import udgifter\" \/>\n<meta property=\"og:url\" content=\"https:\/\/locsshop.eu\/pl\/shop\/transparente-wayfarer-solbriller-med-farvede-staenger-pink-stribe\/\" \/>\n<meta property=\"og:site_name\" content=\"Locs Sunglasses - LOCS Supplier in EU\" \/>\n<meta property=\"article:modified_time\" content=\"2025-05-18T07:14:32+00:00\" \/>\n<meta property=\"og:image\" content=\"https:\/\/locsshop.eu\/wp-content\/uploads\/2023\/04\/P869-PK3.jpg\" \/>\n\t<meta property=\"og:image:width\" content=\"800\" \/>\n\t<meta property=\"og:image:height\" content=\"800\" \/>\n\t<meta property=\"og:image:type\" content=\"image\/jpeg\" \/>\n<meta name=\"twitter:card\" content=\"summary_large_image\" \/>\n<script type=\"application\/ld+json\" class=\"yoast-schema-graph\">{\"@context\":\"https:\/\/schema.org\",\"@graph\":[{\"@type\":\"WebPage\",\"@id\":\"https:\/\/locsshop.eu\/shop\/transparente-wayfarer-solbriller-med-farvede-staenger-pink-stribe\/\",\"url\":\"https:\/\/locsshop.eu\/shop\/transparente-wayfarer-solbriller-med-farvede-staenger-pink-stribe\/\",\"name\":\"Transparente Wayfarer Solbriller med farvede st\u00e6nger - Pink Stribe | K\u00f8b online her | LOCS\",\"isPartOf\":{\"@id\":\"https:\/\/locsshop.eu\/#website\"},\"primaryImageOfPage\":{\"@id\":\"https:\/\/locsshop.eu\/shop\/transparente-wayfarer-solbriller-med-farvede-staenger-pink-stribe\/#primaryimage\"},\"image\":{\"@id\":\"https:\/\/locsshop.eu\/shop\/transparente-wayfarer-solbriller-med-farvede-staenger-pink-stribe\/#primaryimage\"},\"thumbnailUrl\":\"https:\/\/locsshop.eu\/wp-content\/uploads\/2023\/04\/P869-PK3.jpg\",\"datePublished\":\"2023-04-29T21:31:06+00:00\",\"dateModified\":\"2025-05-18T07:14:32+00:00\",\"description\":\"K\u00f8b Transparente Wayfarer Solbriller med farvede st\u00e6nger - Pink Stribe her | EU's st\u00f8rste udvalg af LOCS solbriller | Vi sender fra EU - Ingen ekstra import udgifter\",\"breadcrumb\":{\"@id\":\"https:\/\/locsshop.eu\/shop\/transparente-wayfarer-solbriller-med-farvede-staenger-pink-stribe\/#breadcrumb\"},\"inLanguage\":\"pl-PL\",\"potentialAction\":[{\"@type\":\"ReadAction\",\"target\":[\"https:\/\/locsshop.eu\/shop\/transparente-wayfarer-solbriller-med-farvede-staenger-pink-stribe\/\"]}]},{\"@type\":\"ImageObject\",\"inLanguage\":\"pl-PL\",\"@id\":\"https:\/\/locsshop.eu\/shop\/transparente-wayfarer-solbriller-med-farvede-staenger-pink-stribe\/#primaryimage\",\"url\":\"https:\/\/locsshop.eu\/wp-content\/uploads\/2023\/04\/P869-PK3.jpg\",\"contentUrl\":\"https:\/\/locsshop.eu\/wp-content\/uploads\/2023\/04\/P869-PK3.jpg\",\"width\":800,\"height\":800},{\"@type\":\"BreadcrumbList\",\"@id\":\"https:\/\/locsshop.eu\/shop\/transparente-wayfarer-solbriller-med-farvede-staenger-pink-stribe\/#breadcrumb\",\"itemListElement\":[{\"@type\":\"ListItem\",\"position\":1,\"name\":\"Hjem\",\"item\":\"https:\/\/locsshop.eu\/\"},{\"@type\":\"ListItem\",\"position\":2,\"name\":\"Shop\",\"item\":\"https:\/\/locsshop.eu\/shop\/\"},{\"@type\":\"ListItem\",\"position\":3,\"name\":\"Transparente Wayfarer Solbriller med farvede st\u00e6nger &#8211; Pink Stribe\"}]},{\"@type\":\"WebSite\",\"@id\":\"https:\/\/locsshop.eu\/#website\",\"url\":\"https:\/\/locsshop.eu\/\",\"name\":\"Locs Sunglasses - LOCS Supplier in EU\",\"description\":\"We sell cheap LOCS Sunglasses\",\"publisher\":{\"@id\":\"https:\/\/locsshop.eu\/#organization\"},\"potentialAction\":[{\"@type\":\"SearchAction\",\"target\":{\"@type\":\"EntryPoint\",\"urlTemplate\":\"https:\/\/locsshop.eu\/?s={search_term_string}\"},\"query-input\":{\"@type\":\"PropertyValueSpecification\",\"valueRequired\":true,\"valueName\":\"search_term_string\"}}],\"inLanguage\":\"pl-PL\"},{\"@type\":\"Organization\",\"@id\":\"https:\/\/locsshop.eu\/#organization\",\"name\":\"Locsshop.eu\",\"url\":\"https:\/\/locsshop.eu\/\",\"logo\":{\"@type\":\"ImageObject\",\"inLanguage\":\"pl-PL\",\"@id\":\"https:\/\/locsshop.eu\/#\/schema\/logo\/image\/\",\"url\":\"https:\/\/locsshop.eu\/wp-content\/uploads\/2022\/02\/Locsshop-logo.png\",\"contentUrl\":\"https:\/\/locsshop.eu\/wp-content\/uploads\/2022\/02\/Locsshop-logo.png\",\"width\":930,\"height\":200,\"caption\":\"Locsshop.eu\"},\"image\":{\"@id\":\"https:\/\/locsshop.eu\/#\/schema\/logo\/image\/\"}}]}<\/script>\n<!-- \/ Yoast SEO plugin. -->","yoast_head_json":{"title":"Przezroczyste okulary przeciws\u0142oneczne Wayfarer z kolorowymi paskami - r\u00f3\u017cowy pasek | Kup online tutaj | MIEJSCE","description":"Kup przezroczyste okulary przeciws\u0142oneczne Wayfarer z kolorowymi zausznikami - r\u00f3\u017cowy pasek tutaj | Najwi\u0119kszy wyb\u00f3r okular\u00f3w przeciws\u0142onecznych LOCS w UE | Wysy\u0142amy z UE - Bez dodatkowych koszt\u00f3w importu","robots":{"index":"index","follow":"follow","max-snippet":"max-snippet:-1","max-image-preview":"max-image-preview:large","max-video-preview":"max-video-preview:-1"},"canonical":"https:\/\/locsshop.eu\/pl\/shop\/transparente-wayfarer-solbriller-med-farvede-staenger-pink-stribe\/","og_locale":"pl_PL","og_type":"article","og_title":"Transparente Wayfarer Solbriller med farvede st\u00e6nger - Pink Stribe | K\u00f8b online her | LOCS","og_description":"K\u00f8b Transparente Wayfarer Solbriller med farvede st\u00e6nger - Pink Stribe her | EU's st\u00f8rste udvalg af LOCS solbriller | Vi sender fra EU - Ingen ekstra import udgifter","og_url":"https:\/\/locsshop.eu\/pl\/shop\/transparente-wayfarer-solbriller-med-farvede-staenger-pink-stribe\/","og_site_name":"Locs Sunglasses - LOCS Supplier in EU","article_modified_time":"2025-05-18T07:14:32+00:00","og_image":[{"width":800,"height":800,"url":"https:\/\/locsshop.eu\/wp-content\/uploads\/2023\/04\/P869-PK3.jpg","type":"image\/jpeg"}],"twitter_card":"summary_large_image","schema":{"@context":"https:\/\/schema.org","@graph":[{"@type":"WebPage","@id":"https:\/\/locsshop.eu\/shop\/transparente-wayfarer-solbriller-med-farvede-staenger-pink-stribe\/","url":"https:\/\/locsshop.eu\/shop\/transparente-wayfarer-solbriller-med-farvede-staenger-pink-stribe\/","name":"Przezroczyste okulary przeciws\u0142oneczne Wayfarer z kolorowymi paskami - r\u00f3\u017cowy pasek | Kup online tutaj | MIEJSCE","isPartOf":{"@id":"https:\/\/locsshop.eu\/#website"},"primaryImageOfPage":{"@id":"https:\/\/locsshop.eu\/shop\/transparente-wayfarer-solbriller-med-farvede-staenger-pink-stribe\/#primaryimage"},"image":{"@id":"https:\/\/locsshop.eu\/shop\/transparente-wayfarer-solbriller-med-farvede-staenger-pink-stribe\/#primaryimage"},"thumbnailUrl":"https:\/\/locsshop.eu\/wp-content\/uploads\/2023\/04\/P869-PK3.jpg","datePublished":"2023-04-29T21:31:06+00:00","dateModified":"2025-05-18T07:14:32+00:00","description":"Kup przezroczyste okulary przeciws\u0142oneczne Wayfarer z kolorowymi zausznikami - r\u00f3\u017cowy pasek tutaj | Najwi\u0119kszy wyb\u00f3r okular\u00f3w przeciws\u0142onecznych LOCS w UE | Wysy\u0142amy z UE - Bez dodatkowych koszt\u00f3w importu","breadcrumb":{"@id":"https:\/\/locsshop.eu\/shop\/transparente-wayfarer-solbriller-med-farvede-staenger-pink-stribe\/#breadcrumb"},"inLanguage":"pl-PL","potentialAction":[{"@type":"ReadAction","target":["https:\/\/locsshop.eu\/shop\/transparente-wayfarer-solbriller-med-farvede-staenger-pink-stribe\/"]}]},{"@type":"ImageObject","inLanguage":"pl-PL","@id":"https:\/\/locsshop.eu\/shop\/transparente-wayfarer-solbriller-med-farvede-staenger-pink-stribe\/#primaryimage","url":"https:\/\/locsshop.eu\/wp-content\/uploads\/2023\/04\/P869-PK3.jpg","contentUrl":"https:\/\/locsshop.eu\/wp-content\/uploads\/2023\/04\/P869-PK3.jpg","width":800,"height":800},{"@type":"BreadcrumbList","@id":"https:\/\/locsshop.eu\/shop\/transparente-wayfarer-solbriller-med-farvede-staenger-pink-stribe\/#breadcrumb","itemListElement":[{"@type":"ListItem","position":1,"name":"Hjem","item":"https:\/\/locsshop.eu\/"},{"@type":"ListItem","position":2,"name":"Shop","item":"https:\/\/locsshop.eu\/shop\/"},{"@type":"ListItem","position":3,"name":"Transparente Wayfarer Solbriller med farvede st\u00e6nger &#8211; Pink Stribe"}]},{"@type":"WebSite","@id":"https:\/\/locsshop.eu\/#website","url":"https:\/\/locsshop.eu\/","name":"Okulary przeciws\u0142oneczne Locs - Dostawca LOCS w UE","description":"Sprzedajemy tanie okulary przeciws\u0142oneczne LOCS","publisher":{"@id":"https:\/\/locsshop.eu\/#organization"},"potentialAction":[{"@type":"SearchAction","target":{"@type":"EntryPoint","urlTemplate":"https:\/\/locsshop.eu\/?s={search_term_string}"},"query-input":{"@type":"PropertyValueSpecification","valueRequired":true,"valueName":"search_term_string"}}],"inLanguage":"pl-PL"},{"@type":"Organization","@id":"https:\/\/locsshop.eu\/#organization","name":"Locsshop.eu","url":"https:\/\/locsshop.eu\/","logo":{"@type":"ImageObject","inLanguage":"pl-PL","@id":"https:\/\/locsshop.eu\/#\/schema\/logo\/image\/","url":"https:\/\/locsshop.eu\/wp-content\/uploads\/2022\/02\/Locsshop-logo.png","contentUrl":"https:\/\/locsshop.eu\/wp-content\/uploads\/2022\/02\/Locsshop-logo.png","width":930,"height":200,"caption":"Locsshop.eu"},"image":{"@id":"https:\/\/locsshop.eu\/#\/schema\/logo\/image\/"}}]}},"_links":{"self":[{"href":"https:\/\/locsshop.eu\/pl\/wp-json\/wp\/v2\/product\/9883","targetHints":{"allow":["GET"]}}],"collection":[{"href":"https:\/\/locsshop.eu\/pl\/wp-json\/wp\/v2\/product"}],"about":[{"href":"https:\/\/locsshop.eu\/pl\/wp-json\/wp\/v2\/types\/product"}],"replies":[{"embeddable":true,"href":"https:\/\/locsshop.eu\/pl\/wp-json\/wp\/v2\/comments?post=9883"}],"wp:featuredmedia":[{"embeddable":true,"href":"https:\/\/locsshop.eu\/pl\/wp-json\/wp\/v2\/media\/9884"}],"wp:attachment":[{"href":"https:\/\/locsshop.eu\/pl\/wp-json\/wp\/v2\/media?parent=9883"}],"wp:term":[{"taxonomy":"product_brand","embeddable":true,"href":"https:\/\/locsshop.eu\/pl\/wp-json\/wp\/v2\/product_brand?post=9883"},{"taxonomy":"product_cat","embeddable":true,"href":"https:\/\/locsshop.eu\/pl\/wp-json\/wp\/v2\/product_cat?post=9883"},{"taxonomy":"product_tag","embeddable":true,"href":"https:\/\/locsshop.eu\/pl\/wp-json\/wp\/v2\/product_tag?post=9883"}],"curies":[{"name":"wp","href":"https:\/\/api.w.org\/{rel}","templated":true}]}}