{"id":9931,"date":"2023-04-30T15:23:24","date_gmt":"2023-04-30T13:23:24","guid":{"rendered":"https:\/\/locsshop.eu\/shop\/blaa-sport-champ-solbriller-spejlglas\/"},"modified":"2024-03-20T23:15:37","modified_gmt":"2024-03-20T22:15:37","slug":"blaa-sport-champ-solbriller-spejlglas","status":"publish","type":"product","link":"https:\/\/locsshop.eu\/pl\/shop\/blaa-sport-champ-solbriller-spejlglas\/","title":{"rendered":"Niebieskie okulary przeciws\u0142oneczne Sport Champ \u2013 szk\u0142o lustrzane"},"content":{"rendered":"<h2>Okulary przeciws\u0142oneczne Sport Champ \u2013 matowe niebieskie oprawki i lustrzane soczewki<\/h2>\n<p>Naprawd\u0119 fajne du\u017ce sportowe okulary przeciws\u0142oneczne w matowej czarnej oprawce.<\/p>\n<p>Pyszne i popularne okulary przeciws\u0142oneczne o sportowym wygl\u0105dzie. Super fajne na sp\u0142ywy kajakowe, bieganie, surfing, jazd\u0119 na rowerze, motocykl i wiele innych aktywno\u015bci sportowych.<br \/>\nTe pi\u0119kne okulary przeciws\u0142oneczne s\u0105 dobrze dopasowane, co oznacza, \u017ce dobrze siedz\u0105, gdy jeste\u015b aktywny fizycznie.<br \/>\nNa nosku znajduje si\u0119 gumowa ko\u0144c\u00f3wka, dzi\u0119ki czemu mocno trzymaj\u0105 si\u0119 na swoim miejscu.<\/p>\n<p>Idealny r\u00f3wnie\u017c do film\u00f3w tiktok lub Instagram.<\/p>\n<p>Szeroko\u015b\u0107 wewn\u0119trzna: 13,9 cm.<br \/>\nWysoko\u015b\u0107. 6,2 cm.<br \/>\nD\u0142ugo\u015b\u0107 wspornika okular\u00f3w: 14,4 cm.<\/p>\n<p>Materia\u0142: tworzywo sztuczne;<br \/>\nOchrona przed promieniowaniem UV<br \/>\nCertyfikat CE<\/p>","protected":false},"excerpt":{"rendered":"<p><strong>Niebieskie, matowe okulary przeciws\u0142oneczne Sport Champ<\/strong><br \/>\nFajne okulary przeciws\u0142oneczne dla \u015bwie\u017cego typu.<\/p>\n<p>Ochrona UV400.<br \/>\nCertyfikat CE.<\/p>","protected":false},"featured_media":9932,"comment_status":"open","ping_status":"closed","template":"","meta":{"om_disable_all_campaigns":false,"_monsterinsights_skip_tracking":false,"_monsterinsights_sitenote_active":false,"_monsterinsights_sitenote_note":"","_monsterinsights_sitenote_category":0},"product_brand":[],"product_cat":[1026,1029,1025,1046,1546],"product_tag":[1289,555,870,559],"class_list":{"0":"post-9931","1":"product","2":"type-product","3":"status-publish","4":"has-post-thumbnail","6":"product_cat-dame-solbriller","7":"product_cat-herre-solbriller","8":"product_cat-billige-solbriller","9":"product_cat-cykelbriller","10":"product_cat-hurtigbriller","11":"product_tag-23-217a","12":"product_tag-cykel","13":"product_tag-p693","14":"product_tag-sport","16":"first","17":"outofstock","18":"shipping-taxable","19":"purchasable","20":"product-type-simple"},"yoast_head":"<!-- This site is optimized with the Yoast SEO plugin v27.5 - https:\/\/yoast.com\/product\/yoast-seo-wordpress\/ -->\n<title>Bl\u00e5 Sport Champ solbriller - Spejlglas | K\u00f8b online her | LOCS<\/title>\n<meta name=\"description\" content=\"K\u00f8b Bl\u00e5 Sport Champ solbriller - Spejlglas her | EU&#039;s st\u00f8rste udvalg af LOCS solbriller | Vi sender fra EU - Ingen ekstra import udgifter\" \/>\n<meta name=\"robots\" content=\"index, follow, max-snippet:-1, max-image-preview:large, max-video-preview:-1\" \/>\n<link rel=\"canonical\" href=\"https:\/\/locsshop.eu\/pl\/shop\/blaa-sport-champ-solbriller-spejlglas\/\" \/>\n<meta property=\"og:locale\" content=\"pl_PL\" \/>\n<meta property=\"og:type\" content=\"article\" \/>\n<meta property=\"og:title\" content=\"Bl\u00e5 Sport Champ solbriller - Spejlglas | K\u00f8b online her | LOCS\" \/>\n<meta property=\"og:description\" content=\"K\u00f8b Bl\u00e5 Sport Champ solbriller - Spejlglas her | EU&#039;s st\u00f8rste udvalg af LOCS solbriller | Vi sender fra EU - Ingen ekstra import udgifter\" \/>\n<meta property=\"og:url\" content=\"https:\/\/locsshop.eu\/pl\/shop\/blaa-sport-champ-solbriller-spejlglas\/\" \/>\n<meta property=\"og:site_name\" content=\"Locs Sunglasses - LOCS Supplier in EU\" \/>\n<meta property=\"article:modified_time\" content=\"2024-03-20T22:15:37+00:00\" \/>\n<meta property=\"og:image\" content=\"https:\/\/locsshop.eu\/wp-content\/uploads\/2023\/04\/23-217A-BE.jpg\" \/>\n\t<meta property=\"og:image:width\" content=\"800\" \/>\n\t<meta property=\"og:image:height\" content=\"800\" \/>\n\t<meta property=\"og:image:type\" content=\"image\/jpeg\" \/>\n<meta name=\"twitter:card\" content=\"summary_large_image\" \/>\n<meta name=\"twitter:label1\" content=\"Est. reading time\" \/>\n\t<meta name=\"twitter:data1\" content=\"1 minute\" \/>\n<script type=\"application\/ld+json\" class=\"yoast-schema-graph\">{\"@context\":\"https:\\\/\\\/schema.org\",\"@graph\":[{\"@type\":\"WebPage\",\"@id\":\"https:\\\/\\\/locsshop.eu\\\/shop\\\/blaa-sport-champ-solbriller-spejlglas\\\/\",\"url\":\"https:\\\/\\\/locsshop.eu\\\/shop\\\/blaa-sport-champ-solbriller-spejlglas\\\/\",\"name\":\"Bl\u00e5 Sport Champ solbriller - Spejlglas | K\u00f8b online her | LOCS\",\"isPartOf\":{\"@id\":\"https:\\\/\\\/locsshop.eu\\\/#website\"},\"primaryImageOfPage\":{\"@id\":\"https:\\\/\\\/locsshop.eu\\\/shop\\\/blaa-sport-champ-solbriller-spejlglas\\\/#primaryimage\"},\"image\":{\"@id\":\"https:\\\/\\\/locsshop.eu\\\/shop\\\/blaa-sport-champ-solbriller-spejlglas\\\/#primaryimage\"},\"thumbnailUrl\":\"https:\\\/\\\/locsshop.eu\\\/wp-content\\\/uploads\\\/2023\\\/04\\\/23-217A-BE.jpg\",\"datePublished\":\"2023-04-30T13:23:24+00:00\",\"dateModified\":\"2024-03-20T22:15:37+00:00\",\"description\":\"K\u00f8b Bl\u00e5 Sport Champ solbriller - Spejlglas her | EU's st\u00f8rste udvalg af LOCS solbriller | Vi sender fra EU - Ingen ekstra import udgifter\",\"breadcrumb\":{\"@id\":\"https:\\\/\\\/locsshop.eu\\\/shop\\\/blaa-sport-champ-solbriller-spejlglas\\\/#breadcrumb\"},\"inLanguage\":\"pl-PL\",\"potentialAction\":[{\"@type\":\"ReadAction\",\"target\":[\"https:\\\/\\\/locsshop.eu\\\/shop\\\/blaa-sport-champ-solbriller-spejlglas\\\/\"]}]},{\"@type\":\"ImageObject\",\"inLanguage\":\"pl-PL\",\"@id\":\"https:\\\/\\\/locsshop.eu\\\/shop\\\/blaa-sport-champ-solbriller-spejlglas\\\/#primaryimage\",\"url\":\"https:\\\/\\\/locsshop.eu\\\/wp-content\\\/uploads\\\/2023\\\/04\\\/23-217A-BE.jpg\",\"contentUrl\":\"https:\\\/\\\/locsshop.eu\\\/wp-content\\\/uploads\\\/2023\\\/04\\\/23-217A-BE.jpg\",\"width\":800,\"height\":800},{\"@type\":\"BreadcrumbList\",\"@id\":\"https:\\\/\\\/locsshop.eu\\\/shop\\\/blaa-sport-champ-solbriller-spejlglas\\\/#breadcrumb\",\"itemListElement\":[{\"@type\":\"ListItem\",\"position\":1,\"name\":\"Hjem\",\"item\":\"https:\\\/\\\/locsshop.eu\\\/\"},{\"@type\":\"ListItem\",\"position\":2,\"name\":\"Shop\",\"item\":\"https:\\\/\\\/locsshop.eu\\\/shop\\\/\"},{\"@type\":\"ListItem\",\"position\":3,\"name\":\"Bl\u00e5 Sport Champ solbriller &#8211; Spejlglas\"}]},{\"@type\":\"WebSite\",\"@id\":\"https:\\\/\\\/locsshop.eu\\\/#website\",\"url\":\"https:\\\/\\\/locsshop.eu\\\/\",\"name\":\"Locs Sunglasses - LOCS Supplier in EU\",\"description\":\"We sell cheap LOCS Sunglasses\",\"publisher\":{\"@id\":\"https:\\\/\\\/locsshop.eu\\\/#organization\"},\"potentialAction\":[{\"@type\":\"SearchAction\",\"target\":{\"@type\":\"EntryPoint\",\"urlTemplate\":\"https:\\\/\\\/locsshop.eu\\\/?s={search_term_string}\"},\"query-input\":{\"@type\":\"PropertyValueSpecification\",\"valueRequired\":true,\"valueName\":\"search_term_string\"}}],\"inLanguage\":\"pl-PL\"},{\"@type\":\"Organization\",\"@id\":\"https:\\\/\\\/locsshop.eu\\\/#organization\",\"name\":\"Locsshop.eu\",\"url\":\"https:\\\/\\\/locsshop.eu\\\/\",\"logo\":{\"@type\":\"ImageObject\",\"inLanguage\":\"pl-PL\",\"@id\":\"https:\\\/\\\/locsshop.eu\\\/#\\\/schema\\\/logo\\\/image\\\/\",\"url\":\"https:\\\/\\\/locsshop.eu\\\/wp-content\\\/uploads\\\/2022\\\/02\\\/Locsshop-logo.png\",\"contentUrl\":\"https:\\\/\\\/locsshop.eu\\\/wp-content\\\/uploads\\\/2022\\\/02\\\/Locsshop-logo.png\",\"width\":930,\"height\":200,\"caption\":\"Locsshop.eu\"},\"image\":{\"@id\":\"https:\\\/\\\/locsshop.eu\\\/#\\\/schema\\\/logo\\\/image\\\/\"}}]}<\/script>\n<!-- \/ Yoast SEO plugin. -->","yoast_head_json":{"title":"Niebieskie okulary przeciws\u0142oneczne Sport Champ - szk\u0142o lustrzane | Kup online tutaj | MIEJSCE","description":"Kup okulary przeciws\u0142oneczne Blue Sport Champ - Mirror tutaj | Najwi\u0119kszy wyb\u00f3r okular\u00f3w przeciws\u0142onecznych LOCS w UE | Wysy\u0142amy z UE - Bez dodatkowych koszt\u00f3w importu","robots":{"index":"index","follow":"follow","max-snippet":"max-snippet:-1","max-image-preview":"max-image-preview:large","max-video-preview":"max-video-preview:-1"},"canonical":"https:\/\/locsshop.eu\/pl\/shop\/blaa-sport-champ-solbriller-spejlglas\/","og_locale":"pl_PL","og_type":"article","og_title":"Bl\u00e5 Sport Champ solbriller - Spejlglas | K\u00f8b online her | LOCS","og_description":"K\u00f8b Bl\u00e5 Sport Champ solbriller - Spejlglas her | EU's st\u00f8rste udvalg af LOCS solbriller | Vi sender fra EU - Ingen ekstra import udgifter","og_url":"https:\/\/locsshop.eu\/pl\/shop\/blaa-sport-champ-solbriller-spejlglas\/","og_site_name":"Locs Sunglasses - LOCS Supplier in EU","article_modified_time":"2024-03-20T22:15:37+00:00","og_image":[{"width":800,"height":800,"url":"https:\/\/locsshop.eu\/wp-content\/uploads\/2023\/04\/23-217A-BE.jpg","type":"image\/jpeg"}],"twitter_card":"summary_large_image","twitter_misc":{"Est. reading time":"1 minute"},"schema":{"@context":"https:\/\/schema.org","@graph":[{"@type":"WebPage","@id":"https:\/\/locsshop.eu\/shop\/blaa-sport-champ-solbriller-spejlglas\/","url":"https:\/\/locsshop.eu\/shop\/blaa-sport-champ-solbriller-spejlglas\/","name":"Niebieskie okulary przeciws\u0142oneczne Sport Champ - szk\u0142o lustrzane | Kup online tutaj | MIEJSCE","isPartOf":{"@id":"https:\/\/locsshop.eu\/#website"},"primaryImageOfPage":{"@id":"https:\/\/locsshop.eu\/shop\/blaa-sport-champ-solbriller-spejlglas\/#primaryimage"},"image":{"@id":"https:\/\/locsshop.eu\/shop\/blaa-sport-champ-solbriller-spejlglas\/#primaryimage"},"thumbnailUrl":"https:\/\/locsshop.eu\/wp-content\/uploads\/2023\/04\/23-217A-BE.jpg","datePublished":"2023-04-30T13:23:24+00:00","dateModified":"2024-03-20T22:15:37+00:00","description":"Kup okulary przeciws\u0142oneczne Blue Sport Champ - Mirror tutaj | Najwi\u0119kszy wyb\u00f3r okular\u00f3w przeciws\u0142onecznych LOCS w UE | Wysy\u0142amy z UE - Bez dodatkowych koszt\u00f3w importu","breadcrumb":{"@id":"https:\/\/locsshop.eu\/shop\/blaa-sport-champ-solbriller-spejlglas\/#breadcrumb"},"inLanguage":"pl-PL","potentialAction":[{"@type":"ReadAction","target":["https:\/\/locsshop.eu\/shop\/blaa-sport-champ-solbriller-spejlglas\/"]}]},{"@type":"ImageObject","inLanguage":"pl-PL","@id":"https:\/\/locsshop.eu\/shop\/blaa-sport-champ-solbriller-spejlglas\/#primaryimage","url":"https:\/\/locsshop.eu\/wp-content\/uploads\/2023\/04\/23-217A-BE.jpg","contentUrl":"https:\/\/locsshop.eu\/wp-content\/uploads\/2023\/04\/23-217A-BE.jpg","width":800,"height":800},{"@type":"BreadcrumbList","@id":"https:\/\/locsshop.eu\/shop\/blaa-sport-champ-solbriller-spejlglas\/#breadcrumb","itemListElement":[{"@type":"ListItem","position":1,"name":"Hjem","item":"https:\/\/locsshop.eu\/"},{"@type":"ListItem","position":2,"name":"Shop","item":"https:\/\/locsshop.eu\/shop\/"},{"@type":"ListItem","position":3,"name":"Bl\u00e5 Sport Champ solbriller &#8211; Spejlglas"}]},{"@type":"WebSite","@id":"https:\/\/locsshop.eu\/#website","url":"https:\/\/locsshop.eu\/","name":"Okulary przeciws\u0142oneczne Locs - Dostawca LOCS w UE","description":"Sprzedajemy tanie okulary przeciws\u0142oneczne LOCS","publisher":{"@id":"https:\/\/locsshop.eu\/#organization"},"potentialAction":[{"@type":"SearchAction","target":{"@type":"EntryPoint","urlTemplate":"https:\/\/locsshop.eu\/?s={search_term_string}"},"query-input":{"@type":"PropertyValueSpecification","valueRequired":true,"valueName":"search_term_string"}}],"inLanguage":"pl-PL"},{"@type":"Organization","@id":"https:\/\/locsshop.eu\/#organization","name":"Locsshop.eu","url":"https:\/\/locsshop.eu\/","logo":{"@type":"ImageObject","inLanguage":"pl-PL","@id":"https:\/\/locsshop.eu\/#\/schema\/logo\/image\/","url":"https:\/\/locsshop.eu\/wp-content\/uploads\/2022\/02\/Locsshop-logo.png","contentUrl":"https:\/\/locsshop.eu\/wp-content\/uploads\/2022\/02\/Locsshop-logo.png","width":930,"height":200,"caption":"Locsshop.eu"},"image":{"@id":"https:\/\/locsshop.eu\/#\/schema\/logo\/image\/"}}]}},"_links":{"self":[{"href":"https:\/\/locsshop.eu\/pl\/wp-json\/wp\/v2\/product\/9931","targetHints":{"allow":["GET"]}}],"collection":[{"href":"https:\/\/locsshop.eu\/pl\/wp-json\/wp\/v2\/product"}],"about":[{"href":"https:\/\/locsshop.eu\/pl\/wp-json\/wp\/v2\/types\/product"}],"replies":[{"embeddable":true,"href":"https:\/\/locsshop.eu\/pl\/wp-json\/wp\/v2\/comments?post=9931"}],"wp:featuredmedia":[{"embeddable":true,"href":"https:\/\/locsshop.eu\/pl\/wp-json\/wp\/v2\/media\/9932"}],"wp:attachment":[{"href":"https:\/\/locsshop.eu\/pl\/wp-json\/wp\/v2\/media?parent=9931"}],"wp:term":[{"taxonomy":"product_brand","embeddable":true,"href":"https:\/\/locsshop.eu\/pl\/wp-json\/wp\/v2\/product_brand?post=9931"},{"taxonomy":"product_cat","embeddable":true,"href":"https:\/\/locsshop.eu\/pl\/wp-json\/wp\/v2\/product_cat?post=9931"},{"taxonomy":"product_tag","embeddable":true,"href":"https:\/\/locsshop.eu\/pl\/wp-json\/wp\/v2\/product_tag?post=9931"}],"curies":[{"name":"wp","href":"https:\/\/api.w.org\/{rel}","templated":true}]}}