{"id":9970,"date":"2023-05-01T11:29:10","date_gmt":"2023-05-01T09:29:10","guid":{"rendered":"https:\/\/locsshop.eu\/shop\/brune-fit-over-solbriller-med-diamanter-brune-glas\/"},"modified":"2025-06-05T01:07:59","modified_gmt":"2025-06-04T23:07:59","slug":"brune-fit-over-solbriller-med-diamanter-brune-glas","status":"publish","type":"product","link":"https:\/\/locsshop.eu\/pl\/shop\/brune-fit-over-solbriller-med-diamanter-brune-glas\/","title":{"rendered":"Br\u0105zowe okulary przeciws\u0142oneczne Fit-Over z &quot;diamentami&quot; - Br\u0105zowe soczewki"},"content":{"rendered":"<h2>Br\u0105zowe okulary przeciws\u0142oneczne Fit-Over, kt\u00f3re mo\u017cesz nosi\u0107 poza normalnymi stylizacjami. okulary<\/h2>\n<p>Je\u015bli nosisz okulary i chcesz okulary przeciws\u0142oneczne, kt\u00f3re mo\u017cesz za\u0142o\u017cy\u0107 opr\u00f3cz okular\u00f3w, musisz kupi\u0107 par\u0119 dopasowanych okular\u00f3w przeciws\u0142onecznych.<br \/>\nMaj\u0105 wygodne br\u0105zowe soczewki i rowki do wentylacji, dzi\u0119ki czemu okulary nie paruj\u0105.<br \/>\nNa ko\u0144cach kijk\u00f3w znajduje si\u0119 przyjemna gumowa pow\u0142oka, dzi\u0119ki czemu lepiej le\u017c\u0105 i s\u0105 bardziej mi\u0119kkie w noszeniu.<br \/>\nJednocze\u015bnie znajduj\u0105 si\u0119 w nim r\u00f3wnie\u017c otwory, dzi\u0119ki kt\u00f3rym mo\u017cna przymocowa\u0107 sznurek, oczywi\u015bcie mo\u017cesz te\u017c po prostu kupi\u0107 nasze inteligentne sznurki do okular\u00f3w.<\/p>\n<p><strong>Okulary Fit over s\u0105 zaprojektowane tak, aby mo\u017cna je by\u0142o nosi\u0107 na normalnych okularach.<br \/>\nSkorzystaj z poni\u017cszych wymiar\u00f3w i sprawd\u017a, czy pasuj\u0105 do Twoich okular\u00f3w<\/strong><\/p>\n<p>Szeroko\u015b\u0107 wewn\u0119trzna: 13,7 cm.<br \/>\nWysoko\u015b\u0107 wewn\u0119trzna: 4,3 cm.<br \/>\nD\u0142ugo\u015b\u0107 pr\u0119ta: 15,5 cm.<\/p>\n<p>Rama materia\u0142owa: plastik;<br \/>\nOchrona UV400<\/p>\n<h3><strong>Okulary s\u0105 polaryzacyjne<br \/>\n<img loading=\"lazy\" decoding=\"async\" class=\"alignnone size-full wp-image-11712\" src=\"https:\/\/bazarsalg.dk\/wp-content\/uploads\/polarized-logo.jpg\" alt=\"\" width=\"200\" height=\"108\" \/><br \/>\n<\/strong><\/h3>\n<p><em>Spolaryzowane okulary przeciws\u0142oneczne to popularny rodzaj okular\u00f3w przeciws\u0142onecznych zaprojektowanych w celu zmniejszenia odblask\u00f3w od powierzchni odbijaj\u0105cych \u015bwiat\u0142o, takich jak woda, \u015bnieg lub nawierzchnie drogowe. Osi\u0105ga si\u0119 to za pomoc\u0105 folii polaryzacyjnej, kt\u00f3ra blokuje fale \u015bwietlne poruszaj\u0105ce si\u0119 po okre\u015blonej osi. Zmniejsza to odbicia i zapewnia wyra\u017aniejszy i bardziej szczeg\u00f3\u0142owy obraz, zw\u0142aszcza w jasnym \u015bwietle s\u0142onecznym. Je\u015bli sp\u0119dzasz du\u017co czasu na \u015bwie\u017cym powietrzu, zw\u0142aszcza w pobli\u017cu wody lub podczas aktywno\u015bci, takich jak jazda na nartach lub jazda na rowerze, dobrym pomys\u0142em jest wyb\u00f3r okular\u00f3w przeciws\u0142onecznych z polaryzacj\u0105.<\/em><\/p>","protected":false},"excerpt":{"rendered":"<ul>\n<li>Noszone na zewn\u0105trz przez genera\u0142a. okulary<\/li>\n<li>B\u0142yszcz\u0105ca powierzchnia<\/li>\n<li>Rowki wentylacyjne<\/li>\n<li>Test dekoracji<\/li>\n<li>Gumowa pow\u0142oka na ko\u0144cach pr\u0119t\u00f3w<\/li>\n<li>Soczewki polaryzacyjne dla optymalnej widoczno\u015bci<\/li>\n<\/ul>","protected":false},"featured_media":9972,"comment_status":"open","ping_status":"closed","template":"","meta":{"om_disable_all_campaigns":false,"_monsterinsights_skip_tracking":false,"_monsterinsights_sitenote_active":false,"_monsterinsights_sitenote_note":"","_monsterinsights_sitenote_category":0},"product_brand":[],"product_cat":[1026,1029,1025,1032],"product_tag":[445,1297,1298,447,870],"class_list":{"0":"post-9970","1":"product","2":"type-product","3":"status-publish","4":"has-post-thumbnail","6":"product_cat-dame-solbriller","7":"product_cat-herre-solbriller","8":"product_cat-billige-solbriller","9":"product_cat-fit-over-solbriller","10":"product_tag-fit","11":"product_tag-fit-over","12":"product_tag-k2011","13":"product_tag-over","14":"product_tag-p693","16":"first","17":"instock","18":"shipping-taxable","19":"purchasable","20":"product-type-simple"},"yoast_head":"<!-- This site is optimized with the Yoast SEO plugin v27.5 - https:\/\/yoast.com\/product\/yoast-seo-wordpress\/ -->\n<title>Brune Fit-Over Solbriller med &quot;diamanter&quot; - Brune glas | K\u00f8b online her | LOCS<\/title>\n<meta name=\"description\" content=\"K\u00f8b Brune Fit-Over Solbriller med &quot;diamanter&quot; - Brune glas her | EU&#039;s st\u00f8rste udvalg af LOCS solbriller | Vi sender fra EU - Ingen ekstra import udgifter\" \/>\n<meta name=\"robots\" content=\"index, follow, max-snippet:-1, max-image-preview:large, max-video-preview:-1\" \/>\n<link rel=\"canonical\" href=\"https:\/\/locsshop.eu\/pl\/shop\/brune-fit-over-solbriller-med-diamanter-brune-glas\/\" \/>\n<meta property=\"og:locale\" content=\"pl_PL\" \/>\n<meta property=\"og:type\" content=\"article\" \/>\n<meta property=\"og:title\" content=\"Brune Fit-Over Solbriller med &quot;diamanter&quot; - Brune glas | K\u00f8b online her | LOCS\" \/>\n<meta property=\"og:description\" content=\"K\u00f8b Brune Fit-Over Solbriller med &quot;diamanter&quot; - Brune glas her | EU&#039;s st\u00f8rste udvalg af LOCS solbriller | Vi sender fra EU - Ingen ekstra import udgifter\" \/>\n<meta property=\"og:url\" content=\"https:\/\/locsshop.eu\/pl\/shop\/brune-fit-over-solbriller-med-diamanter-brune-glas\/\" \/>\n<meta property=\"og:site_name\" content=\"Locs Sunglasses - LOCS Supplier in EU\" \/>\n<meta property=\"article:modified_time\" content=\"2025-06-04T23:07:59+00:00\" \/>\n<meta property=\"og:image\" content=\"https:\/\/locsshop.eu\/wp-content\/uploads\/2023\/05\/2011BN-polarized.jpg\" \/>\n\t<meta property=\"og:image:width\" content=\"800\" \/>\n\t<meta property=\"og:image:height\" content=\"800\" \/>\n\t<meta property=\"og:image:type\" content=\"image\/jpeg\" \/>\n<meta name=\"twitter:card\" content=\"summary_large_image\" \/>\n<meta name=\"twitter:label1\" content=\"Est. reading time\" \/>\n\t<meta name=\"twitter:data1\" content=\"1 minute\" \/>\n<script type=\"application\/ld+json\" class=\"yoast-schema-graph\">{\"@context\":\"https:\\\/\\\/schema.org\",\"@graph\":[{\"@type\":\"WebPage\",\"@id\":\"https:\\\/\\\/locsshop.eu\\\/shop\\\/brune-fit-over-solbriller-med-diamanter-brune-glas\\\/\",\"url\":\"https:\\\/\\\/locsshop.eu\\\/shop\\\/brune-fit-over-solbriller-med-diamanter-brune-glas\\\/\",\"name\":\"Brune Fit-Over Solbriller med \\\"diamanter\\\" - Brune glas | K\u00f8b online her | LOCS\",\"isPartOf\":{\"@id\":\"https:\\\/\\\/locsshop.eu\\\/#website\"},\"primaryImageOfPage\":{\"@id\":\"https:\\\/\\\/locsshop.eu\\\/shop\\\/brune-fit-over-solbriller-med-diamanter-brune-glas\\\/#primaryimage\"},\"image\":{\"@id\":\"https:\\\/\\\/locsshop.eu\\\/shop\\\/brune-fit-over-solbriller-med-diamanter-brune-glas\\\/#primaryimage\"},\"thumbnailUrl\":\"https:\\\/\\\/locsshop.eu\\\/wp-content\\\/uploads\\\/2023\\\/05\\\/2011BN-polarized.jpg\",\"datePublished\":\"2023-05-01T09:29:10+00:00\",\"dateModified\":\"2025-06-04T23:07:59+00:00\",\"description\":\"K\u00f8b Brune Fit-Over Solbriller med \\\"diamanter\\\" - Brune glas her | EU's st\u00f8rste udvalg af LOCS solbriller | Vi sender fra EU - Ingen ekstra import udgifter\",\"breadcrumb\":{\"@id\":\"https:\\\/\\\/locsshop.eu\\\/shop\\\/brune-fit-over-solbriller-med-diamanter-brune-glas\\\/#breadcrumb\"},\"inLanguage\":\"pl-PL\",\"potentialAction\":[{\"@type\":\"ReadAction\",\"target\":[\"https:\\\/\\\/locsshop.eu\\\/shop\\\/brune-fit-over-solbriller-med-diamanter-brune-glas\\\/\"]}]},{\"@type\":\"ImageObject\",\"inLanguage\":\"pl-PL\",\"@id\":\"https:\\\/\\\/locsshop.eu\\\/shop\\\/brune-fit-over-solbriller-med-diamanter-brune-glas\\\/#primaryimage\",\"url\":\"https:\\\/\\\/locsshop.eu\\\/wp-content\\\/uploads\\\/2023\\\/05\\\/2011BN-polarized.jpg\",\"contentUrl\":\"https:\\\/\\\/locsshop.eu\\\/wp-content\\\/uploads\\\/2023\\\/05\\\/2011BN-polarized.jpg\",\"width\":800,\"height\":800},{\"@type\":\"BreadcrumbList\",\"@id\":\"https:\\\/\\\/locsshop.eu\\\/shop\\\/brune-fit-over-solbriller-med-diamanter-brune-glas\\\/#breadcrumb\",\"itemListElement\":[{\"@type\":\"ListItem\",\"position\":1,\"name\":\"Hjem\",\"item\":\"https:\\\/\\\/locsshop.eu\\\/\"},{\"@type\":\"ListItem\",\"position\":2,\"name\":\"Shop\",\"item\":\"https:\\\/\\\/locsshop.eu\\\/shop\\\/\"},{\"@type\":\"ListItem\",\"position\":3,\"name\":\"Brune Fit-Over Solbriller med &#8220;diamanter&#8221; &#8211; Brune glas\"}]},{\"@type\":\"WebSite\",\"@id\":\"https:\\\/\\\/locsshop.eu\\\/#website\",\"url\":\"https:\\\/\\\/locsshop.eu\\\/\",\"name\":\"Locs Sunglasses - LOCS Supplier in EU\",\"description\":\"We sell cheap LOCS Sunglasses\",\"publisher\":{\"@id\":\"https:\\\/\\\/locsshop.eu\\\/#organization\"},\"potentialAction\":[{\"@type\":\"SearchAction\",\"target\":{\"@type\":\"EntryPoint\",\"urlTemplate\":\"https:\\\/\\\/locsshop.eu\\\/?s={search_term_string}\"},\"query-input\":{\"@type\":\"PropertyValueSpecification\",\"valueRequired\":true,\"valueName\":\"search_term_string\"}}],\"inLanguage\":\"pl-PL\"},{\"@type\":\"Organization\",\"@id\":\"https:\\\/\\\/locsshop.eu\\\/#organization\",\"name\":\"Locsshop.eu\",\"url\":\"https:\\\/\\\/locsshop.eu\\\/\",\"logo\":{\"@type\":\"ImageObject\",\"inLanguage\":\"pl-PL\",\"@id\":\"https:\\\/\\\/locsshop.eu\\\/#\\\/schema\\\/logo\\\/image\\\/\",\"url\":\"https:\\\/\\\/locsshop.eu\\\/wp-content\\\/uploads\\\/2022\\\/02\\\/Locsshop-logo.png\",\"contentUrl\":\"https:\\\/\\\/locsshop.eu\\\/wp-content\\\/uploads\\\/2022\\\/02\\\/Locsshop-logo.png\",\"width\":930,\"height\":200,\"caption\":\"Locsshop.eu\"},\"image\":{\"@id\":\"https:\\\/\\\/locsshop.eu\\\/#\\\/schema\\\/logo\\\/image\\\/\"}}]}<\/script>\n<!-- \/ Yoast SEO plugin. -->","yoast_head_json":{"title":"Br\u0105zowe okulary przeciws\u0142oneczne Fit-Over z &quot;diamentami&quot; - Br\u0105zowe soczewki | Kup online tutaj | MIEJSCE","description":"Kup br\u0105zowe okulary przeciws\u0142oneczne Fit-Over z \u201ediamentami\u201d - br\u0105zowe soczewki tutaj | Najwi\u0119kszy wyb\u00f3r okular\u00f3w przeciws\u0142onecznych LOCS w UE | Wysy\u0142amy z UE - Bez dodatkowych koszt\u00f3w importu","robots":{"index":"index","follow":"follow","max-snippet":"max-snippet:-1","max-image-preview":"max-image-preview:large","max-video-preview":"max-video-preview:-1"},"canonical":"https:\/\/locsshop.eu\/pl\/shop\/brune-fit-over-solbriller-med-diamanter-brune-glas\/","og_locale":"pl_PL","og_type":"article","og_title":"Brune Fit-Over Solbriller med \"diamanter\" - Brune glas | K\u00f8b online her | LOCS","og_description":"K\u00f8b Brune Fit-Over Solbriller med \"diamanter\" - Brune glas her | EU's st\u00f8rste udvalg af LOCS solbriller | Vi sender fra EU - Ingen ekstra import udgifter","og_url":"https:\/\/locsshop.eu\/pl\/shop\/brune-fit-over-solbriller-med-diamanter-brune-glas\/","og_site_name":"Locs Sunglasses - LOCS Supplier in EU","article_modified_time":"2025-06-04T23:07:59+00:00","og_image":[{"width":800,"height":800,"url":"https:\/\/locsshop.eu\/wp-content\/uploads\/2023\/05\/2011BN-polarized.jpg","type":"image\/jpeg"}],"twitter_card":"summary_large_image","twitter_misc":{"Est. reading time":"1 minute"},"schema":{"@context":"https:\/\/schema.org","@graph":[{"@type":"WebPage","@id":"https:\/\/locsshop.eu\/shop\/brune-fit-over-solbriller-med-diamanter-brune-glas\/","url":"https:\/\/locsshop.eu\/shop\/brune-fit-over-solbriller-med-diamanter-brune-glas\/","name":"Br\u0105zowe okulary przeciws\u0142oneczne Fit-Over z &quot;diamentami&quot; - Br\u0105zowe soczewki | Kup online tutaj | MIEJSCE","isPartOf":{"@id":"https:\/\/locsshop.eu\/#website"},"primaryImageOfPage":{"@id":"https:\/\/locsshop.eu\/shop\/brune-fit-over-solbriller-med-diamanter-brune-glas\/#primaryimage"},"image":{"@id":"https:\/\/locsshop.eu\/shop\/brune-fit-over-solbriller-med-diamanter-brune-glas\/#primaryimage"},"thumbnailUrl":"https:\/\/locsshop.eu\/wp-content\/uploads\/2023\/05\/2011BN-polarized.jpg","datePublished":"2023-05-01T09:29:10+00:00","dateModified":"2025-06-04T23:07:59+00:00","description":"Kup br\u0105zowe okulary przeciws\u0142oneczne Fit-Over z \u201ediamentami\u201d - br\u0105zowe soczewki tutaj | Najwi\u0119kszy wyb\u00f3r okular\u00f3w przeciws\u0142onecznych LOCS w UE | Wysy\u0142amy z UE - Bez dodatkowych koszt\u00f3w importu","breadcrumb":{"@id":"https:\/\/locsshop.eu\/shop\/brune-fit-over-solbriller-med-diamanter-brune-glas\/#breadcrumb"},"inLanguage":"pl-PL","potentialAction":[{"@type":"ReadAction","target":["https:\/\/locsshop.eu\/shop\/brune-fit-over-solbriller-med-diamanter-brune-glas\/"]}]},{"@type":"ImageObject","inLanguage":"pl-PL","@id":"https:\/\/locsshop.eu\/shop\/brune-fit-over-solbriller-med-diamanter-brune-glas\/#primaryimage","url":"https:\/\/locsshop.eu\/wp-content\/uploads\/2023\/05\/2011BN-polarized.jpg","contentUrl":"https:\/\/locsshop.eu\/wp-content\/uploads\/2023\/05\/2011BN-polarized.jpg","width":800,"height":800},{"@type":"BreadcrumbList","@id":"https:\/\/locsshop.eu\/shop\/brune-fit-over-solbriller-med-diamanter-brune-glas\/#breadcrumb","itemListElement":[{"@type":"ListItem","position":1,"name":"Hjem","item":"https:\/\/locsshop.eu\/"},{"@type":"ListItem","position":2,"name":"Shop","item":"https:\/\/locsshop.eu\/shop\/"},{"@type":"ListItem","position":3,"name":"Brune Fit-Over Solbriller med &#8220;diamanter&#8221; &#8211; Brune glas"}]},{"@type":"WebSite","@id":"https:\/\/locsshop.eu\/#website","url":"https:\/\/locsshop.eu\/","name":"Okulary przeciws\u0142oneczne Locs - Dostawca LOCS w UE","description":"Sprzedajemy tanie okulary przeciws\u0142oneczne LOCS","publisher":{"@id":"https:\/\/locsshop.eu\/#organization"},"potentialAction":[{"@type":"SearchAction","target":{"@type":"EntryPoint","urlTemplate":"https:\/\/locsshop.eu\/?s={search_term_string}"},"query-input":{"@type":"PropertyValueSpecification","valueRequired":true,"valueName":"search_term_string"}}],"inLanguage":"pl-PL"},{"@type":"Organization","@id":"https:\/\/locsshop.eu\/#organization","name":"Locsshop.eu","url":"https:\/\/locsshop.eu\/","logo":{"@type":"ImageObject","inLanguage":"pl-PL","@id":"https:\/\/locsshop.eu\/#\/schema\/logo\/image\/","url":"https:\/\/locsshop.eu\/wp-content\/uploads\/2022\/02\/Locsshop-logo.png","contentUrl":"https:\/\/locsshop.eu\/wp-content\/uploads\/2022\/02\/Locsshop-logo.png","width":930,"height":200,"caption":"Locsshop.eu"},"image":{"@id":"https:\/\/locsshop.eu\/#\/schema\/logo\/image\/"}}]}},"_links":{"self":[{"href":"https:\/\/locsshop.eu\/pl\/wp-json\/wp\/v2\/product\/9970","targetHints":{"allow":["GET"]}}],"collection":[{"href":"https:\/\/locsshop.eu\/pl\/wp-json\/wp\/v2\/product"}],"about":[{"href":"https:\/\/locsshop.eu\/pl\/wp-json\/wp\/v2\/types\/product"}],"replies":[{"embeddable":true,"href":"https:\/\/locsshop.eu\/pl\/wp-json\/wp\/v2\/comments?post=9970"}],"wp:featuredmedia":[{"embeddable":true,"href":"https:\/\/locsshop.eu\/pl\/wp-json\/wp\/v2\/media\/9972"}],"wp:attachment":[{"href":"https:\/\/locsshop.eu\/pl\/wp-json\/wp\/v2\/media?parent=9970"}],"wp:term":[{"taxonomy":"product_brand","embeddable":true,"href":"https:\/\/locsshop.eu\/pl\/wp-json\/wp\/v2\/product_brand?post=9970"},{"taxonomy":"product_cat","embeddable":true,"href":"https:\/\/locsshop.eu\/pl\/wp-json\/wp\/v2\/product_cat?post=9970"},{"taxonomy":"product_tag","embeddable":true,"href":"https:\/\/locsshop.eu\/pl\/wp-json\/wp\/v2\/product_tag?post=9970"}],"curies":[{"name":"wp","href":"https:\/\/api.w.org\/{rel}","templated":true}]}}